{"id":30336,"date":"2023-01-18T14:30:57","date_gmt":"2023-01-18T13:30:57","guid":{"rendered":"https:\/\/fortezzabellinzona.ch\/partner-und-sponsoren\/"},"modified":"2025-04-02T13:40:30","modified_gmt":"2025-04-02T11:40:30","slug":"partner-und-sponsoren","status":"publish","type":"page","link":"https:\/\/fortezzabellinzona.ch\/de\/partner-und-sponsoren\/","title":{"rendered":"Partner und Sponsoren"},"content":{"rendered":"<div class=\"wpb-content-wrapper\"><p>[vc_row anchor=&#8220;partner&#8220;][vc_column]<div class=\"dfd-spacer-module\"  data-units=\"px\" data-wide_resolution=\"1280\" data-wide_size=\"100\" data-normal_resolution=\"1024\" data-normal_size=\"100\" data-tablet_resolution=\"800\" data-tablet_size=\"100\" data-mobile_resolution=\"480\" data-mobile_size=\"100\" style=\"height: 100px;\"><\/div>[\/vc_column][\/vc_row][vc_row css=&#8220;.vc_custom_1674034470999{padding-right: 25px !important;padding-left: 25px !important;}&#8220;][vc_column width=&#8220;1\/6&#8243;][\/vc_column][vc_column width=&#8220;2\/3&#8243;]<div class=\"dfd-heading-shortcode\"><div class=\"dfd-heading-module-wrap  text-left style_01 dfd-heading-69d3d1aaa5308 dfd-disable-resposive-headings\" id=\"dfd-heading-69d3d1aaa5308\" ><div class=\"inline-block\"><div class=\"dfd-heading-module\"><h1 class=\"widget-title dfd-title \" style=\"\">Partner und Sponsoren<\/h1><\/div><\/div><\/div><script type=\"text\/javascript\">\r\n\t\t\t\t\t\t\t\t\t(function($) {\r\n\t\t\t\t\t\t\t\t\t\t$(\"head\").append(\"<style>.dfd-heading-69d3d1aaa5308.dfd-heading-module-wrap .dfd-heading-module .dfd-heading-delimiter {margin-top:10px;margin-bottom:10px;}@media (max-width: 799px){.dfd-heading-69d3d1aaa5308 .dfd-title{font-size: 32px !important;letter-spacing: 0px !important;line-height: 38px !important;}}<\/style>\");\r\n\t\t\t\t\t\t\t\t\t})(jQuery);\r\n\t\t\t\t\t\t\t\t<\/script><\/div>[vc_column_text css=&#8220;.vc_custom_1683551720634{padding-top: 15px !important;padding-bottom: 30px !important;}&#8220;]Die Festung von Bellinzona wird von der Stadt Bellinzona f\u00fcr die Republik und den Kanton Tessin als Eigent\u00fcmer mit folgender Unterst\u00fctzung verwaltet:[\/vc_column_text][\/vc_column][vc_column width=&#8220;1\/6&#8243;][\/vc_column][\/vc_row][vc_row][vc_column][dfd_masonry_container layout_style=&#8220;fitRows&#8220; columns_number_wide=&#8220;4&#8243; columns_number_medium=&#8220;4&#8243; columns_number_small=&#8220;3&#8243; columns_number_mobile=&#8220;2&#8243; title_font_options=&#8220;tag:h5&#8243;][dfd_masonry_item][vc_row_inner css=&#8220;.vc_custom_1674055518848{padding-top: 25px !important;padding-right: 25px !important;padding-bottom: 25px !important;padding-left: 25px !important;}&#8220;][vc_column_inner col_inner_shadow=&#8220;box_shadow_enable:enable|shadow_horizontal:0|shadow_vertical:0|shadow_blur:10|shadow_spread:0|box_shadow_color:rgba(145%2C145%2C145%2C0.35)&#8220; col_inner_shadow_hover=&#8220;box_shadow_enable:enable|shadow_horizontal:0|shadow_vertical:0|shadow_blur:10|shadow_spread:0|box_shadow_color:rgba(145%2C145%2C145%2C0.35)&#8220;][vc_single_image image=&#8220;30038&#8243; img_size=&#8220;full&#8220;][\/vc_column_inner][\/vc_row_inner][\/dfd_masonry_item][dfd_masonry_item][vc_row_inner css=&#8220;.vc_custom_1674055518848{padding-top: 25px !important;padding-right: 25px !important;padding-bottom: 25px !important;padding-left: 25px !important;}&#8220;][vc_column_inner col_inner_shadow=&#8220;box_shadow_enable:enable|shadow_horizontal:0|shadow_vertical:0|shadow_blur:10|shadow_spread:0|box_shadow_color:rgba(145%2C145%2C145%2C0.35)&#8220; col_inner_shadow_hover=&#8220;box_shadow_enable:enable|shadow_horizontal:0|shadow_vertical:0|shadow_blur:10|shadow_spread:0|box_shadow_color:rgba(145%2C145%2C145%2C0.35)&#8220;][vc_single_image image=&#8220;30035&#8243; img_size=&#8220;full&#8220;][\/vc_column_inner][\/vc_row_inner][\/dfd_masonry_item][\/dfd_masonry_container][\/vc_column][\/vc_row][vc_row anchor=&#8220;partner&#8220;][vc_column]<div class=\"dfd-spacer-module\"  data-units=\"px\" data-wide_resolution=\"1280\" data-wide_size=\"100\" data-normal_resolution=\"1024\" data-normal_size=\"100\" data-tablet_resolution=\"800\" data-tablet_size=\"100\" data-mobile_resolution=\"480\" data-mobile_size=\"100\" style=\"height: 100px;\"><\/div>[\/vc_column][\/vc_row][vc_row css=&#8220;.vc_custom_1674034470999{padding-right: 25px !important;padding-left: 25px !important;}&#8220;][vc_column width=&#8220;1\/6&#8243;][\/vc_column][vc_column width=&#8220;2\/3&#8243;]<div class=\"dfd-heading-shortcode\"><div class=\"dfd-heading-module-wrap  text-left style_01 dfd-heading-69d3d1aaa53de dfd-disable-resposive-headings\" id=\"dfd-heading-69d3d1aaa53de\" ><div class=\"inline-block\"><div class=\"dfd-heading-module\"><h1 class=\"widget-title dfd-title \" style=\"\">Mitglied von<\/h1><\/div><\/div><\/div><script type=\"text\/javascript\">\r\n\t\t\t\t\t\t\t\t\t(function($) {\r\n\t\t\t\t\t\t\t\t\t\t$(\"head\").append(\"<style>.dfd-heading-69d3d1aaa53de .dfd-heading-module .widget-title {margin-top:15px;margin-bottom:15px;}.dfd-heading-69d3d1aaa53de.dfd-heading-module-wrap .dfd-heading-module .dfd-heading-delimiter {margin-top:10px;margin-bottom:10px;}@media (max-width: 799px){.dfd-heading-69d3d1aaa53de .dfd-title{font-size: 32px !important;letter-spacing: 0px !important;line-height: 38px !important;}}<\/style>\");\r\n\t\t\t\t\t\t\t\t\t})(jQuery);\r\n\t\t\t\t\t\t\t\t<\/script><\/div>[\/vc_column][vc_column width=&#8220;1\/6&#8243;][\/vc_column][\/vc_row][vc_row][vc_column][dfd_masonry_container layout_style=&#8220;fitRows&#8220; columns_number_wide=&#8220;4&#8243; columns_number_medium=&#8220;4&#8243; columns_number_small=&#8220;3&#8243; columns_number_mobile=&#8220;2&#8243; title_font_options=&#8220;tag:h5&#8243;][dfd_masonry_item][vc_row_inner css=&#8220;.vc_custom_1674055518848{padding-top: 25px !important;padding-right: 25px !important;padding-bottom: 25px !important;padding-left: 25px !important;}&#8220;][vc_column_inner col_inner_shadow=&#8220;box_shadow_enable:enable|shadow_horizontal:0|shadow_vertical:0|shadow_blur:10|shadow_spread:0|box_shadow_color:rgba(145%2C145%2C145%2C0.35)&#8220; col_inner_shadow_hover=&#8220;box_shadow_enable:enable|shadow_horizontal:0|shadow_vertical:0|shadow_blur:10|shadow_spread:0|box_shadow_color:rgba(145%2C145%2C145%2C0.35)&#8220;][vc_single_image image=&#8220;31284&#8243; img_size=&#8220;full&#8220; img_link_target=&#8220;_blank&#8220; onclick=&#8220;custom_link&#8220; link=&#8220;https:\/\/www.myswitzerland.com\/de-ch\/planung\/ueber-die-schweiz\/nachhaltigkeit\/&#8220;][\/vc_column_inner][\/vc_row_inner][\/dfd_masonry_item][dfd_masonry_item][vc_row_inner css=&#8220;.vc_custom_1674055518848{padding-top: 25px !important;padding-right: 25px !important;padding-bottom: 25px !important;padding-left: 25px !important;}&#8220;][vc_column_inner col_inner_shadow=&#8220;box_shadow_enable:enable|shadow_horizontal:0|shadow_vertical:0|shadow_blur:10|shadow_spread:0|box_shadow_color:rgba(145%2C145%2C145%2C0.35)&#8220; col_inner_shadow_hover=&#8220;box_shadow_enable:enable|shadow_horizontal:0|shadow_vertical:0|shadow_blur:10|shadow_spread:0|box_shadow_color:rgba(145%2C145%2C145%2C0.35)&#8220;][vc_single_image image=&#8220;34066&#8243; img_size=&#8220;full&#8220; img_link_target=&#8220;_blank&#8220; onclick=&#8220;custom_link&#8220; link=&#8220;https:\/\/www.agculturel.ch\/it&#8220;][\/vc_column_inner][\/vc_row_inner][\/dfd_masonry_item][\/dfd_masonry_container][\/vc_column][\/vc_row][vc_row][vc_column]<div class=\"dfd-spacer-module\"  data-units=\"px\" data-wide_resolution=\"1280\" data-wide_size=\"200\" data-normal_resolution=\"1024\" data-normal_size=\"150\" data-tablet_resolution=\"800\" data-tablet_size=\"150\" data-mobile_resolution=\"480\" data-mobile_size=\"100\" style=\"height: 200px;\"><\/div>[\/vc_column][\/vc_row]<\/p>\n<\/div>","protected":false},"excerpt":{"rendered":"<p>[vc_row anchor=&#8220;partner&#8220;][vc_column][\/vc_column][\/vc_row][vc_row css=&#8220;.vc_custom_1674034470999{padding-right: 25px !important;padding-left: 25px !important;}&#8220;][vc_column width=&#8220;1\/6&#8243;][\/vc_column][vc_column width=&#8220;2\/3&#8243;][vc_column_text css=&#8220;.vc_custom_1683551720634{padding-top: 15px !important;padding-bottom: 30px !important;}&#8220;]Die Festung von Bellinzona wird von der Stadt Bellinzona f\u00fcr die Republik und den Kanton Tessin als<\/p>\n","protected":false},"author":1,"featured_media":0,"parent":0,"menu_order":0,"comment_status":"closed","ping_status":"closed","template":"page-custom.php","meta":{"inline_featured_image":false,"footnotes":""},"class_list":["post-30336","page","type-page","status-publish","hentry"],"aioseo_notices":[],"_links":{"self":[{"href":"https:\/\/fortezzabellinzona.ch\/de\/wp-json\/wp\/v2\/pages\/30336","targetHints":{"allow":["GET"]}}],"collection":[{"href":"https:\/\/fortezzabellinzona.ch\/de\/wp-json\/wp\/v2\/pages"}],"about":[{"href":"https:\/\/fortezzabellinzona.ch\/de\/wp-json\/wp\/v2\/types\/page"}],"author":[{"embeddable":true,"href":"https:\/\/fortezzabellinzona.ch\/de\/wp-json\/wp\/v2\/users\/1"}],"replies":[{"embeddable":true,"href":"https:\/\/fortezzabellinzona.ch\/de\/wp-json\/wp\/v2\/comments?post=30336"}],"version-history":[{"count":12,"href":"https:\/\/fortezzabellinzona.ch\/de\/wp-json\/wp\/v2\/pages\/30336\/revisions"}],"predecessor-version":[{"id":34103,"href":"https:\/\/fortezzabellinzona.ch\/de\/wp-json\/wp\/v2\/pages\/30336\/revisions\/34103"}],"wp:attachment":[{"href":"https:\/\/fortezzabellinzona.ch\/de\/wp-json\/wp\/v2\/media?parent=30336"}],"curies":[{"name":"wp","href":"https:\/\/api.w.org\/{rel}","templated":true}]}}