{"id":30342,"date":"2023-01-18T10:12:34","date_gmt":"2023-01-18T09:12:34","guid":{"rendered":"https:\/\/fortezzabellinzona.ch\/auf-entdeckungsreise\/"},"modified":"2023-04-04T13:23:56","modified_gmt":"2023-04-04T11:23:56","slug":"auf-entdeckungsreise","status":"publish","type":"page","link":"https:\/\/fortezzabellinzona.ch\/de\/auf-entdeckungsreise\/","title":{"rendered":"Auf Entdeckungsreise"},"content":{"rendered":"<div class=\"wpb-content-wrapper\"><p>[vc_row][vc_column]<\/p>\n\n\t\t\t<!-- START SCOPRIRE REVOLUTION SLIDER 6.7.40 --><p class=\"rs-p-wp-fix\"><\/p>\n\t\t\t<rs-module-wrap id=\"rev_slider_8_1_wrapper\" data-source=\"gallery\" style=\"visibility:hidden;background:transparent;padding:0;margin:0px auto;margin-top:0;margin-bottom:0;\">\n\t\t\t\t<rs-module id=\"rev_slider_8_1\" style=\"\" data-version=\"6.7.40\">\n\t\t\t\t\t<rs-slides style=\"overflow: hidden; position: absolute;\">\n\t\t\t\t\t\t<rs-slide style=\"position: absolute;\" data-key=\"rs-20\" data-title=\"Slide\" data-in=\"o:0;\" data-out=\"a:false;\">\n\t\t\t\t\t\t\t<img decoding=\"async\" src=\"\/\/fortezzabellinzona.ch\/wp-content\/plugins\/revslider\/sr6\/assets\/assets\/dummy.png\" alt=\"Slide\" title=\"Auf Entdeckungsreise\" class=\"rev-slidebg tp-rs-img rs-lazyload\" data-lazyload=\"\/\/fortezzabellinzona.ch\/wp-content\/plugins\/revslider\/sr6\/assets\/assets\/transparent.png\" data-bg=\"c:#a71916;\" data-no-retina>\n<!--\n\t\t\t\t\t\t\t--><rs-layer\n\t\t\t\t\t\t\t\tid=\"slider-8-slide-20-layer-0\" \n\t\t\t\t\t\t\t\tdata-type=\"image\"\n\t\t\t\t\t\t\t\tdata-rsp_ch=\"on\"\n\t\t\t\t\t\t\t\tdata-xy=\"xo:-537px,-443px,-420px,-524px;yo:-145px,-119px,-107px,-152px;\"\n\t\t\t\t\t\t\t\tdata-text=\"w:normal;s:20,16,12,7;l:0,20,15,9;\"\n\t\t\t\t\t\t\t\tdata-dim=\"w:1141px,942px,870px,815px;h:472px,389px,360px,337px;\"\n\t\t\t\t\t\t\t\tdata-basealign=\"slide\"\n\t\t\t\t\t\t\t\tdata-blendmode=\"multiply\"\n\t\t\t\t\t\t\t\tdata-frame_999=\"o:0;st:w;\"\n\t\t\t\t\t\t\t\tstyle=\"z-index:6;\"\n\t\t\t\t\t\t\t><img decoding=\"async\" src=\"\/\/fortezzabellinzona.ch\/wp-content\/plugins\/revslider\/sr6\/assets\/assets\/dummy.png\" alt=\"\" class=\"tp-rs-img rs-lazyload\" width=\"0\" height=\"0\" data-lazyload=\"\/\/fortezzabellinzona.ch\/wp-content\/uploads\/2022\/12\/fortezza_bellinzona_castello_stilizzato2.svg\" data-no-retina> \n\t\t\t\t\t\t\t<\/rs-layer><!--\n\n\t\t\t\t\t\t\t--><rs-layer\n\t\t\t\t\t\t\t\tid=\"slider-8-slide-20-layer-1\" \n\t\t\t\t\t\t\t\tdata-type=\"image\"\n\t\t\t\t\t\t\t\tdata-rsp_ch=\"on\"\n\t\t\t\t\t\t\t\tdata-xy=\"x:r;xo:-95px,-78px,-42px,-62px;y:b;yo:-251px,-207px,-183px,-194px;\"\n\t\t\t\t\t\t\t\tdata-text=\"w:normal;s:20,16,12,7;l:0,20,15,9;\"\n\t\t\t\t\t\t\t\tdata-dim=\"w:833px,687px,595px,539px;h:665px,549px,475px,430px;\"\n\t\t\t\t\t\t\t\tdata-basealign=\"slide\"\n\t\t\t\t\t\t\t\tdata-blendmode=\"multiply\"\n\t\t\t\t\t\t\t\tdata-frame_999=\"o:0;st:w;\"\n\t\t\t\t\t\t\t\tstyle=\"z-index:7;\"\n\t\t\t\t\t\t\t><img decoding=\"async\" src=\"\/\/fortezzabellinzona.ch\/wp-content\/plugins\/revslider\/sr6\/assets\/assets\/dummy.png\" alt=\"\" class=\"tp-rs-img rs-lazyload\" width=\"0\" height=\"0\" data-lazyload=\"\/\/fortezzabellinzona.ch\/wp-content\/uploads\/2022\/12\/fortezza_bellinzona_castello_stilizzato1.svg\" data-no-retina> \n\t\t\t\t\t\t\t<\/rs-layer><!--\n\n\t\t\t\t\t\t\t--><rs-layer\n\t\t\t\t\t\t\t\tid=\"slider-8-slide-20-layer-2\" \n\t\t\t\t\t\t\t\tclass=\"ambit\"\n\t\t\t\t\t\t\t\tdata-type=\"text\"\n\t\t\t\t\t\t\t\tdata-rsp_ch=\"on\"\n\t\t\t\t\t\t\t\tdata-xy=\"xo:50px,25px,25px,25px;y:m;yo:-30px,-25px,-50px,-50px;\"\n\t\t\t\t\t\t\t\tdata-text=\"w:normal;s:60,50,50,45;l:70,60,60,55;\"\n\t\t\t\t\t\t\t\tdata-frame_999=\"o:0;st:w;\"\n\t\t\t\t\t\t\t\tstyle=\"z-index:8;font-family:'Roboto';\"\n\t\t\t\t\t\t\t>Auf Entdeckungsreise \n\t\t\t\t\t\t\t<\/rs-layer><!--\n\n\t\t\t\t\t\t\t--><a\n\t\t\t\t\t\t\t\tid=\"slider-8-slide-20-layer-3\" \n\t\t\t\t\t\t\t\tclass=\"rs-layer ambit\"\n\t\t\t\t\t\t\t\thref=\"#storia\" target=\"_self\"\n\t\t\t\t\t\t\t\tdata-type=\"text\"\n\t\t\t\t\t\t\t\tdata-rsp_ch=\"on\"\n\t\t\t\t\t\t\t\tdata-xy=\"xo:50px,25px,25px,25px;y:m;yo:50px,45px,30px,20px;\"\n\t\t\t\t\t\t\t\tdata-text=\"w:normal;s:17;ls:1px,0px,0px,0px;\"\n\t\t\t\t\t\t\t\tdata-border=\"bos:solid;boc:#ffffff;bow:0,0,1px,0;\"\n\t\t\t\t\t\t\t\tdata-frame_999=\"o:0;st:w;\"\n\t\t\t\t\t\t\t\tstyle=\"z-index:13;font-family:'Roboto';text-transform:uppercase;\"\n\t\t\t\t\t\t\t>Geschichte und Geschichten der Festung  \n\t\t\t\t\t\t\t<\/a><!--\n\n\t\t\t\t\t\t\t--><a\n\t\t\t\t\t\t\t\tid=\"slider-8-slide-20-layer-4\" \n\t\t\t\t\t\t\t\tclass=\"rs-layer ambit\"\n\t\t\t\t\t\t\t\thref=\"#patrimonio\" target=\"_self\"\n\t\t\t\t\t\t\t\tdata-type=\"text\"\n\t\t\t\t\t\t\t\tdata-rsp_ch=\"on\"\n\t\t\t\t\t\t\t\tdata-xy=\"xo:505px,440px,440px,25px;y:m;yo:50px,45px,30px,60px;\"\n\t\t\t\t\t\t\t\tdata-text=\"w:normal;s:17;ls:1px,0px,0px,0px;\"\n\t\t\t\t\t\t\t\tdata-border=\"bos:solid;boc:#ffffff;bow:0,0,1px,0;\"\n\t\t\t\t\t\t\t\tdata-frame_999=\"o:0;st:w;\"\n\t\t\t\t\t\t\t\tstyle=\"z-index:12;font-family:'Roboto';text-transform:uppercase;\"\n\t\t\t\t\t\t\t>UNESCO-Welterbe  \n\t\t\t\t\t\t\t<\/a><!--\n-->\t\t\t\t\t<\/rs-slide>\n\t\t\t\t\t<\/rs-slides>\n\t\t\t\t<\/rs-module>\n\t\t\t\t<script>\n\t\t\t\t\tsetREVStartSize({c: 'rev_slider_8_1',rl:[1240,1024,778,480],el:[500,450,500,450],gw:[1240,1024,778,480],gh:[500,450,500,450],type:'hero',justify:'',layout:'fullwidth',mh:\"0\"});if (window.RS_MODULES!==undefined && window.RS_MODULES.modules!==undefined && window.RS_MODULES.modules[\"revslider81\"]!==undefined) {window.RS_MODULES.modules[\"revslider81\"].once = false;window.revapi8 = undefined;if (window.RS_MODULES.checkMinimal!==undefined) window.RS_MODULES.checkMinimal()}\n\t\t\t\t<\/script>\n\t\t\t<\/rs-module-wrap>\n\t\t\t<!-- END REVOLUTION SLIDER -->\n\n<p>[\/vc_column][\/vc_row][vc_row anchor=&#8220;storia&#8220;][vc_column]<\/p>\n<div class=\"dfd-spacer-module\"  data-units=\"px\" data-wide_resolution=\"1280\" data-wide_size=\"200\" data-normal_resolution=\"1024\" data-normal_size=\"150\" data-tablet_resolution=\"800\" data-tablet_size=\"150\" data-mobile_resolution=\"480\" data-mobile_size=\"100\" style=\"height: 200px;\"><\/div>\n<p>[\/vc_column][\/vc_row][vc_row css=&#8220;.vc_custom_1674034470999{padding-right: 25px !important;padding-left: 25px !important;}&#8220;][vc_column]<div class=\"dfd-heading-shortcode\"><div class=\"dfd-heading-module-wrap  text-center style_01 dfd-heading-69de2570ab90a dfd-disable-resposive-headings\" id=\"dfd-heading-69de2570ab90a\" ><div class=\"inline-block\"><div class=\"dfd-heading-module\"><h1 class=\"widget-title dfd-title \" style=\"\"><\/p>\n<p>Geschichte und Geschichten der Festung<\/p>\n<p><\/h1><\/div><\/div><\/div><script type=\"text\/javascript\">\r\n\t\t\t\t\t\t\t\t\t(function($) {\r\n\t\t\t\t\t\t\t\t\t\t$(\"head\").append(\"<style>.dfd-heading-69de2570ab90a .dfd-heading-module .widget-title {margin-bottom:25px;}.dfd-heading-69de2570ab90a.dfd-heading-module-wrap .dfd-heading-module .dfd-heading-delimiter {margin-top:10px;margin-bottom:10px;}@media (max-width: 799px){.dfd-heading-69de2570ab90a .dfd-title{font-size: 32px !important;letter-spacing: 0px !important;line-height: 38px !important;}}<\/style>\");\r\n\t\t\t\t\t\t\t\t\t})(jQuery);\r\n\t\t\t\t\t\t\t\t<\/script><\/div>[\/vc_column][\/vc_row][vc_row dfd_row_config=&#8220;full_width_content&#8220; dfd_row_responsive_enable=&#8220;dfd-row-responsive-enable&#8220; css=&#8220;.vc_custom_1674039542357{padding-right: 75px !important;padding-left: 75px !important;}&#8220; responsive_styles=&#8220;padding_left_desktop:25|padding_right_desktop:25|padding_left_tablet:25|padding_right_tablet:25|padding_left_mobile:25|padding_right_mobile:25&#8243;][vc_column col_shadow=&#8220;box_shadow_enable:disable|shadow_horizontal:0|shadow_vertical:15|shadow_blur:50|shadow_spread:0|box_shadow_color:rgba(0%2C0%2C0%2C.35)&#8220; col_shadow_hover=&#8220;box_shadow_enable:disable|shadow_horizontal:0|shadow_vertical:15|shadow_blur:50|shadow_spread:0|box_shadow_color:rgba(0%2C0%2C0%2C.35)&#8220;][dfd_masonry_container layout_style=&#8220;fitRows&#8220; columns_number_normal=&#8220;3&#8243; title_font_options=&#8220;tag:h5&#8243;][dfd_masonry_item]<div class=\"dfd-info-banner style-10  delimiter-hidden  text-center\" ><div class=\"image-wrap\"><div class=\"image-cover \"><img loading=\"lazy\" decoding=\"async\" src=\"https:\/\/fortezzabellinzona.ch\/wp-content\/uploads\/2022\/12\/fortezza_bellinzona_visitare1-900x600.jpg\" alt=\"Fortezza Bellinzona\"  width=\"900\" height=\"600\" class=\"info-banner-image \" \/><\/div><div class=\"overlay\" ><\/div><div class=\"title-wrap\"><h2 class=\"info-box-title \" style=\"font-weight:bold; \">Festung von Bellinzona<\/h2><\/div><\/div><div class=\"content-wrap\"><\/div><a href=\"https:\/\/fortezzabellinzona.ch\/de\/entdecken-sie-la-fortezza\/\"  class=\"full-box-link\"><\/a><\/div>[\/dfd_masonry_item][dfd_masonry_item]<div class=\"dfd-info-banner style-10  delimiter-hidden  text-center\" ><div class=\"image-wrap\"><div class=\"image-cover \"><img loading=\"lazy\" decoding=\"async\" src=\"https:\/\/fortezzabellinzona.ch\/wp-content\/uploads\/2022\/10\/fortezza_bellinzona_castel_grande_mobile-900x600.jpg\" alt=\"Fortezza Bellinzona\"  width=\"900\" height=\"600\" class=\"info-banner-image \" \/><\/div><div class=\"overlay\" ><\/div><div class=\"title-wrap\"><h2 class=\"info-box-title \" style=\"font-weight:bold; \">Castel Grande<\/h2><\/div><\/div><div class=\"content-wrap\"><\/div><a href=\"https:\/\/fortezzabellinzona.ch\/de\/entdecken-sie-castel-grande\/\"  class=\"full-box-link\"><\/a><\/div>[\/dfd_masonry_item][dfd_masonry_item]<div class=\"dfd-info-banner style-10  delimiter-hidden  text-center\" ><div class=\"image-wrap\"><div class=\"image-cover \"><img loading=\"lazy\" decoding=\"async\" src=\"https:\/\/fortezzabellinzona.ch\/wp-content\/uploads\/2022\/10\/fortezza_bellinzona_montebello_mobile-900x600.jpg\" alt=\"Fortezza Bellinzona\"  width=\"900\" height=\"600\" class=\"info-banner-image \" \/><\/div><div class=\"overlay\" ><\/div><div class=\"title-wrap\"><h2 class=\"info-box-title \" style=\"font-weight:bold; \">Montebello<\/h2><\/div><\/div><div class=\"content-wrap\"><\/div><a href=\"https:\/\/fortezzabellinzona.ch\/de\/entdecken-sie-montebello\/\"  class=\"full-box-link\"><\/a><\/div>[\/dfd_masonry_item][dfd_masonry_item]<div class=\"dfd-info-banner style-10  delimiter-hidden  text-center\" ><div class=\"image-wrap\"><div class=\"image-cover \"><img loading=\"lazy\" decoding=\"async\" src=\"https:\/\/fortezzabellinzona.ch\/wp-content\/uploads\/2022\/10\/fortezza_bellinzona_sasso_corbaro_mobile-900x600.jpg\" alt=\"Fortezza Bellinzona\"  width=\"900\" height=\"600\" class=\"info-banner-image \" \/><\/div><div class=\"overlay\" ><\/div><div class=\"title-wrap\"><h2 class=\"info-box-title \" style=\"font-weight:bold; \">Sasso Corbaro<\/h2><\/div><\/div><div class=\"content-wrap\"><\/div><a href=\"https:\/\/fortezzabellinzona.ch\/de\/entdecken-sie-sasso-corbaro\/\"  class=\"full-box-link\"><\/a><\/div>[\/dfd_masonry_item][dfd_masonry_item]<div class=\"dfd-info-banner style-10  delimiter-hidden  text-center\" ><div class=\"image-wrap\"><div class=\"image-cover \"><img loading=\"lazy\" decoding=\"async\" src=\"https:\/\/fortezzabellinzona.ch\/wp-content\/uploads\/2022\/10\/fortezza_bellinzona_murata_mobile_new-900x600.jpg\" alt=\"Fortezza Bellinzona\"  width=\"900\" height=\"600\" class=\"info-banner-image \" \/><\/div><div class=\"overlay\" ><\/div><div class=\"title-wrap\"><h2 class=\"info-box-title \" style=\"font-weight:bold; \">Wehrmauer<\/h2><\/div><\/div><div class=\"content-wrap\"><\/div><a href=\"https:\/\/fortezzabellinzona.ch\/de\/entdecken-sie-la-murata\/\"  class=\"full-box-link\"><\/a><\/div>[\/dfd_masonry_item][\/dfd_masonry_container][\/vc_column][\/vc_row][vc_row anchor=&#8220;patrimonio&#8220;][vc_column]<\/p>\n<div class=\"dfd-spacer-module\"  data-units=\"px\" data-wide_resolution=\"1280\" data-wide_size=\"200\" data-normal_resolution=\"1024\" data-normal_size=\"150\" data-tablet_resolution=\"800\" data-tablet_size=\"150\" data-mobile_resolution=\"480\" data-mobile_size=\"100\" style=\"height: 200px;\"><\/div>\n<p>[\/vc_column][\/vc_row][vc_row css=&#8220;.vc_custom_1674047795541{padding-right: 25px !important;padding-left: 25px !important;}&#8220;][vc_column]<div class=\"dfd-heading-shortcode\"><div class=\"dfd-heading-module-wrap  text-left style_01 dfd-heading-69de2570ac7a3 dfd-disable-resposive-headings\" id=\"dfd-heading-69de2570ac7a3\" ><div class=\"inline-block\"><div class=\"dfd-heading-module\"><h1 class=\"widget-title dfd-title \" style=\"\"><\/p>\n<p>Die Festung:<br \/>UNESCO-Welterbe<\/p>\n<p><\/h1><\/div><\/div><\/div><script type=\"text\/javascript\">\r\n\t\t\t\t\t\t\t\t\t(function($) {\r\n\t\t\t\t\t\t\t\t\t\t$(\"head\").append(\"<style>.dfd-heading-69de2570ac7a3 .dfd-heading-module .widget-title {margin-bottom:25px;}.dfd-heading-69de2570ac7a3.dfd-heading-module-wrap .dfd-heading-module .dfd-heading-delimiter {margin-top:10px;margin-bottom:10px;}@media (max-width: 799px){.dfd-heading-69de2570ac7a3 .dfd-title{font-size: 32px !important;letter-spacing: 0px !important;line-height: 38px !important;}}<\/style>\");\r\n\t\t\t\t\t\t\t\t\t})(jQuery);\r\n\t\t\t\t\t\t\t\t<\/script><\/div>[\/vc_column][\/vc_row][vc_row css=&#8220;.vc_custom_1674047806735{padding-right: 25px !important;padding-left: 25px !important;}&#8220;][vc_column][dfd_tta_tour style=&#8220;style-5&#8243; tour_title_uppercase=&#8220;uppercase&#8220; font_size=&#8220;17&#8243; tab_text_color=&#8220;#000000&#8243; tab_hover_text_color=&#8220;#a71916&#8243; tab_active_color_text=&#8220;#a71916&#8243; underline=&#8220;&#8220; tab_background=&#8220;#ffffff&#8220; tab_hover_background=&#8220;#ffffff&#8220; active_tab_background=&#8220;#ffffff&#8220; border_color_radius=&#8220;#000000&#8243; border_color_active=&#8220;#a71916&#8243; border_radius=&#8220;0&#8243; active_section=&#8220;1&#8243; spacing=&#8220;25&#8243; icon_color=&#8220;#000000&#8243; icon_size=&#8220;25&#8243; color_content_area=&#8220;#ffffff&#8220; gap=&#8220;25&#8243; show_separator_line=&#8220;&#8220; tour_title_font_options=&#8220;font_family:AmbitRegular|line_height:25|letter_spacing:2&#8243;][vc_tta_section title=&#8220;Der aussergew\u00f6hnliche universelle Wert der Festung&#8220; tab_id=&#8220;1674047334465-23ff4ba6-0d6a&#8220;][vc_column_text css=&#8220;.vc_custom_1674047828697{padding-bottom: 50px !important;}&#8220;]<\/p>\n<p>Bestimmte Kultur- und Naturg\u00fcter sind von aussergew\u00f6hnlichem universellem Wert, weshalb sie f\u00fcr die ganze Menschheit unter Schutz gestellt werden. Aus diesem Grund wurden diese G\u00fcter in die Liste des UNESCO-Welterbes aufgenommen.<\/p>\n<p><\/p>\n<p>Die Festung Bellinzona samt den drei Burgen Castel Grande, Montebello und Sasso Corbaro sowie der Wehrmauer und der Stadtmauer ist eines der wichtigsten historischen und architektonischen Erbe der Schweiz. Ihr einzigartiger und aussergew\u00f6hnlicher Wert wurde mit der Aufnahme in die Liste des UNESCO-Welterbes im Jahr 2000 anerkannt:<\/p>\n<p><\/p>\n<p><em>Das im Kanton Tessin in der italienischsprachigen Schweiz s\u00fcdlich der Alpen gelegene Ensemble an Befestigungsanlagen in Bellinzona ist das einzige erhaltene Beispiel mittelalterlicher Milit\u00e4rarchitektur im gesamten Alpenbogen, das aus mehreren Burgen besteht. Diese sind durch eine ehemals als Talsperre dienende Wehrmauer verbunden sowie mit einer Stadtmauer, welche die Stadt umgibt und der Zivilbev\u00f6lkerung Schutz bot. <\/em><br \/><em>Bellinzona stellt somit einen einzigartigen Fall unter den grossartigen Befestigungsanlagen des 15. Jahrhunderts dar, sowohl hinsichtlich der architektonischen Dimensionen, die durch den Standort und die Topografie bedingt sind, als auch des ausgezeichneten Erhaltungszustands des Ensembles. Die Gr\u00fcndung von Bellinzona h\u00e4ngt mit der strategischen Lage des Orts zusammen, der \u00fcber das Ticino-Tal den Zugang zu den wichtigsten Alpenp\u00e4ssen kontrollierte, die den Durchgang aus dem Herzogtum Mailand \u2013 das heisst aus ganz Norditalien \u2013 zu den weiter n\u00f6rdlich gelegenen Regionen bis zur Donau und dar\u00fcber hinaus bildeten. Das Ensemble besteht aus drei Burgen und einer Befestigungsanlage mit T\u00fcrmen und Verteidigungseinrichtungen, die das Ticino-Tal beherrschen und das Stadtzentrum dominieren.<\/em><\/p>\n<p><\/p>\n<p>Drei Burgen, Mauern und die Wehrmauer von Bellinzona<br \/>Erkl\u00e4rung des aussergew\u00f6hnlichen universellen Wertes durch UNESCO<\/p>\n<p><\/p>\n<p>Sehen Sie sich die Website von UNESCO zur Festung von Bellinzona an<br \/><a href=\"https:\/\/whc.unesco.org\/fr\/list\/884\/\" target=\"_blank\" rel=\"noopener\" data-mce-href=\"https:\/\/whc.unesco.org\/fr\/list\/884\/\">ENTDECKEN<\/a><\/p>\n<p>[\/vc_column_text]<div class=\"dfd-info-banner style-01  delimiter-hidden  text-left\" ><div class=\"image-cover \"><img loading=\"lazy\" decoding=\"async\" src=\"https:\/\/fortezzabellinzona.ch\/wp-content\/uploads\/2022\/10\/fortezza_bellinzona_unesco.svg\" alt=\"Fortezza Bellinzona\"  width=\"150\" height=\"350\" class=\"info-banner-image \" \/><\/div><\/div>[\/vc_tta_section][vc_tta_section title=&#8220;UNESCO-Welterbe&#8220; tab_id=&#8220;1674047334488-050480de-a555&#8243;][vc_column_text]<\/p>\n<p>Die Festung Bellinzona wurde im Jahr 2000 als einziges Beispiel mittelalterlicher Milit\u00e4rarchitektur im gesamten Alpenraum in die Liste des UNESCO-Welterbes aufgenommen. Sie besteht aus mehreren Burgen, einer Wehrmauer als Talsperre und den Stadtmauern. Bellinzona stellt somit einen aussergew\u00f6hnlichen Fall unter den grossartigen Befestigungsanlagen des 15. Jahrhunderts dar, sowohl hinsichtlich der architektonischen Dimensionen, die durch den Standort und die Topografie bedingt sind, als auch des ausgezeichneten Erhaltungszustands des Ensembles.<\/p>\n<p><\/p>\n<p>Die Liste des Welterbes st\u00fctzt sich auf das \u201e<a href=\"https:\/\/whc.unesco.org\/archive\/convention-fr.pdf\" target=\"_blank\" rel=\"noopener\" data-mce-href=\"https:\/\/whc.unesco.org\/archive\/convention-fr.pdf\">\u00dcbereinkommen zum Schutz des Kultur- und Naturerbes der Welt<\/a>\u201c.<\/p>\n<p>Dieses 1972 in Paris verabschiedete \u00dcbereinkommen entstand aus der vision\u00e4ren Idee, Kultur- und Naturerbe von aussergew\u00f6hnlichem universellem Wert unter den Schutz der gesamten Menschheit zu stellen. Das Kultur- und Naturerbe unterliegt n\u00e4mlich einem spontanen, nat\u00fcrlichen Verfall oder einer unmittelbar vom Menschen verursachten Ver\u00e4nderung oder Zerst\u00f6rung. Die Verschlechterung oder das Verschwinden eines Welterbes bedeutet den Verlust eines aussergew\u00f6hnlichen (und daher einzigartigen) und universellen (d. h. f\u00fcr alle V\u00f6lker der Welt wichtigen) Zeugnisses. Das \u00dcbereinkommen definiert die Arten von Natur- und Kulturst\u00e4tten, die in die Liste des Welterbes eingetragen werden k\u00f6nnen, sowie die Pflichten der Vertragsstaaten bei der Identifizierung potenzieller St\u00e4tten und ihre Rolle beim Schutz und der Sicherung der St\u00e4tten. Die Vertragsstaaten verpflichten sich, das in ihrem Hoheitsgebiet befindliche Welterbe einzutragen, zu sch\u00fctzen und zu erhalten. Gleichzeitig gew\u00e4hrleisten sie die internationale Zusammenarbeit und gegenseitige Unterst\u00fctzung zur Erf\u00fcllung dieser Aufgaben.<\/p>\n<p><\/p>\n<p>Die Welterbekonvention stellt heute ein von fast der gesamten internationalen Gemeinschaft anerkanntes Rechtsinstrument dar.<br \/>Die <a href=\"https:\/\/whc.unesco.org\/fr\/list\/\" target=\"_blank\" rel=\"noopener\" data-mce-href=\"https:\/\/whc.unesco.org\/fr\/list\/\">Liste des Welterbes<\/a> umfasst derzeit 1154 Kultur- und Naturg\u00fcter in 167 L\u00e4ndern (Stand: 01.01.2023) und spiegelt den Reichtum und die Vielfalt unserer Erde wider. Sie beinhaltet Denkm\u00e4ler, Kunstwerke und urbane Landschaften, die vom Fortschritt zeugen, der aus der Interaktion von Gesellschaften und der Entwicklung von Wissen und Identit\u00e4ten entstanden ist.<\/p>\n<p>[\/vc_column_text]<div class=\"dfd-spacer-module\"  data-units=\"px\" data-wide_resolution=\"1280\" data-wide_size=\"50\" data-normal_resolution=\"1024\" data-normal_size=\"50\" data-tablet_resolution=\"800\" data-tablet_size=\"50\" data-mobile_resolution=\"480\" data-mobile_size=\"50\" style=\"height: 50px;\"><\/div><div class=\"animation-container \" ><div id=\"video-player-69de2570acb12-9768\" class=\"dfd-videoplayer style-2 layout-3 text-left \"><div class=\"button-wrap\"><div class=\"dfd-video-button  \" ><span class=\"mask-for-hover\"><u><\/u><b><\/b><\/span><span class=\"play\" style=\"border-left-color:#000000\"><\/span><\/div><div class=\"title-wrap\"><div class=\"feature-title\" style=\"font-size: 17px; color: #000000 !important; line-height: 25px; letter-spacing: 0px; font-weight:bold; \">Die Welterbekonvention<\/div><\/div><a href=\"#module_video_69de2570acb1b\" class=\"dfd-video-link \" data-animation=\"\"><\/a><\/div><div  style=\"display:none;\" class=\"\" id=\"module_video_69de2570acb1b\" data-animation=\"\"><iframe loading=\"lazy\" title=\"La convenzione del patrimonio mondiale\" width=\"1200\" height=\"675\" src=\"https:\/\/www.youtube.com\/embed\/DBSkmZ_zTAU?list=PLBAQxnMK_AAg-hQm9H_LVwIZFh8RbWd5Z\" frameborder=\"0\" allow=\"accelerometer; autoplay; clipboard-write; encrypted-media; gyroscope; picture-in-picture; web-share\" allowfullscreen><\/iframe><\/div><\/div><\/div><script type=\"text\/javascript\">\r\n\t\t\t\t\t\t\t(function($) {\r\n\t\t\t\t\t\t\t\t$(\"head\").append(\"<style>#video-player-69de2570acb12-9768 .dfd-video-button {} #video-player-69de2570acb12-9768.style-2 .dfd-video-button .mask-for-hover {border-style:solid; border-width:1px; border-color:#000000; } #module_video_69de2570acb1b.dfd-fullscreen-video-container.video_module:before {opacity: 1 !important;background: linear-gradient(to right, rgba(0,0,0,0.9) 0%,rgba(0,0,0,0.9) 100%) !important;}<\/style>\");\r\n\t\t\t\t\t\t\t\t$(document).ready(function(){\r\n\t\t\t\t\t\t\t\t\tDFD_VideoModule.init(\"module_video_69de2570acb1b\",\"video-player-69de2570acb12-9768\");\r\n\t\t\t\t\t\t\t\t});\r\n\t\t\t\t\t\t\t})(jQuery);\r\n\t\t\t\t\t\t<\/script>[\/vc_tta_section][vc_tta_section title=&#8220;UNESCO-Managementplan&#8220; tab_id=&#8220;1674048092800-73bf4923-ffc0&#8243;][vc_column_text]<\/p>\n<p>Ein Managementplan f\u00fcr ein Welterbe ist ein Planungs- und Handlungsgesamtkonzept mit Zielen und Massnahmen f\u00fcr den Schutz, die Erhaltung, die Nutzung und die Entwicklung von Welterbest\u00e4tten.<\/p>\n<p><\/p>\n<p>Mit der \u00fcberarbeiteten Fassung der Richtlinien f\u00fcr die Umsetzung der Welterbekonvention, die am 1. Februar 2005 in Kraft getreten ist, gilt ein derartiger Plan f\u00fcr Welterbest\u00e4tten als verbindlich. F\u00fcr die Festung von Bellinzona wurde 2022 erstmals ein Managementplan vorgelegt, der im Rahmen des UNESCO-Welterbest\u00e4ttenentwicklungsprojekts von der Stadt Bellinzona sowie der Republik und dem Kanton Tessin umgesetzt wird.<\/p>\n<p><\/p>\n<p>Der Managementplan umfasst eine Beschreibung des Welterbes und seiner Werte, eine Zusammenfassung der Schutzinstrumente und eine Darstellung des Managementsystems. Darin werden ausserdem die wichtigsten Ziele und Massnahmen zum Schutz des Welterbes von Bellinzona f\u00fcr den Zeitraum 2022 bis 2025 dargelegt.<\/p>\n<p>[\/vc_column_text][\/vc_tta_section][\/dfd_tta_tour][\/vc_column][\/vc_row][vc_row anchor=&#8220;progetto&#8220;][vc_column]<\/p>\n<div class=\"dfd-spacer-module\"  data-units=\"px\" data-wide_resolution=\"1280\" data-wide_size=\"200\" data-normal_resolution=\"1024\" data-normal_size=\"150\" data-tablet_resolution=\"800\" data-tablet_size=\"150\" data-mobile_resolution=\"480\" data-mobile_size=\"100\" style=\"height: 200px;\"><\/div>\n<p>[\/vc_column][\/vc_row]<\/p>\n<\/div>","protected":false},"excerpt":{"rendered":"<p>[vc_row][vc_column] [\/vc_column][\/vc_row][vc_row anchor=&#8220;storia&#8220;][vc_column] [\/vc_column][\/vc_row][vc_row css=&#8220;.vc_custom_1674034470999{padding-right: 25px !important;padding-left: 25px !important;}&#8220;][vc_column][\/vc_column][\/vc_row][vc_row dfd_row_config=&#8220;full_width_content&#8220; dfd_row_responsive_enable=&#8220;dfd-row-responsive-enable&#8220; css=&#8220;.vc_custom_1674039542357{padding-right: 75px !important;padding-left: 75px !important;}&#8220; responsive_styles=&#8220;padding_left_desktop:25|padding_right_desktop:25|padding_left_tablet:25|padding_right_tablet:25|padding_left_mobile:25|padding_right_mobile:25&#8243;][vc_column col_shadow=&#8220;box_shadow_enable:disable|shadow_horizontal:0|shadow_vertical:15|shadow_blur:50|shadow_spread:0|box_shadow_color:rgba(0%2C0%2C0%2C.35)&#8220; col_shadow_hover=&#8220;box_shadow_enable:disable|shadow_horizontal:0|shadow_vertical:15|shadow_blur:50|shadow_spread:0|box_shadow_color:rgba(0%2C0%2C0%2C.35)&#8220;][dfd_masonry_container layout_style=&#8220;fitRows&#8220; columns_number_normal=&#8220;3&#8243; title_font_options=&#8220;tag:h5&#8243;][dfd_masonry_item][\/dfd_masonry_item][dfd_masonry_item][\/dfd_masonry_item][dfd_masonry_item][\/dfd_masonry_item][dfd_masonry_item][\/dfd_masonry_item][dfd_masonry_item][\/dfd_masonry_item][\/dfd_masonry_container][\/vc_column][\/vc_row][vc_row anchor=&#8220;patrimonio&#8220;][vc_column] [\/vc_column][\/vc_row][vc_row css=&#8220;.vc_custom_1674047795541{padding-right: 25px !important;padding-left: 25px !important;}&#8220;][vc_column][\/vc_column][\/vc_row][vc_row css=&#8220;.vc_custom_1674047806735{padding-right:<\/p>\n","protected":false},"author":1,"featured_media":0,"parent":0,"menu_order":0,"comment_status":"closed","ping_status":"closed","template":"page-custom.php","meta":{"inline_featured_image":false,"footnotes":""},"class_list":["post-30342","page","type-page","status-publish","hentry"],"aioseo_notices":[],"_links":{"self":[{"href":"https:\/\/fortezzabellinzona.ch\/de\/wp-json\/wp\/v2\/pages\/30342","targetHints":{"allow":["GET"]}}],"collection":[{"href":"https:\/\/fortezzabellinzona.ch\/de\/wp-json\/wp\/v2\/pages"}],"about":[{"href":"https:\/\/fortezzabellinzona.ch\/de\/wp-json\/wp\/v2\/types\/page"}],"author":[{"embeddable":true,"href":"https:\/\/fortezzabellinzona.ch\/de\/wp-json\/wp\/v2\/users\/1"}],"replies":[{"embeddable":true,"href":"https:\/\/fortezzabellinzona.ch\/de\/wp-json\/wp\/v2\/comments?post=30342"}],"version-history":[{"count":9,"href":"https:\/\/fortezzabellinzona.ch\/de\/wp-json\/wp\/v2\/pages\/30342\/revisions"}],"predecessor-version":[{"id":30910,"href":"https:\/\/fortezzabellinzona.ch\/de\/wp-json\/wp\/v2\/pages\/30342\/revisions\/30910"}],"wp:attachment":[{"href":"https:\/\/fortezzabellinzona.ch\/de\/wp-json\/wp\/v2\/media?parent=30342"}],"curies":[{"name":"wp","href":"https:\/\/api.w.org\/{rel}","templated":true}]}}