{"id":30345,"date":"2023-01-18T13:42:19","date_gmt":"2023-01-18T12:42:19","guid":{"rendered":"https:\/\/fortezzabellinzona.ch\/entdecken-sie-la-fortezza\/"},"modified":"2023-04-04T13:24:29","modified_gmt":"2023-04-04T11:24:29","slug":"entdecken-sie-la-fortezza","status":"publish","type":"page","link":"https:\/\/fortezzabellinzona.ch\/de\/entdecken-sie-la-fortezza\/","title":{"rendered":"Entdecken Sie La Fortezza"},"content":{"rendered":"<div class=\"wpb-content-wrapper\"><p>[vc_row dfd_row_config=&#8220;full_width_content&#8220; css=&#8220;.vc_custom_1677667414992{background-image: url(https:\/\/fortezzabellinzona.ch\/wp-content\/uploads\/2022\/12\/fortezza_bellinzona_visitare1.jpg?id=29168) !important;background-position: center !important;background-repeat: no-repeat !important;background-size: cover !important;}&#8220;][vc_column]<div class=\"dfd-spacer-module\"  data-units=\"px\" data-wide_resolution=\"1280\" data-wide_size=\"800\" data-normal_resolution=\"1024\" data-normal_size=\"650\" data-tablet_resolution=\"800\" data-tablet_size=\"650\" data-mobile_resolution=\"480\" data-mobile_size=\"400\" style=\"height: 800px;\"><\/div>[\/vc_column][\/vc_row][vc_row el_class=&#8220;scoprireinterno&#8220;][vc_column css=&#8220;.vc_custom_1679557447445{padding-top: 25px !important;padding-right: 25px !important;padding-left: 25px !important;}&#8220; col_shadow=&#8220;box_shadow_enable:disable|shadow_horizontal:0|shadow_vertical:15|shadow_blur:50|shadow_spread:0|box_shadow_color:rgba(0%2C0%2C0%2C.35)&#8220; col_shadow_hover=&#8220;box_shadow_enable:disable|shadow_horizontal:0|shadow_vertical:15|shadow_blur:50|shadow_spread:0|box_shadow_color:rgba(0%2C0%2C0%2C.35)&#8220;][vc_column_text]<a href=\"https:\/\/fortezzabellinzona.ch\/de\/auf-entdeckungsreise\/\">\u2190 ENTDECKEN<\/a>[\/vc_column_text][\/vc_column][\/vc_row][vc_row el_class=&#8220;scoprireinterno&#8220; css=&#8220;.vc_custom_1677666026051{padding-top: 80px !important;}&#8220;][vc_column col_shadow=&#8220;box_shadow_enable:disable|shadow_horizontal:0|shadow_vertical:15|shadow_blur:50|shadow_spread:0|box_shadow_color:rgba(0%2C0%2C0%2C.35)&#8220; col_shadow_hover=&#8220;box_shadow_enable:disable|shadow_horizontal:0|shadow_vertical:15|shadow_blur:50|shadow_spread:0|box_shadow_color:rgba(0%2C0%2C0%2C.35)&#8220; css=&#8220;.vc_custom_1674046115722{padding-right: 25px !important;padding-left: 25px !important;}&#8220;]<div class=\"dfd-heading-shortcode\"><div class=\"dfd-heading-module-wrap  text-left style_01 dfd-heading-69de57ec71e4b dfd-disable-resposive-headings\" id=\"dfd-heading-69de57ec71e4b\" ><div class=\"inline-block\"><div class=\"dfd-heading-module\"><h1 class=\"widget-title dfd-title \" style=\"\">Festung von Bellinzona<\/h1><\/div><\/div><\/div><script type=\"text\/javascript\">\r\n\t\t\t\t\t\t\t\t\t(function($) {\r\n\t\t\t\t\t\t\t\t\t\t$(\"head\").append(\"<style>.dfd-heading-69de57ec71e4b .dfd-heading-module .widget-title {margin-bottom:25px;}.dfd-heading-69de57ec71e4b.dfd-heading-module-wrap .dfd-heading-module .dfd-heading-delimiter {margin-top:10px;margin-bottom:10px;}@media (max-width: 799px){.dfd-heading-69de57ec71e4b .dfd-title{font-size: 32px !important;letter-spacing: 0px !important;line-height: 38px !important;}}<\/style>\");\r\n\t\t\t\t\t\t\t\t\t})(jQuery);\r\n\t\t\t\t\t\t\t\t<\/script><\/div>[\/vc_column][\/vc_row][vc_row el_class=&#8220;scoprireinterno&#8220;][vc_column width=&#8220;2\/3&#8243; dfd_column_responsive_enable=&#8220;dfd-column-responsive-enable&#8220; css=&#8220;.vc_custom_1677666933115{padding-right: 25px !important;padding-left: 25px !important;}&#8220; col_shadow=&#8220;box_shadow_enable:disable|shadow_horizontal:0|shadow_vertical:15|shadow_blur:50|shadow_spread:0|box_shadow_color:rgba(0%2C0%2C0%2C.35)&#8220; col_shadow_hover=&#8220;box_shadow_enable:disable|shadow_horizontal:0|shadow_vertical:15|shadow_blur:50|shadow_spread:0|box_shadow_color:rgba(0%2C0%2C0%2C.35)&#8220; responsive_styles=&#8220;padding_bottom_mobile:50&#8243;][vc_column_text]Die Festung von Bellinzona ist das einzige noch erhaltene Beispiel f\u00fcr eine mittelalterliche Milit\u00e4rstruktur im gesamten Alpenraum. Die Festung besteht aus mehreren Burgen, die von einer Ringmauer umgeben sind, und aus Schutzwallen rund um die Burg zum Schutz der Bev\u00f6lkerung. Die Urspr\u00fcnge der Festung gehen auf das Ende der Antike zur\u00fcck, als sich auf dem felsigen Vorgebirge des Castel Grande eine erste Gemeinschaft niedergelassen hatte. Die Beschaffenheit der Verteidigungsanlage ist allerdings vorwiegend auf die umfangreichen Arbeiten unter den Herz\u00f6gen von Mailand im 15. Jahrhundert zur\u00fcckzuf\u00fchren.<\/p>\n<p>Damals wurden diese m\u00e4chtigen Befestigungsanlagen als Talsperren geschaffen, um die Expansionsbestrebungen der Konf\u00f6derierten zu stoppen und die Transitwege \u00fcber die wichtigsten Alpenp\u00e4sse zu kontrollieren. Die schwere Krise des Herzogtums, die durch den Einmarsch des franz\u00f6sischen K\u00f6nigs Karl VIII (1494) in die Lombardei ausgel\u00f6st wurde, endete mit der Flucht von Ludovico, genannt \u201eil Moro\u201c, aus Mailand im Jahr 1499. Dieses Ereignis machte den Weg f\u00fcr ausl\u00e4ndische Milizen frei. Bellinzona wurde von franz\u00f6sischen Armeen bis Anfang 1500 besetzt, als diese infolge eines bewaffneten Aufstandes der Bev\u00f6lkerung von Bellinzona vertrieben wurden. Die Gefangennahme von Ludovico il Moro am 10. April 1500 veranlasste die Bev\u00f6lkerung dazu, dem Beispiel von Leventia, Blenio und Riviera zu folgen und sich am 14. April 1500 dem Schweizer Bund zu unterwerfen. Mit der Unterzeichnung des Friedensvertrags von Arona im Jahr 1503 wurde das Wehrdorf Bellinzona und das umliegende Gebiet zu direkt verwalteten Besitzungen der Kantone Uri, Schwyz und Nidwalden.<\/p>\n<p>Dieses Regierungssystem blieb bis April 1798 aufrecht, als die drei Kantone nach dem Einmarsch der Truppen von Napoleon in die Eidgenossenschaft auf ihre Souver\u00e4nit\u00e4t \u00fcber die italienische Ballei verzichteten. Die Festung erf\u00fcllte im 19. Jahrhundert unterschiedliche Funktionen und war teilweise unbesetzt. Im 20. Jahrhundert entstand ein neues Bewusstsein f\u00fcr das historische Erbe. Demnach sollten die Burgen als Teil des k\u00fcnstlerischen Erbes gesch\u00fctzt werden und deren Charakter durch Restaurierung erhalten werden. Im Jahr 1925 wurde der H\u00fcgel daher zum Eigentum des Kantons erkl\u00e4rt. In den folgenden Jahrzehnten wurden mehrere Restaurierungsarbeiten durchgef\u00fchrt. Dadurch wurde die Festung in ihren heutigen Zustand versetzt und z\u00e4hlt seit 2000 zum UNESCO-Welterbe.[\/vc_column_text][\/vc_column][vc_column width=&#8220;1\/3&#8243; css=&#8220;.vc_custom_1677666938424{padding-right: 25px !important;padding-left: 25px !important;}&#8220; col_shadow=&#8220;box_shadow_enable:disable|shadow_horizontal:0|shadow_vertical:15|shadow_blur:50|shadow_spread:0|box_shadow_color:rgba(0%2C0%2C0%2C.35)&#8220; col_shadow_hover=&#8220;box_shadow_enable:disable|shadow_horizontal:0|shadow_vertical:15|shadow_blur:50|shadow_spread:0|box_shadow_color:rgba(0%2C0%2C0%2C.35)&#8220;]<div class=\"animation-container \" ><div id=\"video-player-69de57ec71f02-9805\" class=\"dfd-videoplayer style-2 layout-3 text-left \"><div class=\"button-wrap\"><div class=\"dfd-video-button  \" ><span class=\"mask-for-hover\"><u><\/u><b><\/b><\/span><span class=\"play\" style=\"border-left-color:#000000\"><\/span><\/div><div class=\"title-wrap\"><div class=\"feature-title\" style=\"font-size: 17px; font-family: AmbitRegular; color: #000000 !important; line-height: 25px; letter-spacing: 0px; \">Eine Reise durch die Mauern von Zeit und Raum<\/div><\/div><a href=\"#module_video_69de57ec71f0e\" class=\"dfd-video-link \" data-animation=\"\"><\/a><\/div><div  style=\"display:none;\" class=\"\" id=\"module_video_69de57ec71f0e\" data-animation=\"\"><iframe loading=\"lazy\" title=\"Un viaggio fra le mura del tempo e dello spazio\" width=\"1200\" height=\"675\" src=\"https:\/\/www.youtube.com\/embed\/wa7GUC6pX1Y?list=PLBAQxnMK_AAg-hQm9H_LVwIZFh8RbWd5Z\" frameborder=\"0\" allow=\"accelerometer; autoplay; clipboard-write; encrypted-media; gyroscope; picture-in-picture; web-share\" allowfullscreen><\/iframe><\/div><\/div><\/div><script type=\"text\/javascript\">\r\n\t\t\t\t\t\t\t(function($) {\r\n\t\t\t\t\t\t\t\t$(\"head\").append(\"<style>#video-player-69de57ec71f02-9805 .dfd-video-button {} #video-player-69de57ec71f02-9805.style-2 .dfd-video-button .mask-for-hover {border-style:solid; border-width:1px; border-color:#000000; } #module_video_69de57ec71f0e.dfd-fullscreen-video-container.video_module:before {opacity: 1 !important;background: linear-gradient(to right, rgba(0,0,0,0.9) 0%,rgba(0,0,0,0.9) 100%) !important;}<\/style>\");\r\n\t\t\t\t\t\t\t\t$(document).ready(function(){\r\n\t\t\t\t\t\t\t\t\tDFD_VideoModule.init(\"module_video_69de57ec71f0e\",\"video-player-69de57ec71f02-9805\");\r\n\t\t\t\t\t\t\t\t});\r\n\t\t\t\t\t\t\t})(jQuery);\r\n\t\t\t\t\t\t<\/script><div class=\"dfd-spacer-module\"  data-units=\"px\" data-wide_resolution=\"1280\" data-wide_size=\"30\" data-normal_resolution=\"1024\" data-normal_size=\"30\" data-tablet_resolution=\"800\" data-tablet_size=\"30\" data-mobile_resolution=\"480\" data-mobile_size=\"30\" style=\"height: 30px;\"><\/div><div class=\"animation-container \" ><div id=\"video-player-69de57ec72be1-4538\" class=\"dfd-videoplayer style-2 layout-3 text-left \"><div class=\"button-wrap\"><div class=\"dfd-video-button  \" ><span class=\"mask-for-hover\"><u><\/u><b><\/b><\/span><span class=\"play\" style=\"border-left-color:#000000\"><\/span><\/div><div class=\"title-wrap\"><div class=\"feature-title\" style=\"font-size: 17px; font-family: AmbitRegular; color: #000000 !important; line-height: 25px; letter-spacing: 0px; \">Der Schl\u00fcssel zu den Alpen<\/div><\/div><a href=\"#module_video_69de57ec72bea\" class=\"dfd-video-link \" data-animation=\"\"><\/a><\/div><div  style=\"display:none;\" class=\"\" id=\"module_video_69de57ec72bea\" data-animation=\"\"><iframe loading=\"lazy\" title=\"La chiave delle alpi\" width=\"1200\" height=\"675\" src=\"https:\/\/www.youtube.com\/embed\/TWvTWtGYf2I?list=PLBAQxnMK_AAg-hQm9H_LVwIZFh8RbWd5Z\" frameborder=\"0\" allow=\"accelerometer; autoplay; clipboard-write; encrypted-media; gyroscope; picture-in-picture; web-share\" allowfullscreen><\/iframe><\/div><\/div><\/div><script type=\"text\/javascript\">\r\n\t\t\t\t\t\t\t(function($) {\r\n\t\t\t\t\t\t\t\t$(\"head\").append(\"<style>#video-player-69de57ec72be1-4538 .dfd-video-button {} #video-player-69de57ec72be1-4538.style-2 .dfd-video-button .mask-for-hover {border-style:solid; border-width:1px; border-color:#000000; } #module_video_69de57ec72bea.dfd-fullscreen-video-container.video_module:before {opacity: 1 !important;background: linear-gradient(to right, rgba(0,0,0,0.9) 0%,rgba(0,0,0,0.9) 100%) !important;}<\/style>\");\r\n\t\t\t\t\t\t\t\t$(document).ready(function(){\r\n\t\t\t\t\t\t\t\t\tDFD_VideoModule.init(\"module_video_69de57ec72bea\",\"video-player-69de57ec72be1-4538\");\r\n\t\t\t\t\t\t\t\t});\r\n\t\t\t\t\t\t\t})(jQuery);\r\n\t\t\t\t\t\t<\/script>[\/vc_column][\/vc_row][vc_row anchor=&#8220;ristorazione&#8220;][vc_column]<div class=\"dfd-spacer-module\"  data-units=\"px\" data-wide_resolution=\"1280\" data-wide_size=\"200\" data-normal_resolution=\"1024\" data-normal_size=\"150\" data-tablet_resolution=\"800\" data-tablet_size=\"150\" data-mobile_resolution=\"480\" data-mobile_size=\"100\" style=\"height: 200px;\"><\/div>[\/vc_column][\/vc_row]<\/p>\n<\/div>","protected":false},"excerpt":{"rendered":"<p>[vc_row dfd_row_config=&#8220;full_width_content&#8220; css=&#8220;.vc_custom_1677667414992{background-image: url(https:\/\/fortezzabellinzona.ch\/wp-content\/uploads\/2022\/12\/fortezza_bellinzona_visitare1.jpg?id=29168) !important;background-position: center !important;background-repeat: no-repeat !important;background-size: cover !important;}&#8220;][vc_column][\/vc_column][\/vc_row][vc_row el_class=&#8220;scoprireinterno&#8220;][vc_column css=&#8220;.vc_custom_1679557447445{padding-top: 25px !important;padding-right: 25px !important;padding-left: 25px !important;}&#8220; col_shadow=&#8220;box_shadow_enable:disable|shadow_horizontal:0|shadow_vertical:15|shadow_blur:50|shadow_spread:0|box_shadow_color:rgba(0%2C0%2C0%2C.35)&#8220; col_shadow_hover=&#8220;box_shadow_enable:disable|shadow_horizontal:0|shadow_vertical:15|shadow_blur:50|shadow_spread:0|box_shadow_color:rgba(0%2C0%2C0%2C.35)&#8220;][vc_column_text]\u2190 ENTDECKEN[\/vc_column_text][\/vc_column][\/vc_row][vc_row el_class=&#8220;scoprireinterno&#8220; css=&#8220;.vc_custom_1677666026051{padding-top: 80px !important;}&#8220;][vc_column col_shadow=&#8220;box_shadow_enable:disable|shadow_horizontal:0|shadow_vertical:15|shadow_blur:50|shadow_spread:0|box_shadow_color:rgba(0%2C0%2C0%2C.35)&#8220; col_shadow_hover=&#8220;box_shadow_enable:disable|shadow_horizontal:0|shadow_vertical:15|shadow_blur:50|shadow_spread:0|box_shadow_color:rgba(0%2C0%2C0%2C.35)&#8220; css=&#8220;.vc_custom_1674046115722{padding-right: 25px<\/p>\n","protected":false},"author":1,"featured_media":0,"parent":0,"menu_order":0,"comment_status":"closed","ping_status":"closed","template":"page-custom.php","meta":{"inline_featured_image":false,"footnotes":""},"class_list":["post-30345","page","type-page","status-publish","hentry"],"aioseo_notices":[],"_links":{"self":[{"href":"https:\/\/fortezzabellinzona.ch\/de\/wp-json\/wp\/v2\/pages\/30345","targetHints":{"allow":["GET"]}}],"collection":[{"href":"https:\/\/fortezzabellinzona.ch\/de\/wp-json\/wp\/v2\/pages"}],"about":[{"href":"https:\/\/fortezzabellinzona.ch\/de\/wp-json\/wp\/v2\/types\/page"}],"author":[{"embeddable":true,"href":"https:\/\/fortezzabellinzona.ch\/de\/wp-json\/wp\/v2\/users\/1"}],"replies":[{"embeddable":true,"href":"https:\/\/fortezzabellinzona.ch\/de\/wp-json\/wp\/v2\/comments?post=30345"}],"version-history":[{"count":4,"href":"https:\/\/fortezzabellinzona.ch\/de\/wp-json\/wp\/v2\/pages\/30345\/revisions"}],"predecessor-version":[{"id":30914,"href":"https:\/\/fortezzabellinzona.ch\/de\/wp-json\/wp\/v2\/pages\/30345\/revisions\/30914"}],"wp:attachment":[{"href":"https:\/\/fortezzabellinzona.ch\/de\/wp-json\/wp\/v2\/media?parent=30345"}],"curies":[{"name":"wp","href":"https:\/\/api.w.org\/{rel}","templated":true}]}}