{"id":30348,"date":"2023-01-18T13:54:55","date_gmt":"2023-01-18T12:54:55","guid":{"rendered":"https:\/\/fortezzabellinzona.ch\/entdecken-sie-castel-grande\/"},"modified":"2023-04-04T13:24:15","modified_gmt":"2023-04-04T11:24:15","slug":"entdecken-sie-castel-grande","status":"publish","type":"page","link":"https:\/\/fortezzabellinzona.ch\/de\/entdecken-sie-castel-grande\/","title":{"rendered":"Entdecken Sie Castel Grande"},"content":{"rendered":"<div class=\"wpb-content-wrapper\"><p>[vc_row dfd_row_config=&#8220;full_width_content&#8220; css=&#8220;.vc_custom_1677662194787{background-image: url(https:\/\/fortezzabellinzona.ch\/wp-content\/uploads\/2022\/10\/fortezza_bellinzona_castel_grande_mobile.jpg?id=28938) !important;background-position: center !important;background-repeat: no-repeat !important;background-size: cover !important;}&#8220;][vc_column]<div class=\"dfd-spacer-module\"  data-units=\"px\" data-wide_resolution=\"1280\" data-wide_size=\"800\" data-normal_resolution=\"1024\" data-normal_size=\"650\" data-tablet_resolution=\"800\" data-tablet_size=\"650\" data-mobile_resolution=\"480\" data-mobile_size=\"400\" style=\"height: 800px;\"><\/div>[\/vc_column][\/vc_row][vc_row el_class=&#8220;scoprireinterno&#8220;][vc_column css=&#8220;.vc_custom_1679557447445{padding-top: 25px !important;padding-right: 25px !important;padding-left: 25px !important;}&#8220; col_shadow=&#8220;box_shadow_enable:disable|shadow_horizontal:0|shadow_vertical:15|shadow_blur:50|shadow_spread:0|box_shadow_color:rgba(0%2C0%2C0%2C.35)&#8220; col_shadow_hover=&#8220;box_shadow_enable:disable|shadow_horizontal:0|shadow_vertical:15|shadow_blur:50|shadow_spread:0|box_shadow_color:rgba(0%2C0%2C0%2C.35)&#8220;][vc_column_text]<a href=\"https:\/\/fortezzabellinzona.ch\/de\/auf-entdeckungsreise\/\">\u2190 ENTDECKEN<\/a>[\/vc_column_text][\/vc_column][\/vc_row][vc_row el_class=&#8220;scoprireinterno&#8220; css=&#8220;.vc_custom_1677666026051{padding-top: 80px !important;}&#8220;][vc_column col_shadow=&#8220;box_shadow_enable:disable|shadow_horizontal:0|shadow_vertical:15|shadow_blur:50|shadow_spread:0|box_shadow_color:rgba(0%2C0%2C0%2C.35)&#8220; col_shadow_hover=&#8220;box_shadow_enable:disable|shadow_horizontal:0|shadow_vertical:15|shadow_blur:50|shadow_spread:0|box_shadow_color:rgba(0%2C0%2C0%2C.35)&#8220; css=&#8220;.vc_custom_1674046115722{padding-right: 25px !important;padding-left: 25px !important;}&#8220;]<div class=\"dfd-heading-shortcode\"><div class=\"dfd-heading-module-wrap  text-left style_01 dfd-heading-69de5867dd84c dfd-disable-resposive-headings\" id=\"dfd-heading-69de5867dd84c\" ><div class=\"inline-block\"><div class=\"dfd-heading-module\"><h1 class=\"widget-title dfd-title \" style=\"\">Castel Grande<\/h1><\/div><\/div><\/div><script type=\"text\/javascript\">\r\n\t\t\t\t\t\t\t\t\t(function($) {\r\n\t\t\t\t\t\t\t\t\t\t$(\"head\").append(\"<style>.dfd-heading-69de5867dd84c .dfd-heading-module .widget-title {margin-bottom:25px;}.dfd-heading-69de5867dd84c.dfd-heading-module-wrap .dfd-heading-module .dfd-heading-delimiter {margin-top:10px;margin-bottom:10px;}@media (max-width: 799px){.dfd-heading-69de5867dd84c .dfd-title{font-size: 32px !important;letter-spacing: 0px !important;line-height: 38px !important;}}<\/style>\");\r\n\t\t\t\t\t\t\t\t\t})(jQuery);\r\n\t\t\t\t\t\t\t\t<\/script><\/div>[\/vc_column][\/vc_row][vc_row el_class=&#8220;scoprireinterno&#8220;][vc_column width=&#8220;2\/3&#8243; dfd_column_responsive_enable=&#8220;dfd-column-responsive-enable&#8220; css=&#8220;.vc_custom_1677666933115{padding-right: 25px !important;padding-left: 25px !important;}&#8220; col_shadow=&#8220;box_shadow_enable:disable|shadow_horizontal:0|shadow_vertical:15|shadow_blur:50|shadow_spread:0|box_shadow_color:rgba(0%2C0%2C0%2C.35)&#8220; col_shadow_hover=&#8220;box_shadow_enable:disable|shadow_horizontal:0|shadow_vertical:15|shadow_blur:50|shadow_spread:0|box_shadow_color:rgba(0%2C0%2C0%2C.35)&#8220; responsive_styles=&#8220;padding_bottom_mobile:50&#8243;][vc_column_text]Castel Grande ist die gr\u00f6sste der drei Burgen, die samt der Wehrmauer und der Stadtmauer die Festung von Bellinzona bilden. Castel Grande wurde auf einem H\u00fcgel erbaut, der seit \u00fcber 6000 Jahre bewohnt ist.<\/p>\n<p>Im Zuge der tausendj\u00e4hrigen Geschichte wurde der H\u00fcgel, auf dem sich Castel Grande befindet, mehrmals besiedelt, bebaut und beherrscht: davon zeugen neolithische Siedlungen aus dem 6. Jahrtausend v. Chr., r\u00f6mische Besatzungen, die ersten Befestigungsanlagen aus dem 4. Jahrhundert n. Chr., die Langobarden und die Franken zwischen dem 6. und 8. Jahrhundert und der Sitz des Bischofs von Como im Mittelalter.<\/p>\n<p>Die heute noch erhaltene Festung geht jedoch auf das Sp\u00e4tmittelalter, d.h. zwischen dem 13. und dem Ende des 15. Jahrhunderts, zur\u00fcck: Eine erste Bauphase im 13. Jahrhundert \u00fcberschnitt sich mit einer zweiten \u201eMail\u00e4nder\u201c-Periode (1473-1486) am Ende des 15. Jahrhunderts. Infolge der eidgen\u00f6ssischen Staatshoheit \u00fcber die Grafschaft Bellinzona (1500) wurde das Castel Grande 1506 in Castello di Uri und im Jahr 1818 &#8211; nach der Unabh\u00e4ngigkeit des Kantons Tessin (1803) &#8211; in San Michele umbenannt.<\/p>\n<p>Die s\u00fcdlich gelegenen Geb\u00e4ude der Burg, in denen sich heute das arch\u00e4ologisch-historische Museum befindet, dienten vor allem als Milit\u00e4rstandort. In Friedenszeiten war hier der Kastellan untergebracht, der von mindestens zwanzig Fussoldaten zum Schutze der Festung begleitet wurde. Das Castel Grande, das in Kriegszeiten oft als Stationierungsort f\u00fcr die nach Bellinzona entsandte Besatzung diente, musste unpassierbar sein: Nur wer ein Dokument mit herzoglichem Siegel vorweisen konnte, hatte Zutritt zur Festung.[\/vc_column_text][\/vc_column][vc_column width=&#8220;1\/3&#8243; css=&#8220;.vc_custom_1677666938424{padding-right: 25px !important;padding-left: 25px !important;}&#8220; col_shadow=&#8220;box_shadow_enable:disable|shadow_horizontal:0|shadow_vertical:15|shadow_blur:50|shadow_spread:0|box_shadow_color:rgba(0%2C0%2C0%2C.35)&#8220; col_shadow_hover=&#8220;box_shadow_enable:disable|shadow_horizontal:0|shadow_vertical:15|shadow_blur:50|shadow_spread:0|box_shadow_color:rgba(0%2C0%2C0%2C.35)&#8220;]<div id=\"dfd-facts-69de5867dd911-3661\" class=\"dfd-facts-counter  layout-1  dfd-counter\" ><div class=\"wrap\" ><div class=\"stat-count\"> <div class=\"facts-number call-on-waypoint \" data-animation=\"count\" data-max=\"2\" style=\"font-size: 60px; font-family: AmbitRegular; color: #a71916 !important; line-height: 70px; \">0<\/div> <\/div><\/div><div class=\"facts-title feature-title\" style=\"font-size: 17px; font-family: AmbitRegular; color: #a71916 !important; line-height: 26px; letter-spacing: 0px; \">Museen<\/div><\/div><div id=\"dfd-facts-69de5867dd958-2874\" class=\"dfd-facts-counter  layout-1  dfd-counter\" ><div class=\"wrap\" ><div class=\"stat-count\"> <div class=\"facts-number call-on-waypoint \" data-animation=\"count\" data-max=\"28\" style=\"font-size: 60px; font-family: AmbitRegular; color: #a71916 !important; line-height: 70px; \">0<\/div> <\/div><\/div><div class=\"facts-title feature-title\" style=\"font-size: 17px; font-family: AmbitRegular; color: #a71916 !important; line-height: 26px; letter-spacing: 0px; \">Meter (Schwarzer Turm)<\/div><\/div><div id=\"dfd-facts-69de5867dd98d-1015\" class=\"dfd-facts-counter  layout-1  dfd-counter\" ><div class=\"wrap\" ><div class=\"stat-count\"> <div class=\"facts-number call-on-waypoint \" data-animation=\"count\" data-max=\"27\" style=\"font-size: 60px; font-family: AmbitRegular; color: #a71916 !important; line-height: 70px; \">0<\/div> <\/div><\/div><div class=\"facts-title feature-title\" style=\"font-size: 17px; font-family: AmbitRegular; color: #a71916 !important; line-height: 26px; letter-spacing: 0px; \">Meter (Weisser Turm)<\/div><\/div>[\/vc_column][\/vc_row][vc_row anchor=&#8220;ristorazione&#8220;][vc_column]<div class=\"dfd-spacer-module\"  data-units=\"px\" data-wide_resolution=\"1280\" data-wide_size=\"100\" data-normal_resolution=\"1024\" data-normal_size=\"100\" data-tablet_resolution=\"800\" data-tablet_size=\"100\" data-mobile_resolution=\"480\" data-mobile_size=\"100\" style=\"height: 100px;\"><\/div>[\/vc_column][\/vc_row][vc_row el_class=&#8220;scoprireinterno&#8220;][vc_column width=&#8220;1\/2&#8243; css=&#8220;.vc_custom_1677666915126{padding-right: 25px !important;padding-left: 25px !important;}&#8220; col_shadow=&#8220;box_shadow_enable:disable|shadow_horizontal:0|shadow_vertical:15|shadow_blur:50|shadow_spread:0|box_shadow_color:rgba(0%2C0%2C0%2C.35)&#8220; col_shadow_hover=&#8220;box_shadow_enable:disable|shadow_horizontal:0|shadow_vertical:15|shadow_blur:50|shadow_spread:0|box_shadow_color:rgba(0%2C0%2C0%2C.35)&#8220;]<div class=\"dfd-info-banner style-01  delimiter-hidden  text-left\" ><div class=\"image-cover \"><img loading=\"lazy\" decoding=\"async\" src=\"https:\/\/fortezzabellinzona.ch\/wp-content\/uploads\/2023\/03\/fortezza_bellinzona_mappa_castelgrande.svg\" alt=\"Image\"  width=\"800\" height=\"350\" class=\"info-banner-image \" \/><\/div><\/div>[\/vc_column][vc_column width=&#8220;1\/2&#8243; dfd_column_responsive_enable=&#8220;dfd-column-responsive-enable&#8220; css=&#8220;.vc_custom_1677666904911{padding-right: 25px !important;padding-left: 25px !important;}&#8220; col_shadow=&#8220;box_shadow_enable:disable|shadow_horizontal:0|shadow_vertical:15|shadow_blur:50|shadow_spread:0|box_shadow_color:rgba(0%2C0%2C0%2C.35)&#8220; col_shadow_hover=&#8220;box_shadow_enable:disable|shadow_horizontal:0|shadow_vertical:15|shadow_blur:50|shadow_spread:0|box_shadow_color:rgba(0%2C0%2C0%2C.35)&#8220; responsive_styles=&#8220;padding_top_mobile:25&#8243;]<div id=\"dfd-icon-list-69de5867ddea0-2122\" class=\"dfd-icon-list-wrap  style-1  \" ><ul class=\"dfd-icon-list\"><li class=\"\"><div class=\"dfd-list-content clearfix \" style=\"padding-bottom:10px;\"><div class=\"dfd-list-icon-block text-center\" style=\"margin-right:10px;font-size:30px; width:30px; height:30px; \"><img decoding=\"async\" src=\"https:\/\/fortezzabellinzona.ch\/wp-content\/uploads\/2023\/03\/fortezza_bellinzona_icona1.svg\" alt=\"Image\" \/><\/div><div class=\"dfd-list-content-block content\">Ridotto<\/div><\/div><\/li><li class=\"\"><div class=\"dfd-list-content clearfix \" style=\"padding-bottom:10px;\"><div class=\"dfd-list-icon-block text-center\" style=\"margin-right:10px;font-size:30px; width:30px; height:30px; \"><img decoding=\"async\" src=\"https:\/\/fortezzabellinzona.ch\/wp-content\/uploads\/2023\/03\/fortezza_bellinzona_icona2.svg\" alt=\"Image\" \/><\/div><div class=\"dfd-list-content-block content\">N\u00f6rdlicher Hof<\/div><\/div><\/li><li class=\"\"><div class=\"dfd-list-content clearfix \" style=\"padding-bottom:10px;\"><div class=\"dfd-list-icon-block text-center\" style=\"margin-right:10px;font-size:30px; width:30px; height:30px; \"><img decoding=\"async\" src=\"https:\/\/fortezzabellinzona.ch\/wp-content\/uploads\/2023\/03\/fortezza_bellinzona_icona3.svg\" alt=\"Image\" \/><\/div><div class=\"dfd-list-content-block content\">Westlicher Hof<\/div><\/div><\/li><li class=\"\"><div class=\"dfd-list-content clearfix \" style=\"padding-bottom:10px;\"><div class=\"dfd-list-icon-block text-center\" style=\"margin-right:10px;font-size:30px; width:30px; height:30px; \"><img decoding=\"async\" src=\"https:\/\/fortezzabellinzona.ch\/wp-content\/uploads\/2023\/03\/fortezza_bellinzona_icona4.svg\" alt=\"Image\" \/><\/div><div class=\"dfd-list-content-block content\">S\u00fcdlicher Hof<\/div><\/div><\/li><li class=\"\"><div class=\"dfd-list-content clearfix \" style=\"padding-bottom:10px;\"><div class=\"dfd-list-icon-block text-center\" style=\"margin-right:10px;font-size:30px; width:30px; height:30px; \"><img decoding=\"async\" src=\"https:\/\/fortezzabellinzona.ch\/wp-content\/uploads\/2023\/03\/fortezza_bellinzona_icona5.svg\" alt=\"Image\" \/><\/div><div class=\"dfd-list-content-block content\">Torre Bianca<\/div><\/div><\/li><li class=\"\"><div class=\"dfd-list-content clearfix \" style=\"padding-bottom:10px;\"><div class=\"dfd-list-icon-block text-center\" style=\"margin-right:10px;font-size:30px; width:30px; height:30px; \"><img decoding=\"async\" src=\"https:\/\/fortezzabellinzona.ch\/wp-content\/uploads\/2023\/03\/fortezza_bellinzona_icona6.svg\" alt=\"Image\" \/><\/div><div class=\"dfd-list-content-block content\">Torre Nera<\/div><\/div><\/li><li class=\"\"><div class=\"dfd-list-content clearfix \" style=\"padding-bottom:10px;\"><div class=\"dfd-list-icon-block text-center\" style=\"margin-right:10px;font-size:30px; width:30px; height:30px; \"><img decoding=\"async\" src=\"https:\/\/fortezzabellinzona.ch\/wp-content\/uploads\/2023\/03\/fortezza_bellinzona_icona7.svg\" alt=\"Image\" \/><\/div><div class=\"dfd-list-content-block content\">S\u00fcdtrakt<\/div><\/div><\/li><li class=\"\"><div class=\"dfd-list-content clearfix \" style=\"padding-bottom:10px;\"><div class=\"dfd-list-icon-block text-center\" style=\"margin-right:10px;font-size:30px; width:30px; height:30px; \"><img decoding=\"async\" src=\"https:\/\/fortezzabellinzona.ch\/wp-content\/uploads\/2023\/03\/fortezza_bellinzona_icona8.svg\" alt=\"Image\" \/><\/div><div class=\"dfd-list-content-block content\">Zeughaus<\/div><\/div><\/li><li class=\"\"><div class=\"dfd-list-content clearfix \" style=\"padding-bottom:10px;\"><div class=\"dfd-list-icon-block text-center\" style=\"margin-right:10px;font-size:30px; width:30px; height:30px; \"><img decoding=\"async\" src=\"https:\/\/fortezzabellinzona.ch\/wp-content\/uploads\/2023\/03\/fortezza_bellinzona_icona9.svg\" alt=\"Image\" \/><\/div><div class=\"dfd-list-content-block content\">\u00c4usseres Tor<\/div><\/div><\/li><li class=\"\"><div class=\"dfd-list-content clearfix \" style=\"padding-bottom:10px;\"><div class=\"dfd-list-icon-block text-center\" style=\"margin-right:10px;font-size:30px; width:30px; height:30px; \"><img decoding=\"async\" src=\"https:\/\/fortezzabellinzona.ch\/wp-content\/uploads\/2023\/03\/fortezza_bellinzona_icona10.svg\" alt=\"Image\" \/><\/div><div class=\"dfd-list-content-block content\">Inneres Tor<\/div><\/div><\/li><li class=\"\"><div class=\"dfd-list-content clearfix \" style=\"padding-bottom:10px;\"><div class=\"dfd-list-icon-block text-center\" style=\"margin-right:10px;font-size:30px; width:30px; height:30px; \"><img decoding=\"async\" src=\"https:\/\/fortezzabellinzona.ch\/wp-content\/uploads\/2023\/03\/fortezza_bellinzona_icona11.svg\" alt=\"Image\" \/><\/div><div class=\"dfd-list-content-block content\">Zwinger<\/div><\/div><\/li><li class=\"\"><div class=\"dfd-list-content clearfix \" style=\"padding-bottom:10px;\"><div class=\"dfd-list-icon-block text-center\" style=\"margin-right:10px;font-size:30px; width:30px; height:30px; \"><img decoding=\"async\" src=\"https:\/\/fortezzabellinzona.ch\/wp-content\/uploads\/2023\/03\/fortezza_bellinzona_icona12.svg\" alt=\"Image\" \/><\/div><div class=\"dfd-list-content-block content\">Beginn der Mauer (Unterirdisch)<\/div><\/div><\/li><li class=\"\"><div class=\"dfd-list-content clearfix \" style=\"padding-bottom:10px;\"><div class=\"dfd-list-icon-block text-center\" style=\"margin-right:10px;font-size:30px; width:30px; height:30px; \"><img decoding=\"async\" src=\"https:\/\/fortezzabellinzona.ch\/wp-content\/uploads\/2023\/03\/fortezza_bellinzona_icona13.svg\" alt=\"Image\" \/><\/div><div class=\"dfd-list-content-block content\">Kapelle S. Maria<\/div><\/div><\/li><li class=\"\"><div class=\"dfd-list-content clearfix \" style=\"padding-bottom:10px;\"><div class=\"dfd-list-icon-block text-center\" style=\"margin-right:10px;font-size:30px; width:30px; height:30px; \"><img decoding=\"async\" src=\"https:\/\/fortezzabellinzona.ch\/wp-content\/uploads\/2023\/03\/fortezza_bellinzona_icona14.svg\" alt=\"Image\" \/><\/div><div class=\"dfd-list-content-block content\">\u00c4ltere Ringmauer<\/div><\/div><\/li><li class=\"\"><div class=\"dfd-list-content clearfix \" style=\"padding-bottom:10px;\"><div class=\"dfd-list-icon-block text-center\" style=\"margin-right:10px;font-size:30px; width:30px; height:30px; \"><img decoding=\"async\" src=\"https:\/\/fortezzabellinzona.ch\/wp-content\/uploads\/2023\/03\/fortezza_bellinzona_icona15.svg\" alt=\"Image\" \/><\/div><div class=\"dfd-list-content-block content\">Weg der Sinne<\/div><\/div><\/li><li class=\"\"><div class=\"dfd-list-content clearfix \" style=\"padding-bottom:10px;\"><div class=\"dfd-list-icon-block text-center\" style=\"margin-right:10px;font-size:30px; width:30px; height:30px; \"><img decoding=\"async\" src=\"https:\/\/fortezzabellinzona.ch\/wp-content\/uploads\/2023\/03\/fortezza_bellinzona_icona_museo.svg\" alt=\"Image\" \/><\/div><div class=\"dfd-list-content-block content\">Museum<\/div><\/div><\/li><li class=\"\"><div class=\"dfd-list-content clearfix \" style=\"padding-bottom:10px;\"><div class=\"dfd-list-icon-block text-center\" style=\"margin-right:10px;font-size:30px; width:30px; height:30px; \"><img decoding=\"async\" src=\"https:\/\/fortezzabellinzona.ch\/wp-content\/uploads\/2023\/03\/fortezza_bellinzona_icona_ristorante.svg\" alt=\"Image\" \/><\/div><div class=\"dfd-list-content-block content\">Ristorante Castelgrande e Grotto San Michele<\/div><\/div><\/li><li class=\"\"><div class=\"dfd-list-content clearfix \" style=\"padding-bottom:10px;\"><div class=\"dfd-list-icon-block text-center\" style=\"margin-right:10px;font-size:30px; width:30px; height:30px; \"><img decoding=\"async\" src=\"https:\/\/fortezzabellinzona.ch\/wp-content\/uploads\/2023\/03\/fortezza_bellinzona_icona_infopoint.svg\" alt=\"Image\" \/><\/div><div class=\"dfd-list-content-block content\">InfoPoint Castel Grande: T +41 (0)91 825 81 45<\/div><\/div><\/li><li class=\"\"><div class=\"dfd-list-content clearfix \" style=\"padding-bottom:10px;\"><div class=\"dfd-list-icon-block text-center\" style=\"margin-right:10px;font-size:30px; width:30px; height:30px; \"><img decoding=\"async\" src=\"https:\/\/fortezzabellinzona.ch\/wp-content\/uploads\/2023\/03\/fortezza_bellinzona_icona_panoramico.svg\" alt=\"Image\" \/><\/div><div class=\"dfd-list-content-block content\">Aussichtspunkt<\/div><\/div><\/li><\/ul><\/div><script type=\"text\/javascript\">(function($) {$(\"head\").append(\"<style>#dfd-icon-list-69de5867ddea0-2122 .dfd-icon-list .content {style=&quot;font-size: 17px; font-family: AmbitRegular; color: #000000 !important; line-height: 25px; letter-spacing: 0px; &quot;}#dfd-icon-list-69de5867ddea0-2122 .dfd-icon-list li.with-link:hover .dfd-list-content .dfd-list-content-block {color: #000000 !important; }<\/style>\");})(jQuery);<\/script>[\/vc_column][\/vc_row][vc_row anchor=&#8220;ristorazione&#8220;][vc_column]<div class=\"dfd-spacer-module\"  data-units=\"px\" data-wide_resolution=\"1280\" data-wide_size=\"200\" data-normal_resolution=\"1024\" data-normal_size=\"150\" data-tablet_resolution=\"800\" data-tablet_size=\"150\" data-mobile_resolution=\"480\" data-mobile_size=\"100\" style=\"height: 200px;\"><\/div>[\/vc_column][\/vc_row]<\/p>\n<\/div>","protected":false},"excerpt":{"rendered":"<p>[vc_row dfd_row_config=&#8220;full_width_content&#8220; css=&#8220;.vc_custom_1677662194787{background-image: url(https:\/\/fortezzabellinzona.ch\/wp-content\/uploads\/2022\/10\/fortezza_bellinzona_castel_grande_mobile.jpg?id=28938) !important;background-position: center !important;background-repeat: no-repeat !important;background-size: cover !important;}&#8220;][vc_column][\/vc_column][\/vc_row][vc_row el_class=&#8220;scoprireinterno&#8220;][vc_column css=&#8220;.vc_custom_1679557447445{padding-top: 25px !important;padding-right: 25px !important;padding-left: 25px !important;}&#8220; col_shadow=&#8220;box_shadow_enable:disable|shadow_horizontal:0|shadow_vertical:15|shadow_blur:50|shadow_spread:0|box_shadow_color:rgba(0%2C0%2C0%2C.35)&#8220; col_shadow_hover=&#8220;box_shadow_enable:disable|shadow_horizontal:0|shadow_vertical:15|shadow_blur:50|shadow_spread:0|box_shadow_color:rgba(0%2C0%2C0%2C.35)&#8220;][vc_column_text]\u2190 ENTDECKEN[\/vc_column_text][\/vc_column][\/vc_row][vc_row el_class=&#8220;scoprireinterno&#8220; css=&#8220;.vc_custom_1677666026051{padding-top: 80px !important;}&#8220;][vc_column col_shadow=&#8220;box_shadow_enable:disable|shadow_horizontal:0|shadow_vertical:15|shadow_blur:50|shadow_spread:0|box_shadow_color:rgba(0%2C0%2C0%2C.35)&#8220; col_shadow_hover=&#8220;box_shadow_enable:disable|shadow_horizontal:0|shadow_vertical:15|shadow_blur:50|shadow_spread:0|box_shadow_color:rgba(0%2C0%2C0%2C.35)&#8220; css=&#8220;.vc_custom_1674046115722{padding-right: 25px<\/p>\n","protected":false},"author":1,"featured_media":0,"parent":0,"menu_order":0,"comment_status":"closed","ping_status":"closed","template":"page-custom.php","meta":{"inline_featured_image":false,"footnotes":""},"class_list":["post-30348","page","type-page","status-publish","hentry"],"aioseo_notices":[],"_links":{"self":[{"href":"https:\/\/fortezzabellinzona.ch\/de\/wp-json\/wp\/v2\/pages\/30348","targetHints":{"allow":["GET"]}}],"collection":[{"href":"https:\/\/fortezzabellinzona.ch\/de\/wp-json\/wp\/v2\/pages"}],"about":[{"href":"https:\/\/fortezzabellinzona.ch\/de\/wp-json\/wp\/v2\/types\/page"}],"author":[{"embeddable":true,"href":"https:\/\/fortezzabellinzona.ch\/de\/wp-json\/wp\/v2\/users\/1"}],"replies":[{"embeddable":true,"href":"https:\/\/fortezzabellinzona.ch\/de\/wp-json\/wp\/v2\/comments?post=30348"}],"version-history":[{"count":4,"href":"https:\/\/fortezzabellinzona.ch\/de\/wp-json\/wp\/v2\/pages\/30348\/revisions"}],"predecessor-version":[{"id":30912,"href":"https:\/\/fortezzabellinzona.ch\/de\/wp-json\/wp\/v2\/pages\/30348\/revisions\/30912"}],"wp:attachment":[{"href":"https:\/\/fortezzabellinzona.ch\/de\/wp-json\/wp\/v2\/media?parent=30348"}],"curies":[{"name":"wp","href":"https:\/\/api.w.org\/{rel}","templated":true}]}}