{"id":30354,"date":"2023-01-18T13:58:27","date_gmt":"2023-01-18T12:58:27","guid":{"rendered":"https:\/\/fortezzabellinzona.ch\/entdecken-sie-montebello\/"},"modified":"2023-04-04T13:25:19","modified_gmt":"2023-04-04T11:25:19","slug":"entdecken-sie-montebello","status":"publish","type":"page","link":"https:\/\/fortezzabellinzona.ch\/de\/entdecken-sie-montebello\/","title":{"rendered":"Entdecken Sie Montebello"},"content":{"rendered":"<div class=\"wpb-content-wrapper\"><p>[vc_row dfd_row_config=&#8220;full_width_content&#8220; css=&#8220;.vc_custom_1677667815148{background-image: url(https:\/\/fortezzabellinzona.ch\/wp-content\/uploads\/2022\/10\/fortezza_bellinzona_montebello_mobile.jpg?id=28940) !important;background-position: center !important;background-repeat: no-repeat !important;background-size: cover !important;}&#8220;][vc_column]<div class=\"dfd-spacer-module\"  data-units=\"px\" data-wide_resolution=\"1280\" data-wide_size=\"800\" data-normal_resolution=\"1024\" data-normal_size=\"650\" data-tablet_resolution=\"800\" data-tablet_size=\"650\" data-mobile_resolution=\"480\" data-mobile_size=\"400\" style=\"height: 800px;\"><\/div>[\/vc_column][\/vc_row][vc_row el_class=&#8220;scoprireinterno&#8220;][vc_column css=&#8220;.vc_custom_1679557447445{padding-top: 25px !important;padding-right: 25px !important;padding-left: 25px !important;}&#8220; col_shadow=&#8220;box_shadow_enable:disable|shadow_horizontal:0|shadow_vertical:15|shadow_blur:50|shadow_spread:0|box_shadow_color:rgba(0%2C0%2C0%2C.35)&#8220; col_shadow_hover=&#8220;box_shadow_enable:disable|shadow_horizontal:0|shadow_vertical:15|shadow_blur:50|shadow_spread:0|box_shadow_color:rgba(0%2C0%2C0%2C.35)&#8220;][vc_column_text]<a href=\"https:\/\/fortezzabellinzona.ch\/de\/auf-entdeckungsreise\/\">\u2190 ENTDECKEN<\/a>[\/vc_column_text][\/vc_column][\/vc_row][vc_row el_class=&#8220;scoprireinterno&#8220; css=&#8220;.vc_custom_1677666026051{padding-top: 80px !important;}&#8220;][vc_column col_shadow=&#8220;box_shadow_enable:disable|shadow_horizontal:0|shadow_vertical:15|shadow_blur:50|shadow_spread:0|box_shadow_color:rgba(0%2C0%2C0%2C.35)&#8220; col_shadow_hover=&#8220;box_shadow_enable:disable|shadow_horizontal:0|shadow_vertical:15|shadow_blur:50|shadow_spread:0|box_shadow_color:rgba(0%2C0%2C0%2C.35)&#8220; css=&#8220;.vc_custom_1674046115722{padding-right: 25px !important;padding-left: 25px !important;}&#8220;]<div class=\"dfd-heading-shortcode\"><div class=\"dfd-heading-module-wrap  text-left style_01 dfd-heading-69de56d726522 dfd-disable-resposive-headings\" id=\"dfd-heading-69de56d726522\" ><div class=\"inline-block\"><div class=\"dfd-heading-module\"><h1 class=\"widget-title dfd-title \" style=\"\">Montebello<\/h1><\/div><\/div><\/div><script type=\"text\/javascript\">\r\n\t\t\t\t\t\t\t\t\t(function($) {\r\n\t\t\t\t\t\t\t\t\t\t$(\"head\").append(\"<style>.dfd-heading-69de56d726522 .dfd-heading-module .widget-title {margin-bottom:25px;}.dfd-heading-69de56d726522.dfd-heading-module-wrap .dfd-heading-module .dfd-heading-delimiter {margin-top:10px;margin-bottom:10px;}@media (max-width: 799px){.dfd-heading-69de56d726522 .dfd-title{font-size: 32px !important;letter-spacing: 0px !important;line-height: 38px !important;}}<\/style>\");\r\n\t\t\t\t\t\t\t\t\t})(jQuery);\r\n\t\t\t\t\t\t\t\t<\/script><\/div>[\/vc_column][\/vc_row][vc_row el_class=&#8220;scoprireinterno&#8220;][vc_column width=&#8220;2\/3&#8243; dfd_column_responsive_enable=&#8220;dfd-column-responsive-enable&#8220; css=&#8220;.vc_custom_1677666933115{padding-right: 25px !important;padding-left: 25px !important;}&#8220; col_shadow=&#8220;box_shadow_enable:disable|shadow_horizontal:0|shadow_vertical:15|shadow_blur:50|shadow_spread:0|box_shadow_color:rgba(0%2C0%2C0%2C.35)&#8220; col_shadow_hover=&#8220;box_shadow_enable:disable|shadow_horizontal:0|shadow_vertical:15|shadow_blur:50|shadow_spread:0|box_shadow_color:rgba(0%2C0%2C0%2C.35)&#8220; responsive_styles=&#8220;padding_bottom_mobile:50&#8243;][vc_column_text]Montebello wurde &#8211; zeitlich gesehen &#8211; als zweite Burg von Bellinzona errichtet. Montebello wurde im Sp\u00e4tmittelalter oft als \u201ekleine\u201c, \u201eneue\u201c oder \u201emittlere\u201c Burg bezeichnet und 1506 in \u201eBurg Schwyz\u201c und &#8211; nach 1818 &#8211; in \u201eBurg von San Martino\u201c umbenannt.<\/p>\n<p>Die Burg auf dem Montebello-H\u00fcgel befindet sich etwa 90 Meter \u00fcber der Stadt und besteht aus einer unregelm\u00e4ssigen, leicht l\u00e4nglichen Anlage, die durch mehrere Mauern unterteilt wird und Ende des 13. Jahrhunderts von der ghibellinischen Familie Rusca aus Como zu Wohnzwecken errichtet wurde.<\/p>\n<p>Im Jahr 1335 ging Montebello mit Beginn der Herrschaft der Visconti \u00fcber Como in den Besitz der Herren von Mailand \u00fcber. Diese bauten Montebello f\u00fcr ihre neuen strategisch-milit\u00e4rischen Bed\u00fcrfnisse aus. Die Festung wurde von hohen Mauern umgeben, die mit ghibellinischen Zinnen verziert und mit Eckt\u00fcrmen versehen waren. An der Ostseite musste jedoch ein tiefer Graben ausgehoben werden, \u00fcber den eine h\u00f6lzerne Zugbr\u00fccke gelegt wurde.<\/p>\n<p>Wie bei Castel Grande waren die Erweiterungs- und Untermauerungsarbeiten in der zweiten H\u00e4lfte des 15. Jahrhunderts (1462-1490) f\u00fcr den Herrschaftssitz von Montebello besonders wichtig. Im Zuge dessen wurde vor allem eine zweite, massivere und st\u00e4rkere Wehrmauer mit runden T\u00fcrmen errichtet. An der Ostseite wurden ausserdem ein Aussenwerk und eine hohe Ringmauer zum Schutz der Burg vor Angriffen errichtet.<\/p>\n<p>Montebello, die ebenfalls von mindestens einem vom Herzog ernannten Kastellan bewacht wurde, gilt daher als wesentlicher Bestandteil des Verteidigungssystems von Bellinzona. Von der rautenf\u00f6rmigen Festung gingen im Norden und im S\u00fcden zwei weitere Mauern ab, welche die mittelalterliche Stadt gemeinsam mit dem Castel Grande zu Verteidigungszwecken umgaben.[\/vc_column_text][\/vc_column][vc_column width=&#8220;1\/3&#8243; css=&#8220;.vc_custom_1677666938424{padding-right: 25px !important;padding-left: 25px !important;}&#8220; col_shadow=&#8220;box_shadow_enable:disable|shadow_horizontal:0|shadow_vertical:15|shadow_blur:50|shadow_spread:0|box_shadow_color:rgba(0%2C0%2C0%2C.35)&#8220; col_shadow_hover=&#8220;box_shadow_enable:disable|shadow_horizontal:0|shadow_vertical:15|shadow_blur:50|shadow_spread:0|box_shadow_color:rgba(0%2C0%2C0%2C.35)&#8220;]<div id=\"dfd-facts-69de56d7265e6-6272\" class=\"dfd-facts-counter  layout-1  dfd-counter\" ><div class=\"wrap\" ><div class=\"stat-count\"> <div class=\"facts-number call-on-waypoint \" data-animation=\"count\" data-max=\"2\" style=\"font-size: 60px; font-family: AmbitRegular; color: #a71916 !important; line-height: 70px; \">0<\/div> <\/div><\/div><div class=\"facts-title feature-title\" style=\"font-size: 17px; font-family: AmbitRegular; color: #a71916 !important; line-height: 26px; letter-spacing: 0px; \">Zugbr\u00fccken<\/div><\/div><div id=\"dfd-facts-69de56d72662d-7631\" class=\"dfd-facts-counter  layout-1  dfd-counter\" ><div class=\"wrap\" ><div class=\"stat-count\"> <div class=\"facts-number call-on-waypoint \" data-animation=\"count\" data-max=\"1\" style=\"font-size: 60px; font-family: AmbitRegular; color: #a71916 !important; line-height: 70px; \">0<\/div> <\/div><\/div><div class=\"facts-title feature-title\" style=\"font-size: 17px; font-family: AmbitRegular; color: #a71916 !important; line-height: 26px; letter-spacing: 0px; \">Burggraben<\/div><\/div><div id=\"dfd-facts-69de56d726662-1816\" class=\"dfd-facts-counter  layout-1  dfd-counter\" ><div class=\"wrap\" ><div class=\"stat-count\"> <div class=\"facts-number call-on-waypoint \" data-animation=\"count\" data-max=\"1\" style=\"font-size: 60px; font-family: AmbitRegular; color: #a71916 !important; line-height: 70px; \">0<\/div> <\/div><\/div><div class=\"facts-title feature-title\" style=\"font-size: 17px; font-family: AmbitRegular; color: #a71916 !important; line-height: 26px; letter-spacing: 0px; \">Arch\u00e4ologie-Museum<\/div><\/div>[\/vc_column][\/vc_row][vc_row anchor=&#8220;ristorazione&#8220;][vc_column]<div class=\"dfd-spacer-module\"  data-units=\"px\" data-wide_resolution=\"1280\" data-wide_size=\"100\" data-normal_resolution=\"1024\" data-normal_size=\"100\" data-tablet_resolution=\"800\" data-tablet_size=\"100\" data-mobile_resolution=\"480\" data-mobile_size=\"100\" style=\"height: 100px;\"><\/div>[\/vc_column][\/vc_row][vc_row el_class=&#8220;scoprireinterno&#8220;][vc_column width=&#8220;1\/2&#8243; css=&#8220;.vc_custom_1677666915126{padding-right: 25px !important;padding-left: 25px !important;}&#8220; col_shadow=&#8220;box_shadow_enable:disable|shadow_horizontal:0|shadow_vertical:15|shadow_blur:50|shadow_spread:0|box_shadow_color:rgba(0%2C0%2C0%2C.35)&#8220; col_shadow_hover=&#8220;box_shadow_enable:disable|shadow_horizontal:0|shadow_vertical:15|shadow_blur:50|shadow_spread:0|box_shadow_color:rgba(0%2C0%2C0%2C.35)&#8220;]<div class=\"dfd-info-banner style-01  delimiter-hidden  text-left\" ><div class=\"image-cover \"><img loading=\"lazy\" decoding=\"async\" src=\"https:\/\/fortezzabellinzona.ch\/wp-content\/uploads\/2023\/03\/fortezza_bellinzona_mappa_montebello.svg\" alt=\"Image\"  width=\"800\" height=\"350\" class=\"info-banner-image \" \/><\/div><\/div>[\/vc_column][vc_column width=&#8220;1\/2&#8243; dfd_column_responsive_enable=&#8220;dfd-column-responsive-enable&#8220; css=&#8220;.vc_custom_1677666904911{padding-right: 25px !important;padding-left: 25px !important;}&#8220; col_shadow=&#8220;box_shadow_enable:disable|shadow_horizontal:0|shadow_vertical:15|shadow_blur:50|shadow_spread:0|box_shadow_color:rgba(0%2C0%2C0%2C.35)&#8220; col_shadow_hover=&#8220;box_shadow_enable:disable|shadow_horizontal:0|shadow_vertical:15|shadow_blur:50|shadow_spread:0|box_shadow_color:rgba(0%2C0%2C0%2C.35)&#8220; responsive_styles=&#8220;padding_top_mobile:25&#8243;]<div id=\"dfd-icon-list-69de56d726cf9-9114\" class=\"dfd-icon-list-wrap  style-1  \" ><ul class=\"dfd-icon-list\"><li class=\"\"><div class=\"dfd-list-content clearfix \" style=\"padding-bottom:10px;\"><div class=\"dfd-list-icon-block text-center\" style=\"margin-right:10px;font-size:30px; width:30px; height:30px; \"><img decoding=\"async\" src=\"https:\/\/fortezzabellinzona.ch\/wp-content\/uploads\/2023\/03\/fortezza_bellinzona_icona1.svg\" alt=\"Image\" \/><\/div><div class=\"dfd-list-content-block content\">Vorwerk<\/div><\/div><\/li><li class=\"\"><div class=\"dfd-list-content clearfix \" style=\"padding-bottom:10px;\"><div class=\"dfd-list-icon-block text-center\" style=\"margin-right:10px;font-size:30px; width:30px; height:30px; \"><img decoding=\"async\" src=\"https:\/\/fortezzabellinzona.ch\/wp-content\/uploads\/2023\/03\/fortezza_bellinzona_icona2.svg\" alt=\"Image\" \/><\/div><div class=\"dfd-list-content-block content\">Hauptburg<\/div><\/div><\/li><li class=\"\"><div class=\"dfd-list-content clearfix \" style=\"padding-bottom:10px;\"><div class=\"dfd-list-icon-block text-center\" style=\"margin-right:10px;font-size:30px; width:30px; height:30px; \"><img decoding=\"async\" src=\"https:\/\/fortezzabellinzona.ch\/wp-content\/uploads\/2023\/03\/fortezza_bellinzona_icona3.svg\" alt=\"Image\" \/><\/div><div class=\"dfd-list-content-block content\">Kernanlage<\/div><\/div><\/li><li class=\"\"><div class=\"dfd-list-content clearfix \" style=\"padding-bottom:10px;\"><div class=\"dfd-list-icon-block text-center\" style=\"margin-right:10px;font-size:30px; width:30px; height:30px; \"><img decoding=\"async\" src=\"https:\/\/fortezzabellinzona.ch\/wp-content\/uploads\/2023\/03\/fortezza_bellinzona_icona4.svg\" alt=\"Image\" \/><\/div><div class=\"dfd-list-content-block content\">Beginn der Mauer<\/div><\/div><\/li><li class=\"\"><div class=\"dfd-list-content clearfix \" style=\"padding-bottom:10px;\"><div class=\"dfd-list-icon-block text-center\" style=\"margin-right:10px;font-size:30px; width:30px; height:30px; \"><img decoding=\"async\" src=\"https:\/\/fortezzabellinzona.ch\/wp-content\/uploads\/2023\/03\/fortezza_bellinzona_icona5.svg\" alt=\"Image\" \/><\/div><div class=\"dfd-list-content-block content\">Burggraben<\/div><\/div><\/li><li class=\"\"><div class=\"dfd-list-content clearfix \" style=\"padding-bottom:10px;\"><div class=\"dfd-list-icon-block text-center\" style=\"margin-right:10px;font-size:30px; width:30px; height:30px; \"><img decoding=\"async\" src=\"https:\/\/fortezzabellinzona.ch\/wp-content\/uploads\/2023\/03\/fortezza_bellinzona_icona6.svg\" alt=\"Image\" \/><\/div><div class=\"dfd-list-content-block content\">Inneres Tor<\/div><\/div><\/li><li class=\"\"><div class=\"dfd-list-content clearfix \" style=\"padding-bottom:10px;\"><div class=\"dfd-list-icon-block text-center\" style=\"margin-right:10px;font-size:30px; width:30px; height:30px; \"><img decoding=\"async\" src=\"https:\/\/fortezzabellinzona.ch\/wp-content\/uploads\/2023\/03\/fortezza_bellinzona_icona7.svg\" alt=\"Image\" \/><\/div><div class=\"dfd-list-content-block content\">Stadtseitiges Tor<\/div><\/div><\/li><li class=\"\"><div class=\"dfd-list-content clearfix \" style=\"padding-bottom:10px;\"><div class=\"dfd-list-icon-block text-center\" style=\"margin-right:10px;font-size:30px; width:30px; height:30px; \"><img decoding=\"async\" src=\"https:\/\/fortezzabellinzona.ch\/wp-content\/uploads\/2023\/03\/fortezza_bellinzona_icona8.svg\" alt=\"Image\" \/><\/div><div class=\"dfd-list-content-block content\">Mauern<\/div><\/div><\/li><li class=\"\"><div class=\"dfd-list-content clearfix \" style=\"padding-bottom:10px;\"><div class=\"dfd-list-icon-block text-center\" style=\"margin-right:10px;font-size:30px; width:30px; height:30px; \"><img decoding=\"async\" src=\"https:\/\/fortezzabellinzona.ch\/wp-content\/uploads\/2023\/03\/fortezza_bellinzona_icona9.svg\" alt=\"Image\" \/><\/div><div class=\"dfd-list-content-block content\">Polygonturm<\/div><\/div><\/li><li class=\"\"><div class=\"dfd-list-content clearfix \" style=\"padding-bottom:10px;\"><div class=\"dfd-list-icon-block text-center\" style=\"margin-right:10px;font-size:30px; width:30px; height:30px; \"><img decoding=\"async\" src=\"https:\/\/fortezzabellinzona.ch\/wp-content\/uploads\/2023\/03\/fortezza_bellinzona_icona10.svg\" alt=\"Image\" \/><\/div><div class=\"dfd-list-content-block content\">Kapelle S. Martino<\/div><\/div><\/li><li class=\"\"><div class=\"dfd-list-content clearfix \" style=\"padding-bottom:10px;\"><div class=\"dfd-list-icon-block text-center\" style=\"margin-right:10px;font-size:30px; width:30px; height:30px; \"><img decoding=\"async\" src=\"https:\/\/fortezzabellinzona.ch\/wp-content\/uploads\/2023\/03\/fortezza_bellinzona_icona11.svg\" alt=\"Image\" \/><\/div><div class=\"dfd-list-content-block content\">Raum des Prestino<\/div><\/div><\/li><li class=\"\"><div class=\"dfd-list-content clearfix \" style=\"padding-bottom:10px;\"><div class=\"dfd-list-icon-block text-center\" style=\"margin-right:10px;font-size:30px; width:30px; height:30px; \"><img decoding=\"async\" src=\"https:\/\/fortezzabellinzona.ch\/wp-content\/uploads\/2023\/03\/fortezza_bellinzona_icona_museo.svg\" alt=\"Image\" \/><\/div><div class=\"dfd-list-content-block content\">Museum<\/div><\/div><\/li><li class=\"\"><div class=\"dfd-list-content clearfix \" style=\"padding-bottom:10px;\"><div class=\"dfd-list-icon-block text-center\" style=\"margin-right:10px;font-size:30px; width:30px; height:30px; \"><img decoding=\"async\" src=\"https:\/\/fortezzabellinzona.ch\/wp-content\/uploads\/2023\/03\/fortezza_bellinzona_icona_parcogiochi.svg\" alt=\"Image\" \/><\/div><div class=\"dfd-list-content-block content\">Spielplatz<\/div><\/div><\/li><li class=\"\"><div class=\"dfd-list-content clearfix \" style=\"padding-bottom:10px;\"><div class=\"dfd-list-icon-block text-center\" style=\"margin-right:10px;font-size:30px; width:30px; height:30px; \"><img decoding=\"async\" src=\"https:\/\/fortezzabellinzona.ch\/wp-content\/uploads\/2023\/03\/fortezza_bellinzona_icona_infopoint.svg\" alt=\"Image\" \/><\/div><div class=\"dfd-list-content-block content\">InfoPoint Montebello: T +41 (0)91 825 13 42<\/div><\/div><\/li><li class=\"\"><div class=\"dfd-list-content clearfix \" style=\"padding-bottom:10px;\"><div class=\"dfd-list-icon-block text-center\" style=\"margin-right:10px;font-size:30px; width:30px; height:30px; \"><img decoding=\"async\" src=\"https:\/\/fortezzabellinzona.ch\/wp-content\/uploads\/2023\/03\/fortezza_bellinzona_icona_panoramico.svg\" alt=\"Image\" \/><\/div><div class=\"dfd-list-content-block content\">Aussichtspunkt<\/div><\/div><\/li><li class=\"\"><div class=\"dfd-list-content clearfix \" style=\"padding-bottom:10px;\"><div class=\"dfd-list-icon-block text-center\" style=\"margin-right:10px;font-size:30px; width:30px; height:30px; \"><img decoding=\"async\" src=\"https:\/\/fortezzabellinzona.ch\/wp-content\/uploads\/2023\/03\/fortezza_bellinzona_icona_swisstour.svg\" alt=\"Image\" \/><\/div><div class=\"dfd-list-content-block content\">Photospot Grand Tour of Switzerland<\/div><\/div><\/li><\/ul><\/div><script type=\"text\/javascript\">(function($) {$(\"head\").append(\"<style>#dfd-icon-list-69de56d726cf9-9114 .dfd-icon-list .content {style=&quot;font-size: 17px; font-family: AmbitRegular; color: #000000 !important; line-height: 25px; letter-spacing: 0px; &quot;}#dfd-icon-list-69de56d726cf9-9114 .dfd-icon-list li.with-link:hover .dfd-list-content .dfd-list-content-block {color: #000000 !important; }<\/style>\");})(jQuery);<\/script>[\/vc_column][\/vc_row][vc_row anchor=&#8220;ristorazione&#8220;][vc_column]<div class=\"dfd-spacer-module\"  data-units=\"px\" data-wide_resolution=\"1280\" data-wide_size=\"200\" data-normal_resolution=\"1024\" data-normal_size=\"150\" data-tablet_resolution=\"800\" data-tablet_size=\"150\" data-mobile_resolution=\"480\" data-mobile_size=\"100\" style=\"height: 200px;\"><\/div>[\/vc_column][\/vc_row]<\/p>\n<\/div>","protected":false},"excerpt":{"rendered":"<p>[vc_row dfd_row_config=&#8220;full_width_content&#8220; css=&#8220;.vc_custom_1677667815148{background-image: url(https:\/\/fortezzabellinzona.ch\/wp-content\/uploads\/2022\/10\/fortezza_bellinzona_montebello_mobile.jpg?id=28940) !important;background-position: center !important;background-repeat: no-repeat !important;background-size: cover !important;}&#8220;][vc_column][\/vc_column][\/vc_row][vc_row el_class=&#8220;scoprireinterno&#8220;][vc_column css=&#8220;.vc_custom_1679557447445{padding-top: 25px !important;padding-right: 25px !important;padding-left: 25px !important;}&#8220; col_shadow=&#8220;box_shadow_enable:disable|shadow_horizontal:0|shadow_vertical:15|shadow_blur:50|shadow_spread:0|box_shadow_color:rgba(0%2C0%2C0%2C.35)&#8220; col_shadow_hover=&#8220;box_shadow_enable:disable|shadow_horizontal:0|shadow_vertical:15|shadow_blur:50|shadow_spread:0|box_shadow_color:rgba(0%2C0%2C0%2C.35)&#8220;][vc_column_text]\u2190 ENTDECKEN[\/vc_column_text][\/vc_column][\/vc_row][vc_row el_class=&#8220;scoprireinterno&#8220; css=&#8220;.vc_custom_1677666026051{padding-top: 80px !important;}&#8220;][vc_column col_shadow=&#8220;box_shadow_enable:disable|shadow_horizontal:0|shadow_vertical:15|shadow_blur:50|shadow_spread:0|box_shadow_color:rgba(0%2C0%2C0%2C.35)&#8220; col_shadow_hover=&#8220;box_shadow_enable:disable|shadow_horizontal:0|shadow_vertical:15|shadow_blur:50|shadow_spread:0|box_shadow_color:rgba(0%2C0%2C0%2C.35)&#8220; css=&#8220;.vc_custom_1674046115722{padding-right: 25px<\/p>\n","protected":false},"author":1,"featured_media":0,"parent":0,"menu_order":0,"comment_status":"closed","ping_status":"closed","template":"page-custom.php","meta":{"inline_featured_image":false,"footnotes":""},"class_list":["post-30354","page","type-page","status-publish","hentry"],"aioseo_notices":[],"_links":{"self":[{"href":"https:\/\/fortezzabellinzona.ch\/de\/wp-json\/wp\/v2\/pages\/30354","targetHints":{"allow":["GET"]}}],"collection":[{"href":"https:\/\/fortezzabellinzona.ch\/de\/wp-json\/wp\/v2\/pages"}],"about":[{"href":"https:\/\/fortezzabellinzona.ch\/de\/wp-json\/wp\/v2\/types\/page"}],"author":[{"embeddable":true,"href":"https:\/\/fortezzabellinzona.ch\/de\/wp-json\/wp\/v2\/users\/1"}],"replies":[{"embeddable":true,"href":"https:\/\/fortezzabellinzona.ch\/de\/wp-json\/wp\/v2\/comments?post=30354"}],"version-history":[{"count":4,"href":"https:\/\/fortezzabellinzona.ch\/de\/wp-json\/wp\/v2\/pages\/30354\/revisions"}],"predecessor-version":[{"id":30918,"href":"https:\/\/fortezzabellinzona.ch\/de\/wp-json\/wp\/v2\/pages\/30354\/revisions\/30918"}],"wp:attachment":[{"href":"https:\/\/fortezzabellinzona.ch\/de\/wp-json\/wp\/v2\/media?parent=30354"}],"curies":[{"name":"wp","href":"https:\/\/api.w.org\/{rel}","templated":true}]}}