{"id":30358,"date":"2023-01-18T13:59:46","date_gmt":"2023-01-18T12:59:46","guid":{"rendered":"https:\/\/fortezzabellinzona.ch\/entdecken-sie-sasso-corbaro\/"},"modified":"2023-04-04T13:25:35","modified_gmt":"2023-04-04T11:25:35","slug":"entdecken-sie-sasso-corbaro","status":"publish","type":"page","link":"https:\/\/fortezzabellinzona.ch\/de\/entdecken-sie-sasso-corbaro\/","title":{"rendered":"Entdecken Sie Sasso Corbaro"},"content":{"rendered":"<div class=\"wpb-content-wrapper\"><p>[vc_row dfd_row_config=&#8220;full_width_content&#8220; css=&#8220;.vc_custom_1677667937310{background-image: url(https:\/\/fortezzabellinzona.ch\/wp-content\/uploads\/2022\/10\/fortezza_bellinzona_sasso_corbaro_mobile.jpg?id=28945) !important;background-position: center !important;background-repeat: no-repeat !important;background-size: cover !important;}&#8220;][vc_column]<div class=\"dfd-spacer-module\"  data-units=\"px\" data-wide_resolution=\"1280\" data-wide_size=\"800\" data-normal_resolution=\"1024\" data-normal_size=\"650\" data-tablet_resolution=\"800\" data-tablet_size=\"650\" data-mobile_resolution=\"480\" data-mobile_size=\"400\" style=\"height: 800px;\"><\/div>[\/vc_column][\/vc_row][vc_row el_class=&#8220;scoprireinterno&#8220;][vc_column css=&#8220;.vc_custom_1679557447445{padding-top: 25px !important;padding-right: 25px !important;padding-left: 25px !important;}&#8220; col_shadow=&#8220;box_shadow_enable:disable|shadow_horizontal:0|shadow_vertical:15|shadow_blur:50|shadow_spread:0|box_shadow_color:rgba(0%2C0%2C0%2C.35)&#8220; col_shadow_hover=&#8220;box_shadow_enable:disable|shadow_horizontal:0|shadow_vertical:15|shadow_blur:50|shadow_spread:0|box_shadow_color:rgba(0%2C0%2C0%2C.35)&#8220;][vc_column_text]<a href=\"https:\/\/fortezzabellinzona.ch\/de\/auf-entdeckungsreise\/\">\u2190 ENTDECKEN<\/a>[\/vc_column_text][\/vc_column][\/vc_row][vc_row el_class=&#8220;scoprireinterno&#8220; css=&#8220;.vc_custom_1677666026051{padding-top: 80px !important;}&#8220;][vc_column col_shadow=&#8220;box_shadow_enable:disable|shadow_horizontal:0|shadow_vertical:15|shadow_blur:50|shadow_spread:0|box_shadow_color:rgba(0%2C0%2C0%2C.35)&#8220; col_shadow_hover=&#8220;box_shadow_enable:disable|shadow_horizontal:0|shadow_vertical:15|shadow_blur:50|shadow_spread:0|box_shadow_color:rgba(0%2C0%2C0%2C.35)&#8220; css=&#8220;.vc_custom_1674046115722{padding-right: 25px !important;padding-left: 25px !important;}&#8220;]<div class=\"dfd-heading-shortcode\"><div class=\"dfd-heading-module-wrap  text-left style_01 dfd-heading-69dfea94e3872 dfd-disable-resposive-headings\" id=\"dfd-heading-69dfea94e3872\" ><div class=\"inline-block\"><div class=\"dfd-heading-module\"><h1 class=\"widget-title dfd-title \" style=\"\">Sasso Corbaro<\/h1><\/div><\/div><\/div><script type=\"text\/javascript\">\r\n\t\t\t\t\t\t\t\t\t(function($) {\r\n\t\t\t\t\t\t\t\t\t\t$(\"head\").append(\"<style>.dfd-heading-69dfea94e3872 .dfd-heading-module .widget-title {margin-bottom:25px;}.dfd-heading-69dfea94e3872.dfd-heading-module-wrap .dfd-heading-module .dfd-heading-delimiter {margin-top:10px;margin-bottom:10px;}@media (max-width: 799px){.dfd-heading-69dfea94e3872 .dfd-title{font-size: 32px !important;letter-spacing: 0px !important;line-height: 38px !important;}}<\/style>\");\r\n\t\t\t\t\t\t\t\t\t})(jQuery);\r\n\t\t\t\t\t\t\t\t<\/script><\/div>[\/vc_column][\/vc_row][vc_row el_class=&#8220;scoprireinterno&#8220;][vc_column width=&#8220;2\/3&#8243; dfd_column_responsive_enable=&#8220;dfd-column-responsive-enable&#8220; css=&#8220;.vc_custom_1677666933115{padding-right: 25px !important;padding-left: 25px !important;}&#8220; col_shadow=&#8220;box_shadow_enable:disable|shadow_horizontal:0|shadow_vertical:15|shadow_blur:50|shadow_spread:0|box_shadow_color:rgba(0%2C0%2C0%2C.35)&#8220; col_shadow_hover=&#8220;box_shadow_enable:disable|shadow_horizontal:0|shadow_vertical:15|shadow_blur:50|shadow_spread:0|box_shadow_color:rgba(0%2C0%2C0%2C.35)&#8220; responsive_styles=&#8220;padding_bottom_mobile:50&#8243;][vc_column_text]Etwa 600 Meter s\u00fcd\u00f6stlich von Bellinzona befindet sich auf dem h\u00f6chsten Punkt des Felsens mit den Befestigungsanlagen von Bellinzona die Burg Sasso Corbaro. Sasso Corbaro wurde ab 1506 auch als Burg Unterwalden und ab 1818 als Burg Santa Barbara bezeichnet. Die Burg erscheint als typische Sforza-Festung, deren Mauern sich im Wesentlichen auf eine geometrische Figur reduzieren. Das Bauwerk weist n\u00e4mlich einfache Linien auf: Es hat einen quadratischen Grundriss und umschliesst einen kleinen Hof, die Geb\u00e4ude, zwei Eckt\u00fcrme &#8211; der Bergfried und der Aussichtsturm &#8211; und den zinnenbewehrten Wehrgang. Im Gegensatz zu den anderen Festungen in Bellinzona, die im sp\u00e4ten Mittelalter zu einer einzigen Befestigungsanlage wurden, zeigt sich die Burg als einzelnes und nach allen Seiten hin alleinstehendes Geb\u00e4ude.<\/p>\n<p>Die Burg von Sasso Corbaro ist auch die einzige der drei Festungen von Bellinzona, deren genauer Baubeginn bekannt ist. Obwohl belegt ist, dass es seit Ende des 14. Jahrhunderts einen Kontroll- und Beobachtungsturm gibt, wurde erst in den ersten Monaten des Jahres 1479 mit dem Bau der heute noch erhaltenen Burg begonnen. Um den immer st\u00e4rker werdenden Einf\u00e4llen der Konf\u00f6derierten in Bellinzona entgegenzuwirken, wurde die Burg auf Befehl des Herzogs vom ber\u00fchmten florentinischen Architekten Benedetto Ferrini, der im Herbst desselben Jahres an der Pest starb, mit grosser Eile gebaut. Die Arbeiten wurden schliesslich von dem herzoglichen Ingenieur Gabriele Ghiringhelli abgeschlossen.<\/p>\n<p>Neben dem wesentlichen Verteidigungszweck wurde die Burg Sasso Corbaro auch als Gef\u00e4ngnis genutzt. In diesem Zusammenhang ist ein Ausbruch im Jahr 1494 dokumentiert.[\/vc_column_text][\/vc_column][vc_column width=&#8220;1\/3&#8243; css=&#8220;.vc_custom_1677666938424{padding-right: 25px !important;padding-left: 25px !important;}&#8220; col_shadow=&#8220;box_shadow_enable:disable|shadow_horizontal:0|shadow_vertical:15|shadow_blur:50|shadow_spread:0|box_shadow_color:rgba(0%2C0%2C0%2C.35)&#8220; col_shadow_hover=&#8220;box_shadow_enable:disable|shadow_horizontal:0|shadow_vertical:15|shadow_blur:50|shadow_spread:0|box_shadow_color:rgba(0%2C0%2C0%2C.35)&#8220;]<div id=\"dfd-facts-69dfea94e393d-8020\" class=\"dfd-facts-counter  layout-1  dfd-counter\" ><div class=\"wrap\" ><div class=\"stat-count\"> <div class=\"facts-number call-on-waypoint \" data-animation=\"count\" data-max=\"230\" style=\"font-size: 60px; font-family: AmbitRegular; color: #a71916 !important; line-height: 70px; \">0<\/div> <\/div><\/div><div class=\"facts-title feature-title\" style=\"font-size: 17px; font-family: AmbitRegular; color: #a71916 !important; line-height: 26px; letter-spacing: 0px; \">\u00dcber der Stadt<\/div><\/div><div id=\"dfd-facts-69dfea94e3983-4180\" class=\"dfd-facts-counter  layout-1  dfd-counter\" ><div class=\"wrap\" ><div class=\"stat-count\"> <div class=\"facts-number call-on-waypoint \" data-animation=\"count\" data-max=\"14\" style=\"font-size: 60px; font-family: AmbitRegular; color: #a71916 !important; line-height: 70px; \">0<\/div> <\/div><\/div><div class=\"facts-title feature-title\" style=\"font-size: 17px; font-family: AmbitRegular; color: #a71916 !important; line-height: 26px; letter-spacing: 0px; \">Meter (Abwehrturm)<\/div><\/div><div id=\"dfd-facts-69dfea94e39d2-8889\" class=\"dfd-facts-counter  layout-1  dfd-counter\" ><div class=\"wrap\" ><div class=\"stat-count\"> <div class=\"facts-number call-on-waypoint \" data-animation=\"count\" data-max=\"6\" style=\"font-size: 60px; font-family: AmbitRegular; color: #a71916 !important; line-height: 70px; \">0<\/div> <\/div><\/div><div class=\"facts-title feature-title\" style=\"font-size: 17px; font-family: AmbitRegular; color: #a71916 !important; line-height: 26px; letter-spacing: 0px; \">Ausstellungsr\u00e4ume<\/div><\/div>[\/vc_column][\/vc_row][vc_row anchor=&#8220;ristorazione&#8220;][vc_column]<div class=\"dfd-spacer-module\"  data-units=\"px\" data-wide_resolution=\"1280\" data-wide_size=\"100\" data-normal_resolution=\"1024\" data-normal_size=\"100\" data-tablet_resolution=\"800\" data-tablet_size=\"100\" data-mobile_resolution=\"480\" data-mobile_size=\"100\" style=\"height: 100px;\"><\/div>[\/vc_column][\/vc_row][vc_row el_class=&#8220;scoprireinterno&#8220;][vc_column width=&#8220;1\/2&#8243; css=&#8220;.vc_custom_1677666915126{padding-right: 25px !important;padding-left: 25px !important;}&#8220; col_shadow=&#8220;box_shadow_enable:disable|shadow_horizontal:0|shadow_vertical:15|shadow_blur:50|shadow_spread:0|box_shadow_color:rgba(0%2C0%2C0%2C.35)&#8220; col_shadow_hover=&#8220;box_shadow_enable:disable|shadow_horizontal:0|shadow_vertical:15|shadow_blur:50|shadow_spread:0|box_shadow_color:rgba(0%2C0%2C0%2C.35)&#8220;]<div class=\"dfd-info-banner style-01  delimiter-hidden  text-left\" ><div class=\"image-cover \"><img loading=\"lazy\" decoding=\"async\" src=\"https:\/\/fortezzabellinzona.ch\/wp-content\/uploads\/2023\/03\/fortezza_bellinzona_mappa_sasso_corbaro.svg\" alt=\"Image\"  width=\"800\" height=\"350\" class=\"info-banner-image \" \/><\/div><\/div>[\/vc_column][vc_column width=&#8220;1\/2&#8243; dfd_column_responsive_enable=&#8220;dfd-column-responsive-enable&#8220; css=&#8220;.vc_custom_1677666904911{padding-right: 25px !important;padding-left: 25px !important;}&#8220; col_shadow=&#8220;box_shadow_enable:disable|shadow_horizontal:0|shadow_vertical:15|shadow_blur:50|shadow_spread:0|box_shadow_color:rgba(0%2C0%2C0%2C.35)&#8220; col_shadow_hover=&#8220;box_shadow_enable:disable|shadow_horizontal:0|shadow_vertical:15|shadow_blur:50|shadow_spread:0|box_shadow_color:rgba(0%2C0%2C0%2C.35)&#8220; responsive_styles=&#8220;padding_top_mobile:25&#8243;]<div id=\"dfd-icon-list-69dfea94e3ffb-8498\" class=\"dfd-icon-list-wrap  style-1  \" ><ul class=\"dfd-icon-list\"><li class=\"\"><div class=\"dfd-list-content clearfix \" style=\"padding-bottom:10px;\"><div class=\"dfd-list-icon-block text-center\" style=\"margin-right:10px;font-size:30px; width:30px; height:30px; \"><img decoding=\"async\" src=\"https:\/\/fortezzabellinzona.ch\/wp-content\/uploads\/2023\/03\/fortezza_bellinzona_icona1.svg\" alt=\"Image\" \/><\/div><div class=\"dfd-list-content-block content\">Hauptburg<\/div><\/div><\/li><li class=\"\"><div class=\"dfd-list-content clearfix \" style=\"padding-bottom:10px;\"><div class=\"dfd-list-icon-block text-center\" style=\"margin-right:10px;font-size:30px; width:30px; height:30px; \"><img decoding=\"async\" src=\"https:\/\/fortezzabellinzona.ch\/wp-content\/uploads\/2023\/03\/fortezza_bellinzona_icona2.svg\" alt=\"Image\" \/><\/div><div class=\"dfd-list-content-block content\">Vorburg<\/div><\/div><\/li><li class=\"\"><div class=\"dfd-list-content clearfix \" style=\"padding-bottom:10px;\"><div class=\"dfd-list-icon-block text-center\" style=\"margin-right:10px;font-size:30px; width:30px; height:30px; \"><img decoding=\"async\" src=\"https:\/\/fortezzabellinzona.ch\/wp-content\/uploads\/2023\/03\/fortezza_bellinzona_icona3.svg\" alt=\"Image\" \/><\/div><div class=\"dfd-list-content-block content\">Eingang<\/div><\/div><\/li><li class=\"\"><div class=\"dfd-list-content clearfix \" style=\"padding-bottom:10px;\"><div class=\"dfd-list-icon-block text-center\" style=\"margin-right:10px;font-size:30px; width:30px; height:30px; \"><img decoding=\"async\" src=\"https:\/\/fortezzabellinzona.ch\/wp-content\/uploads\/2023\/03\/fortezza_bellinzona_icona4.svg\" alt=\"Image\" \/><\/div><div class=\"dfd-list-content-block content\">Eingang 15. Jh.<\/div><\/div><\/li><li class=\"\"><div class=\"dfd-list-content clearfix \" style=\"padding-bottom:10px;\"><div class=\"dfd-list-icon-block text-center\" style=\"margin-right:10px;font-size:30px; width:30px; height:30px; \"><img decoding=\"async\" src=\"https:\/\/fortezzabellinzona.ch\/wp-content\/uploads\/2023\/03\/fortezza_bellinzona_icona5.svg\" alt=\"Image\" \/><\/div><div class=\"dfd-list-content-block content\">Inneres Tor<\/div><\/div><\/li><li class=\"\"><div class=\"dfd-list-content clearfix \" style=\"padding-bottom:10px;\"><div class=\"dfd-list-icon-block text-center\" style=\"margin-right:10px;font-size:30px; width:30px; height:30px; \"><img decoding=\"async\" src=\"https:\/\/fortezzabellinzona.ch\/wp-content\/uploads\/2023\/03\/fortezza_bellinzona_icona6.svg\" alt=\"Image\" \/><\/div><div class=\"dfd-list-content-block content\">Hof<\/div><\/div><\/li><li class=\"\"><div class=\"dfd-list-content clearfix \" style=\"padding-bottom:10px;\"><div class=\"dfd-list-icon-block text-center\" style=\"margin-right:10px;font-size:30px; width:30px; height:30px; \"><img decoding=\"async\" src=\"https:\/\/fortezzabellinzona.ch\/wp-content\/uploads\/2023\/03\/fortezza_bellinzona_icona7.svg\" alt=\"Image\" \/><\/div><div class=\"dfd-list-content-block content\">Bergfried<\/div><\/div><\/li><li class=\"\"><div class=\"dfd-list-content clearfix \" style=\"padding-bottom:10px;\"><div class=\"dfd-list-icon-block text-center\" style=\"margin-right:10px;font-size:30px; width:30px; height:30px; \"><img decoding=\"async\" src=\"https:\/\/fortezzabellinzona.ch\/wp-content\/uploads\/2023\/03\/fortezza_bellinzona_icona8.svg\" alt=\"Image\" \/><\/div><div class=\"dfd-list-content-block content\">Wohnbauten<\/div><\/div><\/li><li class=\"\"><div class=\"dfd-list-content clearfix \" style=\"padding-bottom:10px;\"><div class=\"dfd-list-icon-block text-center\" style=\"margin-right:10px;font-size:30px; width:30px; height:30px; \"><img decoding=\"async\" src=\"https:\/\/fortezzabellinzona.ch\/wp-content\/uploads\/2023\/03\/fortezza_bellinzona_icona9.svg\" alt=\"Image\" \/><\/div><div class=\"dfd-list-content-block content\">Flankierungsturm<\/div><\/div><\/li><li class=\"\"><div class=\"dfd-list-content clearfix \" style=\"padding-bottom:10px;\"><div class=\"dfd-list-icon-block text-center\" style=\"margin-right:10px;font-size:30px; width:30px; height:30px; \"><img decoding=\"async\" src=\"https:\/\/fortezzabellinzona.ch\/wp-content\/uploads\/2023\/03\/fortezza_bellinzona_icona10.svg\" alt=\"Image\" \/><\/div><div class=\"dfd-list-content-block content\">Kapelle Santa Barbara<\/div><\/div><\/li><li class=\"\"><div class=\"dfd-list-content clearfix \" style=\"padding-bottom:10px;\"><div class=\"dfd-list-icon-block text-center\" style=\"margin-right:10px;font-size:30px; width:30px; height:30px; \"><img decoding=\"async\" src=\"https:\/\/fortezzabellinzona.ch\/wp-content\/uploads\/2023\/03\/fortezza_bellinzona_icona11.svg\" alt=\"Image\" \/><\/div><div class=\"dfd-list-content-block content\">Bedeckte Pic-Nic-Stelle<\/div><\/div><\/li><li class=\"\"><div class=\"dfd-list-content clearfix \" style=\"padding-bottom:10px;\"><div class=\"dfd-list-icon-block text-center\" style=\"margin-right:10px;font-size:30px; width:30px; height:30px; \"><img decoding=\"async\" src=\"https:\/\/fortezzabellinzona.ch\/wp-content\/uploads\/2023\/03\/fortezza_bellinzona_icona_museo.svg\" alt=\"Image\" \/><\/div><div class=\"dfd-list-content-block content\">Museum<\/div><\/div><\/li><li class=\"\"><div class=\"dfd-list-content clearfix \" style=\"padding-bottom:10px;\"><div class=\"dfd-list-icon-block text-center\" style=\"margin-right:10px;font-size:30px; width:30px; height:30px; \"><img decoding=\"async\" src=\"https:\/\/fortezzabellinzona.ch\/wp-content\/uploads\/2023\/03\/fortezza_bellinzona_icona_ristorante.svg\" alt=\"Image\" \/><\/div><div class=\"dfd-list-content-block content\">Osteria Sasso Corbaro<\/div><\/div><\/li><li class=\"\"><div class=\"dfd-list-content clearfix \" style=\"padding-bottom:10px;\"><div class=\"dfd-list-icon-block text-center\" style=\"margin-right:10px;font-size:30px; width:30px; height:30px; \"><img decoding=\"async\" src=\"https:\/\/fortezzabellinzona.ch\/wp-content\/uploads\/2023\/03\/fortezza_bellinzona_icona_infopoint.svg\" alt=\"Image\" \/><\/div><div class=\"dfd-list-content-block content\">InfoPoint Sasso Corbaro: T +41 (0)91 825 59 06<\/div><\/div><\/li><li class=\"\"><div class=\"dfd-list-content clearfix \" style=\"padding-bottom:10px;\"><div class=\"dfd-list-icon-block text-center\" style=\"margin-right:10px;font-size:30px; width:30px; height:30px; \"><img decoding=\"async\" src=\"https:\/\/fortezzabellinzona.ch\/wp-content\/uploads\/2023\/03\/fortezza_bellinzona_icona_panoramico.svg\" alt=\"Image\" \/><\/div><div class=\"dfd-list-content-block content\">Aussichtspunkt<\/div><\/div><\/li><\/ul><\/div><script type=\"text\/javascript\">(function($) {$(\"head\").append(\"<style>#dfd-icon-list-69dfea94e3ffb-8498 .dfd-icon-list .content {style=&quot;font-size: 17px; font-family: AmbitRegular; color: #000000 !important; line-height: 25px; letter-spacing: 0px; &quot;}#dfd-icon-list-69dfea94e3ffb-8498 .dfd-icon-list li.with-link:hover .dfd-list-content .dfd-list-content-block {color: #000000 !important; }<\/style>\");})(jQuery);<\/script>[\/vc_column][\/vc_row][vc_row anchor=&#8220;ristorazione&#8220;][vc_column]<div class=\"dfd-spacer-module\"  data-units=\"px\" data-wide_resolution=\"1280\" data-wide_size=\"200\" data-normal_resolution=\"1024\" data-normal_size=\"150\" data-tablet_resolution=\"800\" data-tablet_size=\"150\" data-mobile_resolution=\"480\" data-mobile_size=\"100\" style=\"height: 200px;\"><\/div>[\/vc_column][\/vc_row]<\/p>\n<\/div>","protected":false},"excerpt":{"rendered":"<p>[vc_row dfd_row_config=&#8220;full_width_content&#8220; css=&#8220;.vc_custom_1677667937310{background-image: url(https:\/\/fortezzabellinzona.ch\/wp-content\/uploads\/2022\/10\/fortezza_bellinzona_sasso_corbaro_mobile.jpg?id=28945) !important;background-position: center !important;background-repeat: no-repeat !important;background-size: cover !important;}&#8220;][vc_column][\/vc_column][\/vc_row][vc_row el_class=&#8220;scoprireinterno&#8220;][vc_column css=&#8220;.vc_custom_1679557447445{padding-top: 25px !important;padding-right: 25px !important;padding-left: 25px !important;}&#8220; col_shadow=&#8220;box_shadow_enable:disable|shadow_horizontal:0|shadow_vertical:15|shadow_blur:50|shadow_spread:0|box_shadow_color:rgba(0%2C0%2C0%2C.35)&#8220; col_shadow_hover=&#8220;box_shadow_enable:disable|shadow_horizontal:0|shadow_vertical:15|shadow_blur:50|shadow_spread:0|box_shadow_color:rgba(0%2C0%2C0%2C.35)&#8220;][vc_column_text]\u2190 ENTDECKEN[\/vc_column_text][\/vc_column][\/vc_row][vc_row el_class=&#8220;scoprireinterno&#8220; css=&#8220;.vc_custom_1677666026051{padding-top: 80px !important;}&#8220;][vc_column col_shadow=&#8220;box_shadow_enable:disable|shadow_horizontal:0|shadow_vertical:15|shadow_blur:50|shadow_spread:0|box_shadow_color:rgba(0%2C0%2C0%2C.35)&#8220; col_shadow_hover=&#8220;box_shadow_enable:disable|shadow_horizontal:0|shadow_vertical:15|shadow_blur:50|shadow_spread:0|box_shadow_color:rgba(0%2C0%2C0%2C.35)&#8220; css=&#8220;.vc_custom_1674046115722{padding-right: 25px<\/p>\n","protected":false},"author":1,"featured_media":0,"parent":0,"menu_order":0,"comment_status":"closed","ping_status":"closed","template":"page-custom.php","meta":{"inline_featured_image":false,"footnotes":""},"class_list":["post-30358","page","type-page","status-publish","hentry"],"aioseo_notices":[],"_links":{"self":[{"href":"https:\/\/fortezzabellinzona.ch\/de\/wp-json\/wp\/v2\/pages\/30358","targetHints":{"allow":["GET"]}}],"collection":[{"href":"https:\/\/fortezzabellinzona.ch\/de\/wp-json\/wp\/v2\/pages"}],"about":[{"href":"https:\/\/fortezzabellinzona.ch\/de\/wp-json\/wp\/v2\/types\/page"}],"author":[{"embeddable":true,"href":"https:\/\/fortezzabellinzona.ch\/de\/wp-json\/wp\/v2\/users\/1"}],"replies":[{"embeddable":true,"href":"https:\/\/fortezzabellinzona.ch\/de\/wp-json\/wp\/v2\/comments?post=30358"}],"version-history":[{"count":6,"href":"https:\/\/fortezzabellinzona.ch\/de\/wp-json\/wp\/v2\/pages\/30358\/revisions"}],"predecessor-version":[{"id":30920,"href":"https:\/\/fortezzabellinzona.ch\/de\/wp-json\/wp\/v2\/pages\/30358\/revisions\/30920"}],"wp:attachment":[{"href":"https:\/\/fortezzabellinzona.ch\/de\/wp-json\/wp\/v2\/media?parent=30358"}],"curies":[{"name":"wp","href":"https:\/\/api.w.org\/{rel}","templated":true}]}}