{"id":30361,"date":"2022-10-27T08:15:55","date_gmt":"2022-10-27T06:15:55","guid":{"rendered":"https:\/\/fortezzabellinzona.ch\/kontakt\/"},"modified":"2026-05-03T18:46:46","modified_gmt":"2026-05-03T16:46:46","slug":"kontakt","status":"publish","type":"page","link":"https:\/\/fortezzabellinzona.ch\/de\/kontakt\/","title":{"rendered":"Kontakt"},"content":{"rendered":"<div class=\"wpb-content-wrapper\"><p>[vc_row force_equal_height_columns=&#8220;main_row&#8220; align_content_vertically=&#8220;&#8220; mobile_destroy_equal_heights_resolution=&#8220;799&#8243; dfd_row_config=&#8220;full_width_content&#8220; mobile_destroy_equal_heights=&#8220;yes&#8220;][vc_column width=&#8220;1\/3&#8243; css=&#8220;.vc_custom_1674124767157{background-color: rgba(184,181,162,0.15) !important;*background-color: rgb(184,181,162) !important;}&#8220; col_shadow=&#8220;box_shadow_enable:disable|shadow_horizontal:0|shadow_vertical:15|shadow_blur:50|shadow_spread:0|box_shadow_color:rgba(0%2C0%2C0%2C.35)&#8220; col_shadow_hover=&#8220;box_shadow_enable:disable|shadow_horizontal:0|shadow_vertical:15|shadow_blur:50|shadow_spread:0|box_shadow_color:rgba(0%2C0%2C0%2C.35)&#8220; el_class=&#8220;footermarronechiaro&#8220;]<div class=\"dfd-info-banner style-01  delimiter-hidden  text-left\" ><div class=\"image-cover \"><img loading=\"lazy\" decoding=\"async\" src=\"https:\/\/fortezzabellinzona.ch\/wp-content\/uploads\/2022\/10\/fortezza_bellinzona_logo_footer.svg\" alt=\"Fortezza Bellinzona\"  width=\"180\" height=\"350\" class=\"info-banner-image \" \/><\/div><\/div><div class=\"dfd-spacer-module\"  data-units=\"px\" data-wide_resolution=\"1280\" data-wide_size=\"25\" data-normal_resolution=\"1024\" data-normal_size=\"25\" data-tablet_resolution=\"800\" data-tablet_size=\"25\" data-mobile_resolution=\"480\" data-mobile_size=\"25\" style=\"height: 25px;\"><\/div>[vc_column_text css=&#8220;&#8220;]<\/p>\n<h6><span style=\"color: #a70000;\"><strong>KONTACTE<\/strong><\/span><br \/>\n<strong>Fortezza di Bellinzona<\/strong><br \/>\n6500 Bellinzona, Schweiz<br \/>\n<a href=\"mailto:info@fortezzabellinzona.ch\">info@fortezzabellinzona.ch<\/a><\/h6>\n<h6><strong>Bellinzona e Valli Tourismus<\/strong><br \/>\nTel: +41 (0)91 825 21 31<\/h6>\n<p>[\/vc_column_text]<div class=\"dfd-spacer-module\"  data-units=\"px\" data-wide_resolution=\"1280\" data-wide_size=\"25\" data-normal_resolution=\"1024\" data-normal_size=\"25\" data-tablet_resolution=\"800\" data-tablet_size=\"25\" data-mobile_resolution=\"480\" data-mobile_size=\"25\" style=\"height: 25px;\"><\/div>[vc_column_text css=&#8220;&#8220;]<\/p>\n<h6><span style=\"color: #a70000;\"><strong>\u00d6FFNUNGSZEITEN DER FESTUNG<\/strong><\/span><br \/>\n<strong>Vom 28. M\u00e4rz bis zum 8. November 2026<\/strong><em><br \/>\n<\/em>10.00 \u2013 18.00 | <em>Letzter Einlass um 17.30 Uhr<strong><br \/>\n<\/strong>Castel Grande, die Schl\u00f6sser von Montebello und Sasso Corbaro<\/em><\/h6>\n<h6><strong>Vom 9. November bis zum 18. M\u00e4rz 2027<\/strong><br \/>\n10.30 &#8211; 16.00 | <em>Letzer Einlass um 15.30 Uhr<\/em><span style=\"font-size: 16px;\"><br \/>\n<\/span>W\u00e4hrend dieser Zeit ist nur das Castel Grande ge\u00f6ffnet.<br \/>\nDie Burgen von Montebello und Sasso Corbaro k\u00f6nnen nur in ihren \u00e4u\u00dferen und inneren H\u00f6fen besichtigt werden.<\/h6>\n<p>[\/vc_column_text][\/vc_column][vc_column width=&#8220;2\/3&#8243; css=&#8220;.vc_custom_1674121857277{background-color: #b8b5a2 !important;}&#8220; col_shadow=&#8220;box_shadow_enable:disable|shadow_horizontal:0|shadow_vertical:15|shadow_blur:50|shadow_spread:0|box_shadow_color:rgba(0%2C0%2C0%2C.35)&#8220; col_shadow_hover=&#8220;box_shadow_enable:disable|shadow_horizontal:0|shadow_vertical:15|shadow_blur:50|shadow_spread:0|box_shadow_color:rgba(0%2C0%2C0%2C.35)&#8220; el_class=&#8220;footermarrone&#8220;][dfd_masonry_container layout_style=&#8220;fitRows&#8220; columns_number_wide=&#8220;4&#8243; columns_number_medium=&#8220;4&#8243; title_font_options=&#8220;tag:h5&#8243; el_class=&#8220;footerfiletto&#8220;][dfd_masonry_item][vc_column_text css=&#8220;&#8220;]<\/p>\n<h6 style=\"text-align: left;\"><strong><a href=\"https:\/\/fortezzabellinzona.ch\/de\/besuch\/\">BESUCH<\/a><\/strong><\/h6>\n<h6 style=\"text-align: left;\"><strong><a href=\"https:\/\/fortezzabellinzona.ch\/de\/ausstellungen-aktivitaeten\/\">AUSSTELLUNGEN &amp; AKTIVIT\u00c4TEN<\/a><\/strong><\/h6>\n<h6 style=\"text-align: left;\"><strong><a href=\"https:\/\/fortezzabellinzona.ch\/de\/veranstaltungen\/\">VERANSTALTUNGEN<\/a><\/strong><\/h6>\n<h6 style=\"text-align: left;\"><strong><a href=\"https:\/\/fortezzabellinzona.ch\/de\/auf-entdeckungsreise\/\">AUF ENTDECKUNGSREISE<\/a><\/strong><\/h6>\n<p>[\/vc_column_text][\/dfd_masonry_item][dfd_masonry_item el_class=&#8220;footermenu&#8220;][vc_column_text css=&#8220;&#8220;]<\/p>\n<h6 style=\"text-align: left;\"><strong>SOCIAL<\/strong><\/h6>\n<p>[\/vc_column_text]<div id=\"dfd-soc-icon-6a04afef79a40-2143\" class=\"dfd-new-soc-icon text-left style-11   \" ><div class=\"soc-icon-container clearfix\"><a href=\"https:\/\/www.instagram.com\/fortezzabellinzona\/\"  target=\"_blank\"  class=\"soc_icon-instagram\"><i class=\"soc_icon-instagram\"><\/i><\/a><a href=\"https:\/\/www.facebook.com\/fortezzabellinzona\"  target=\"_blank\"  class=\"soc_icon-facebook\"><i class=\"soc_icon-facebook\"><\/i><\/a><a href=\"http:\/\/linkedin.com\/company\/la-fortezza-di-bellinzona\/\"  target=\"_blank\"  class=\"soc_icon-linkedin\"><i class=\"soc_icon-linkedin\"><\/i><\/a><\/div><\/div><script type=\"text\/javascript\">\r\n\t\t\t\t\t\t\t(function($) {\r\n\t\t\t\t\t\t\t\t$(\"head\").append(\"<style>#dfd-soc-icon-6a04afef79a40-2143.dfd-new-soc-icon.style-12 a:after {background: #000000;}#dfd-soc-icon-6a04afef79a40-2143.dfd-new-soc-icon.style-2 a:hover {color: #ffffff;}#dfd-soc-icon-6a04afef79a40-2143.dfd-new-soc-icon.style-5 a:hover {color: #ffffff;}#dfd-soc-icon-6a04afef79a40-2143.dfd-new-soc-icon.style-12 a:hover {color: #ffffff;}#dfd-soc-icon-6a04afef79a40-2143.dfd-new-soc-icon.style-12 a:hover:after {background: #ffffff;}#dfd-soc-icon-6a04afef79a40-2143.dfd-new-soc-icon.style-12 a:hover {background: #a71916;}#dfd-soc-icon-6a04afef79a40-2143.dfd-new-soc-icon a {font-size: 15px; color: #000000; }#dfd-soc-icon-6a04afef79a40-2143.dfd-new-soc-icon a:before {}#dfd-soc-icon-6a04afef79a40-2143.dfd-new-soc-icon a i {color: #ffffff; background: #a71916; }#dfd-soc-icon-6a04afef79a40-2143.style-11 .soc-icon-container {border-width: 1px;}#dfd-soc-icon-6a04afef79a40-2143.style-11 .soc-icon-container {border-color: #000000;}<\/style>\");\r\n\t\t\t\t\t\t\t})(jQuery);\r\n\t\t\t\t\t\t<\/script><div class=\"dfd-spacer-module\"  data-units=\"px\" data-wide_resolution=\"1346\" data-wide_size=\"0\" data-normal_resolution=\"1024\" data-normal_size=\"25\" data-tablet_resolution=\"800\" data-tablet_size=\"25\" data-mobile_resolution=\"480\" data-mobile_size=\"25\" style=\"height: 0px;\"><\/div>[\/dfd_masonry_item][dfd_masonry_item][vc_column_text css=&#8220;&#8220;]<\/p>\n<h6 style=\"text-align: left;\"><strong>MITGLIED DES<\/strong><br \/>\n<a href=\"https:\/\/www.dieschweizerschloesser.ch\" target=\"_blank\" rel=\"noopener\">Verbandes der Schweizer Schl\u00f6sser<br \/>\nund Burgen<\/a><br \/>\n<a href=\"https:\/\/ourheritage.ch\/article\/world-heritage-experience-switzerland-whes\" target=\"_blank\" rel=\"noopener\">World Heritage Experience Switzerland<\/a><\/h6>\n<p>[\/vc_column_text]<div class=\"dfd-spacer-module\"  data-units=\"px\" data-wide_resolution=\"1346\" data-wide_size=\"0\" data-normal_resolution=\"1024\" data-normal_size=\"25\" data-tablet_resolution=\"800\" data-tablet_size=\"25\" data-mobile_resolution=\"480\" data-mobile_size=\"25\" style=\"height: 0px;\"><\/div>[\/dfd_masonry_item][dfd_masonry_item][vc_column_text css=&#8220;&#8220;]<\/p>\n<h6 style=\"text-align: left;\"><strong><a href=\"https:\/\/fortezzabellinzona.ch\/de\/press-room\/\">PRESS ROOM<\/a><\/strong><\/h6>\n<p>[\/vc_column_text][\/dfd_masonry_item][dfd_masonry_item][\/dfd_masonry_item][\/dfd_masonry_container][dfd_masonry_container layout_style=&#8220;fitRows&#8220; columns_number_wide=&#8220;4&#8243; columns_number_medium=&#8220;4&#8243; title_font_options=&#8220;tag:h5&#8243; el_class=&#8220;footerfiletto&#8220;][dfd_masonry_item][vc_column_text]<\/p>\n<h6>Partner AG Culture<\/h6>\n<p>[\/vc_column_text][vc_single_image image=&#8220;34066&#8243; img_size=&#8220;120&#215;120&#8243; img_link_target=&#8220;_blank&#8220; onclick=&#8220;custom_link&#8220; link=&#8220;https:\/\/www.agculturel.ch\/de&#8220;]<div class=\"dfd-spacer-module\"  data-units=\"px\" data-wide_resolution=\"1346\" data-wide_size=\"0\" data-normal_resolution=\"1024\" data-normal_size=\"25\" data-tablet_resolution=\"800\" data-tablet_size=\"25\" data-mobile_resolution=\"480\" data-mobile_size=\"25\" style=\"height: 0px;\"><\/div>[\/dfd_masonry_item][dfd_masonry_item el_class=&#8220;footermenu&#8220;][vc_column_text]<\/p>\n<h6>Wir sind Swisstainable<\/h6>\n<p>[\/vc_column_text][vc_single_image image=&#8220;31254&#8243; img_size=&#8220;100&#215;100&#8243; img_link_target=&#8220;_blank&#8220; onclick=&#8220;custom_link&#8220; link=&#8220;https:\/\/www.myswitzerland.com\/de-ch\/planung\/ueber-die-schweiz\/nachhaltigkeit\/&#8220;][\/dfd_masonry_item][dfd_masonry_item][\/dfd_masonry_item][dfd_masonry_item][\/dfd_masonry_item][dfd_masonry_item][\/dfd_masonry_item][\/dfd_masonry_container][dfd_masonry_container layout_style=&#8220;fitRows&#8220; columns_number_wide=&#8220;4&#8243; columns_number_medium=&#8220;4&#8243; columns_number_mobile=&#8220;2&#8243; title_font_options=&#8220;tag:h5&#8243;][dfd_masonry_item]<div class=\"dfd-spacer-module\"  data-units=\"px\" data-wide_resolution=\"1280\" data-wide_size=\"10\" data-normal_resolution=\"1024\" data-normal_size=\"10\" data-tablet_resolution=\"800\" data-tablet_size=\"10\" data-mobile_resolution=\"480\" data-mobile_size=\"10\" style=\"height: 10px;\"><\/div>[\/dfd_masonry_item][\/dfd_masonry_container]<div class=\"dfd-spacer-module\"  data-units=\"px\" data-wide_resolution=\"1280\" data-wide_size=\"50\" data-normal_resolution=\"1024\" data-normal_size=\"50\" data-tablet_resolution=\"800\" data-tablet_size=\"50\" data-mobile_resolution=\"480\" data-mobile_size=\"50\" style=\"height: 50px;\"><\/div>[dfd_masonry_container layout_style=&#8220;fitRows&#8220; columns_number_wide=&#8220;4&#8243; columns_number_medium=&#8220;4&#8243; title_font_options=&#8220;tag:h5&#8243;][dfd_masonry_item]<div class=\"dfd-spacer-module\"  data-units=\"px\" data-wide_resolution=\"1346\" data-wide_size=\"0\" data-normal_resolution=\"1024\" data-normal_size=\"25\" data-tablet_resolution=\"800\" data-tablet_size=\"25\" data-mobile_resolution=\"480\" data-mobile_size=\"25\" style=\"height: 0px;\"><\/div>[\/dfd_masonry_item][dfd_masonry_item]<div class=\"dfd-spacer-module\"  data-units=\"px\" data-wide_resolution=\"1346\" data-wide_size=\"0\" data-normal_resolution=\"1024\" data-normal_size=\"25\" data-tablet_resolution=\"800\" data-tablet_size=\"25\" data-mobile_resolution=\"480\" data-mobile_size=\"25\" style=\"height: 0px;\"><\/div>[\/dfd_masonry_item][dfd_masonry_item]<div class=\"dfd-spacer-module\"  data-units=\"px\" data-wide_resolution=\"1280\" data-wide_size=\"25\" data-normal_resolution=\"1024\" data-normal_size=\"25\" data-tablet_resolution=\"800\" data-tablet_size=\"25\" data-mobile_resolution=\"480\" data-mobile_size=\"25\" style=\"height: 25px;\"><\/div><div class=\"dfd-spacer-module\"  data-units=\"px\" data-wide_resolution=\"1280\" data-wide_size=\"10\" data-normal_resolution=\"1024\" data-normal_size=\"10\" data-tablet_resolution=\"800\" data-tablet_size=\"10\" data-mobile_resolution=\"480\" data-mobile_size=\"10\" style=\"height: 10px;\"><\/div><div class=\"dfd-spacer-module\"  data-units=\"px\" data-wide_resolution=\"1346\" data-wide_size=\"0\" data-normal_resolution=\"1024\" data-normal_size=\"25\" data-tablet_resolution=\"800\" data-tablet_size=\"25\" data-mobile_resolution=\"480\" data-mobile_size=\"25\" style=\"height: 0px;\"><\/div>[\/dfd_masonry_item][dfd_masonry_item]<div class=\"dfd-spacer-module\"  data-units=\"px\" data-wide_resolution=\"1280\" data-wide_size=\"10\" data-normal_resolution=\"1024\" data-normal_size=\"10\" data-tablet_resolution=\"800\" data-tablet_size=\"10\" data-mobile_resolution=\"480\" data-mobile_size=\"10\" style=\"height: 10px;\"><\/div><div class=\"dfd-spacer-module\"  data-units=\"px\" data-wide_resolution=\"1346\" data-wide_size=\"0\" data-normal_resolution=\"1024\" data-normal_size=\"25\" data-tablet_resolution=\"800\" data-tablet_size=\"25\" data-mobile_resolution=\"480\" data-mobile_size=\"25\" style=\"height: 0px;\"><\/div>[\/dfd_masonry_item][\/dfd_masonry_container]<div class=\"dfd-spacer-module\"  data-units=\"px\" data-wide_resolution=\"1280\" data-wide_size=\"50\" data-normal_resolution=\"1024\" data-normal_size=\"50\" data-tablet_resolution=\"800\" data-tablet_size=\"50\" data-mobile_resolution=\"480\" data-mobile_size=\"50\" style=\"height: 50px;\"><\/div>[dfd_masonry_container layout_style=&#8220;fitRows&#8220; columns_number_wide=&#8220;4&#8243; columns_number_medium=&#8220;4&#8243; title_font_options=&#8220;tag:h5&#8243;][dfd_masonry_item]<div class=\"dfd-spacer-module\"  data-units=\"px\" data-wide_resolution=\"1280\" data-wide_size=\"10\" data-normal_resolution=\"1024\" data-normal_size=\"10\" data-tablet_resolution=\"800\" data-tablet_size=\"10\" data-mobile_resolution=\"480\" data-mobile_size=\"10\" style=\"height: 10px;\"><\/div><div class=\"dfd-spacer-module\"  data-units=\"px\" data-wide_resolution=\"1346\" data-wide_size=\"0\" data-normal_resolution=\"1024\" data-normal_size=\"25\" data-tablet_resolution=\"800\" data-tablet_size=\"25\" data-mobile_resolution=\"480\" data-mobile_size=\"25\" style=\"height: 0px;\"><\/div>[\/dfd_masonry_item][\/dfd_masonry_container]<div class=\"dfd-spacer-module\"  data-units=\"px\" data-wide_resolution=\"1280\" data-wide_size=\"50\" data-normal_resolution=\"1024\" data-normal_size=\"50\" data-tablet_resolution=\"800\" data-tablet_size=\"50\" data-mobile_resolution=\"480\" data-mobile_size=\"50\" style=\"height: 50px;\"><\/div>[\/vc_column][\/vc_row][vc_row dfd_row_config=&#8220;full_width_content&#8220; el_class=&#8220;footerbianco&#8220;][vc_column col_shadow=&#8220;box_shadow_enable:disable|shadow_horizontal:0|shadow_vertical:15|shadow_blur:50|shadow_spread:0|box_shadow_color:rgba(0%2C0%2C0%2C.35)&#8220; col_shadow_hover=&#8220;box_shadow_enable:disable|shadow_horizontal:0|shadow_vertical:15|shadow_blur:50|shadow_spread:0|box_shadow_color:rgba(0%2C0%2C0%2C.35)&#8220;]<div class=\"dfd-heading-shortcode\"><div class=\"dfd-heading-module-wrap  text-center style_01 dfd-heading-6a04afef79c74 dfd-disable-resposive-headings\" id=\"dfd-heading-6a04afef79c74\" ><div class=\"inline-block\"><div class=\"dfd-heading-module\"><h6 class=\"widget-title dfd-title \" style=\"\">\u00a9 Fortezza Bellinzona<\/h6><\/div><\/div><\/div><script type=\"text\/javascript\">\r\n\t\t\t\t\t\t\t\t\t(function($) {\r\n\t\t\t\t\t\t\t\t\t\t$(\"head\").append(\"<style>.dfd-heading-6a04afef79c74.dfd-heading-module-wrap .dfd-heading-module .dfd-heading-delimiter {margin-top:10px;margin-bottom:10px;}@media only screen and (max-width: 799px) {.dfd-heading-6a04afef79c74 {text-align: left;}}<\/style>\");\r\n\t\t\t\t\t\t\t\t\t})(jQuery);\r\n\t\t\t\t\t\t\t\t<\/script><\/div>[\/vc_column][\/vc_row]<\/p>\n<\/div>","protected":false},"excerpt":{"rendered":"<p>[vc_row force_equal_height_columns=&#8220;main_row&#8220; align_content_vertically=&#8220;&#8220; mobile_destroy_equal_heights_resolution=&#8220;799&#8243; dfd_row_config=&#8220;full_width_content&#8220; mobile_destroy_equal_heights=&#8220;yes&#8220;][vc_column width=&#8220;1\/3&#8243; css=&#8220;.vc_custom_1674124767157{background-color: rgba(184,181,162,0.15) !important;*background-color: rgb(184,181,162) !important;}&#8220; col_shadow=&#8220;box_shadow_enable:disable|shadow_horizontal:0|shadow_vertical:15|shadow_blur:50|shadow_spread:0|box_shadow_color:rgba(0%2C0%2C0%2C.35)&#8220; col_shadow_hover=&#8220;box_shadow_enable:disable|shadow_horizontal:0|shadow_vertical:15|shadow_blur:50|shadow_spread:0|box_shadow_color:rgba(0%2C0%2C0%2C.35)&#8220; el_class=&#8220;footermarronechiaro&#8220;][vc_column_text css=&#8220;&#8220;] KONTACTE Fortezza di Bellinzona 6500 Bellinzona, Schweiz info@fortezzabellinzona.ch Bellinzona e Valli Tourismus Tel: +41<\/p>\n","protected":false},"author":1,"featured_media":0,"parent":0,"menu_order":0,"comment_status":"closed","ping_status":"closed","template":"page-custom.php","meta":{"inline_featured_image":false,"footnotes":""},"class_list":["post-30361","page","type-page","status-publish","hentry"],"aioseo_notices":[],"_links":{"self":[{"href":"https:\/\/fortezzabellinzona.ch\/de\/wp-json\/wp\/v2\/pages\/30361","targetHints":{"allow":["GET"]}}],"collection":[{"href":"https:\/\/fortezzabellinzona.ch\/de\/wp-json\/wp\/v2\/pages"}],"about":[{"href":"https:\/\/fortezzabellinzona.ch\/de\/wp-json\/wp\/v2\/types\/page"}],"author":[{"embeddable":true,"href":"https:\/\/fortezzabellinzona.ch\/de\/wp-json\/wp\/v2\/users\/1"}],"replies":[{"embeddable":true,"href":"https:\/\/fortezzabellinzona.ch\/de\/wp-json\/wp\/v2\/comments?post=30361"}],"version-history":[{"count":47,"href":"https:\/\/fortezzabellinzona.ch\/de\/wp-json\/wp\/v2\/pages\/30361\/revisions"}],"predecessor-version":[{"id":35287,"href":"https:\/\/fortezzabellinzona.ch\/de\/wp-json\/wp\/v2\/pages\/30361\/revisions\/35287"}],"wp:attachment":[{"href":"https:\/\/fortezzabellinzona.ch\/de\/wp-json\/wp\/v2\/media?parent=30361"}],"curies":[{"name":"wp","href":"https:\/\/api.w.org\/{rel}","templated":true}]}}