{"id":30378,"date":"2023-01-18T14:30:57","date_gmt":"2023-01-18T13:30:57","guid":{"rendered":"https:\/\/fortezzabellinzona.ch\/partenaires-et-soutiens\/"},"modified":"2025-04-02T13:40:15","modified_gmt":"2025-04-02T11:40:15","slug":"partenaires-et-soutiens","status":"publish","type":"page","link":"https:\/\/fortezzabellinzona.ch\/fr\/partenaires-et-soutiens\/","title":{"rendered":"Partenaires et soutiens"},"content":{"rendered":"<div class=\"wpb-content-wrapper\"><p>[vc_row anchor=\u00a0\u00bbpartner\u00a0\u00bb][vc_column]<\/p>\n<div class=\"dfd-spacer-module\"  data-units=\"px\" data-wide_resolution=\"1280\" data-wide_size=\"100\" data-normal_resolution=\"1024\" data-normal_size=\"100\" data-tablet_resolution=\"800\" data-tablet_size=\"100\" data-mobile_resolution=\"480\" data-mobile_size=\"100\" style=\"height: 100px;\"><\/div>\n<p>[\/vc_column][\/vc_row][vc_row css=\u00a0\u00bb.vc_custom_1674034470999{padding-right: 25px !important;padding-left: 25px !important;}\u00a0\u00bb][vc_column width=\u00a0\u00bb1\/6&Prime;][\/vc_column][vc_column width=\u00a0\u00bb2\/3&Prime;]<div class=\"dfd-heading-shortcode\"><div class=\"dfd-heading-module-wrap  text-left style_01 dfd-heading-69d292124299e dfd-disable-resposive-headings\" id=\"dfd-heading-69d292124299e\" ><div class=\"inline-block\"><div class=\"dfd-heading-module\"><h1 class=\"widget-title dfd-title \" style=\"\"><\/p>\n<p>Partenaires et soutiens<\/p>\n<p><\/h1><\/div><\/div><\/div><script type=\"text\/javascript\">\r\n\t\t\t\t\t\t\t\t\t(function($) {\r\n\t\t\t\t\t\t\t\t\t\t$(\"head\").append(\"<style>.dfd-heading-69d292124299e.dfd-heading-module-wrap .dfd-heading-module .dfd-heading-delimiter {margin-top:10px;margin-bottom:10px;}@media (max-width: 799px){.dfd-heading-69d292124299e .dfd-title{font-size: 32px !important;letter-spacing: 0px !important;line-height: 38px !important;}}<\/style>\");\r\n\t\t\t\t\t\t\t\t\t})(jQuery);\r\n\t\t\t\t\t\t\t\t<\/script><\/div>[vc_column_text css=\u00a0\u00bb.vc_custom_1683551720634{padding-top: 15px !important;padding-bottom: 30px !important;}\u00a0\u00bb]<\/p>\n<p>La forteresse de Bellinzone est g\u00e9r\u00e9e par la ville de Bellinzone au nom de la R\u00e9publique et Canton du Tessin, propri\u00e9taire du site, avec le soutien de :<\/p>\n<p>[\/vc_column_text][\/vc_column][vc_column width=\u00a0\u00bb1\/6&Prime;][\/vc_column][\/vc_row][vc_row][vc_column][dfd_masonry_container layout_style=\u00a0\u00bbfitRows\u00a0\u00bb columns_number_wide=\u00a0\u00bb4&Prime; columns_number_medium=\u00a0\u00bb4&Prime; columns_number_small=\u00a0\u00bb3&Prime; columns_number_mobile=\u00a0\u00bb2&Prime; title_font_options=\u00a0\u00bbtag:h5&Prime;][dfd_masonry_item][vc_row_inner css=\u00a0\u00bb.vc_custom_1674055518848{padding-top: 25px !important;padding-right: 25px !important;padding-bottom: 25px !important;padding-left: 25px !important;}\u00a0\u00bb][vc_column_inner col_inner_shadow=\u00a0\u00bbbox_shadow_enable:enable|shadow_horizontal:0|shadow_vertical:0|shadow_blur:10|shadow_spread:0|box_shadow_color:rgba(145%2C145%2C145%2C0.35)\u00a0\u00bb col_inner_shadow_hover=\u00a0\u00bbbox_shadow_enable:enable|shadow_horizontal:0|shadow_vertical:0|shadow_blur:10|shadow_spread:0|box_shadow_color:rgba(145%2C145%2C145%2C0.35)\u00a0\u00bb][vc_single_image image=\u00a0\u00bb30037&Prime; img_size=\u00a0\u00bbfull\u00a0\u00bb][\/vc_column_inner][\/vc_row_inner][\/dfd_masonry_item][dfd_masonry_item][vc_row_inner css=\u00a0\u00bb.vc_custom_1674055518848{padding-top: 25px !important;padding-right: 25px !important;padding-bottom: 25px !important;padding-left: 25px !important;}\u00a0\u00bb][vc_column_inner col_inner_shadow=\u00a0\u00bbbox_shadow_enable:enable|shadow_horizontal:0|shadow_vertical:0|shadow_blur:10|shadow_spread:0|box_shadow_color:rgba(145%2C145%2C145%2C0.35)\u00a0\u00bb col_inner_shadow_hover=\u00a0\u00bbbox_shadow_enable:enable|shadow_horizontal:0|shadow_vertical:0|shadow_blur:10|shadow_spread:0|box_shadow_color:rgba(145%2C145%2C145%2C0.35)\u00a0\u00bb][vc_single_image image=\u00a0\u00bb30034&Prime; img_size=\u00a0\u00bbfull\u00a0\u00bb][\/vc_column_inner][\/vc_row_inner][\/dfd_masonry_item][\/dfd_masonry_container][\/vc_column][\/vc_row][vc_row anchor=\u00a0\u00bbpartner\u00a0\u00bb][vc_column]<\/p>\n<div class=\"dfd-spacer-module\"  data-units=\"px\" data-wide_resolution=\"1280\" data-wide_size=\"100\" data-normal_resolution=\"1024\" data-normal_size=\"100\" data-tablet_resolution=\"800\" data-tablet_size=\"100\" data-mobile_resolution=\"480\" data-mobile_size=\"100\" style=\"height: 100px;\"><\/div>\n<p>[\/vc_column][\/vc_row][vc_row css=\u00a0\u00bb.vc_custom_1674034470999{padding-right: 25px !important;padding-left: 25px !important;}\u00a0\u00bb][vc_column width=\u00a0\u00bb1\/6&Prime;][\/vc_column][vc_column width=\u00a0\u00bb2\/3&Prime;]<div class=\"dfd-heading-shortcode\"><div class=\"dfd-heading-module-wrap  text-left style_01 dfd-heading-69d2921242a6b dfd-disable-resposive-headings\" id=\"dfd-heading-69d2921242a6b\" ><div class=\"inline-block\"><div class=\"dfd-heading-module\"><h1 class=\"widget-title dfd-title \" style=\"\"><\/p>\n<p>Membre de<\/p>\n<p><\/h1><\/div><\/div><\/div><script type=\"text\/javascript\">\r\n\t\t\t\t\t\t\t\t\t(function($) {\r\n\t\t\t\t\t\t\t\t\t\t$(\"head\").append(\"<style>.dfd-heading-69d2921242a6b .dfd-heading-module .widget-title {margin-top:15px;margin-bottom:15px;}.dfd-heading-69d2921242a6b.dfd-heading-module-wrap .dfd-heading-module .dfd-heading-delimiter {margin-top:10px;margin-bottom:10px;}@media (max-width: 799px){.dfd-heading-69d2921242a6b .dfd-title{font-size: 32px !important;letter-spacing: 0px !important;line-height: 38px !important;}}<\/style>\");\r\n\t\t\t\t\t\t\t\t\t})(jQuery);\r\n\t\t\t\t\t\t\t\t<\/script><\/div>[\/vc_column][vc_column width=\u00a0\u00bb1\/6&Prime;][\/vc_column][\/vc_row][vc_row][vc_column][dfd_masonry_container layout_style=\u00a0\u00bbfitRows\u00a0\u00bb columns_number_wide=\u00a0\u00bb4&Prime; columns_number_medium=\u00a0\u00bb4&Prime; columns_number_small=\u00a0\u00bb3&Prime; columns_number_mobile=\u00a0\u00bb2&Prime; title_font_options=\u00a0\u00bbtag:h5&Prime;][dfd_masonry_item][vc_row_inner css=\u00a0\u00bb.vc_custom_1674055518848{padding-top: 25px !important;padding-right: 25px !important;padding-bottom: 25px !important;padding-left: 25px !important;}\u00a0\u00bb][vc_column_inner col_inner_shadow=\u00a0\u00bbbox_shadow_enable:enable|shadow_horizontal:0|shadow_vertical:0|shadow_blur:10|shadow_spread:0|box_shadow_color:rgba(145%2C145%2C145%2C0.35)\u00a0\u00bb col_inner_shadow_hover=\u00a0\u00bbbox_shadow_enable:enable|shadow_horizontal:0|shadow_vertical:0|shadow_blur:10|shadow_spread:0|box_shadow_color:rgba(145%2C145%2C145%2C0.35)\u00a0\u00bb][vc_single_image image=\u00a0\u00bb31283&Prime; img_size=\u00a0\u00bbfull\u00a0\u00bb img_link_target=\u00a0\u00bb_blank\u00a0\u00bb onclick=\u00a0\u00bbcustom_link\u00a0\u00bb link=\u00a0\u00bbhttps:\/\/www.myswitzerland.com\/fr-ch\/planification\/vie-pratique\/la-suisse-durable-par-nature\/\u00a0\u00bb][\/vc_column_inner][\/vc_row_inner][\/dfd_masonry_item][dfd_masonry_item][vc_row_inner css=\u00a0\u00bb.vc_custom_1674055518848{padding-top: 25px !important;padding-right: 25px !important;padding-bottom: 25px !important;padding-left: 25px !important;}\u00a0\u00bb][vc_column_inner col_inner_shadow=\u00a0\u00bbbox_shadow_enable:enable|shadow_horizontal:0|shadow_vertical:0|shadow_blur:10|shadow_spread:0|box_shadow_color:rgba(145%2C145%2C145%2C0.35)\u00a0\u00bb col_inner_shadow_hover=\u00a0\u00bbbox_shadow_enable:enable|shadow_horizontal:0|shadow_vertical:0|shadow_blur:10|shadow_spread:0|box_shadow_color:rgba(145%2C145%2C145%2C0.35)\u00a0\u00bb][vc_single_image image=\u00a0\u00bb34065&Prime; img_size=\u00a0\u00bbfull\u00a0\u00bb img_link_target=\u00a0\u00bb_blank\u00a0\u00bb onclick=\u00a0\u00bbcustom_link\u00a0\u00bb link=\u00a0\u00bbhttps:\/\/www.agculturel.ch\/it\u00a0\u00bb][\/vc_column_inner][\/vc_row_inner][\/dfd_masonry_item][\/dfd_masonry_container][\/vc_column][\/vc_row][vc_row][vc_column]<\/p>\n<div class=\"dfd-spacer-module\"  data-units=\"px\" data-wide_resolution=\"1280\" data-wide_size=\"200\" data-normal_resolution=\"1024\" data-normal_size=\"150\" data-tablet_resolution=\"800\" data-tablet_size=\"150\" data-mobile_resolution=\"480\" data-mobile_size=\"100\" style=\"height: 200px;\"><\/div>\n<p>[\/vc_column][\/vc_row]<\/p>\n<\/div>","protected":false},"excerpt":{"rendered":"<p>[vc_row anchor=\u00a0\u00bbpartner\u00a0\u00bb][vc_column] [\/vc_column][\/vc_row][vc_row css=\u00a0\u00bb.vc_custom_1674034470999{padding-right: 25px !important;padding-left: 25px !important;}\u00a0\u00bb][vc_column width=\u00a0\u00bb1\/6&Prime;][\/vc_column][vc_column width=\u00a0\u00bb2\/3&Prime;][vc_column_text css=\u00a0\u00bb.vc_custom_1683551720634{padding-top: 15px !important;padding-bottom: 30px !important;}\u00a0\u00bb] La forteresse de Bellinzone est g\u00e9r\u00e9e par la ville de Bellinzone au nom de la<\/p>\n","protected":false},"author":1,"featured_media":0,"parent":0,"menu_order":0,"comment_status":"closed","ping_status":"closed","template":"page-custom.php","meta":{"inline_featured_image":false,"footnotes":""},"class_list":["post-30378","page","type-page","status-publish","hentry"],"aioseo_notices":[],"_links":{"self":[{"href":"https:\/\/fortezzabellinzona.ch\/fr\/wp-json\/wp\/v2\/pages\/30378","targetHints":{"allow":["GET"]}}],"collection":[{"href":"https:\/\/fortezzabellinzona.ch\/fr\/wp-json\/wp\/v2\/pages"}],"about":[{"href":"https:\/\/fortezzabellinzona.ch\/fr\/wp-json\/wp\/v2\/types\/page"}],"author":[{"embeddable":true,"href":"https:\/\/fortezzabellinzona.ch\/fr\/wp-json\/wp\/v2\/users\/1"}],"replies":[{"embeddable":true,"href":"https:\/\/fortezzabellinzona.ch\/fr\/wp-json\/wp\/v2\/comments?post=30378"}],"version-history":[{"count":16,"href":"https:\/\/fortezzabellinzona.ch\/fr\/wp-json\/wp\/v2\/pages\/30378\/revisions"}],"predecessor-version":[{"id":34100,"href":"https:\/\/fortezzabellinzona.ch\/fr\/wp-json\/wp\/v2\/pages\/30378\/revisions\/34100"}],"wp:attachment":[{"href":"https:\/\/fortezzabellinzona.ch\/fr\/wp-json\/wp\/v2\/media?parent=30378"}],"curies":[{"name":"wp","href":"https:\/\/api.w.org\/{rel}","templated":true}]}}