{"id":30560,"date":"2023-01-18T13:57:01","date_gmt":"2023-01-18T12:57:01","guid":{"rendered":"https:\/\/fortezzabellinzona.ch\/decouvrir-la-murata\/"},"modified":"2023-04-04T13:19:06","modified_gmt":"2023-04-04T11:19:06","slug":"decouvrir-la-murata","status":"publish","type":"page","link":"https:\/\/fortezzabellinzona.ch\/fr\/decouvrir-la-murata\/","title":{"rendered":"D\u00e9couvrir La Murata"},"content":{"rendered":"<div class=\"wpb-content-wrapper\"><p>[vc_row dfd_row_config=\u00a0\u00bbfull_width_content\u00a0\u00bb css=\u00a0\u00bb.vc_custom_1677668219603{background-image: url(https:\/\/fortezzabellinzona.ch\/wp-content\/uploads\/2022\/10\/fortezza_bellinzona_murata_mobile_new.jpg?id=29101) !important;background-position: center !important;background-repeat: no-repeat !important;background-size: cover !important;}\u00a0\u00bb][vc_column]<div class=\"dfd-spacer-module\"  data-units=\"px\" data-wide_resolution=\"1280\" data-wide_size=\"800\" data-normal_resolution=\"1024\" data-normal_size=\"650\" data-tablet_resolution=\"800\" data-tablet_size=\"650\" data-mobile_resolution=\"480\" data-mobile_size=\"400\" style=\"height: 800px;\"><\/div>[\/vc_column][\/vc_row][vc_row el_class=\u00a0\u00bbscoprireinterno\u00a0\u00bb][vc_column css=\u00a0\u00bb.vc_custom_1679557447445{padding-top: 25px !important;padding-right: 25px !important;padding-left: 25px !important;}\u00a0\u00bb col_shadow=\u00a0\u00bbbox_shadow_enable:disable|shadow_horizontal:0|shadow_vertical:15|shadow_blur:50|shadow_spread:0|box_shadow_color:rgba(0%2C0%2C0%2C.35)\u00a0\u00bb col_shadow_hover=\u00a0\u00bbbox_shadow_enable:disable|shadow_horizontal:0|shadow_vertical:15|shadow_blur:50|shadow_spread:0|box_shadow_color:rgba(0%2C0%2C0%2C.35)\u00a0\u00bb][vc_column_text]<a href=\"https:\/\/fortezzabellinzona.ch\/fr\/decouvrir\/\">\u2190 D\u00c9COUVRIR<\/a>[\/vc_column_text][\/vc_column][\/vc_row][vc_row el_class=\u00a0\u00bbscoprireinterno\u00a0\u00bb css=\u00a0\u00bb.vc_custom_1677666026051{padding-top: 80px !important;}\u00a0\u00bb][vc_column col_shadow=\u00a0\u00bbbox_shadow_enable:disable|shadow_horizontal:0|shadow_vertical:15|shadow_blur:50|shadow_spread:0|box_shadow_color:rgba(0%2C0%2C0%2C.35)\u00a0\u00bb col_shadow_hover=\u00a0\u00bbbox_shadow_enable:disable|shadow_horizontal:0|shadow_vertical:15|shadow_blur:50|shadow_spread:0|box_shadow_color:rgba(0%2C0%2C0%2C.35)\u00a0\u00bb css=\u00a0\u00bb.vc_custom_1674046115722{padding-right: 25px !important;padding-left: 25px !important;}\u00a0\u00bb]<div class=\"dfd-heading-shortcode\"><div class=\"dfd-heading-module-wrap  text-left style_01 dfd-heading-69dedbc4f249d dfd-disable-resposive-headings\" id=\"dfd-heading-69dedbc4f249d\" ><div class=\"inline-block\"><div class=\"dfd-heading-module\"><h1 class=\"widget-title dfd-title \" style=\"\">La Muraille<\/h1><\/div><\/div><\/div><script type=\"text\/javascript\">\r\n\t\t\t\t\t\t\t\t\t(function($) {\r\n\t\t\t\t\t\t\t\t\t\t$(\"head\").append(\"<style>.dfd-heading-69dedbc4f249d .dfd-heading-module .widget-title {margin-bottom:25px;}.dfd-heading-69dedbc4f249d.dfd-heading-module-wrap .dfd-heading-module .dfd-heading-delimiter {margin-top:10px;margin-bottom:10px;}@media (max-width: 799px){.dfd-heading-69dedbc4f249d .dfd-title{font-size: 32px !important;letter-spacing: 0px !important;line-height: 38px !important;}}<\/style>\");\r\n\t\t\t\t\t\t\t\t\t})(jQuery);\r\n\t\t\t\t\t\t\t\t<\/script><\/div>[\/vc_column][\/vc_row][vc_row el_class=\u00a0\u00bbscoprireinterno\u00a0\u00bb][vc_column width=\u00a0\u00bb2\/3&Prime; dfd_column_responsive_enable=\u00a0\u00bbdfd-column-responsive-enable\u00a0\u00bb css=\u00a0\u00bb.vc_custom_1677666933115{padding-right: 25px !important;padding-left: 25px !important;}\u00a0\u00bb col_shadow=\u00a0\u00bbbox_shadow_enable:disable|shadow_horizontal:0|shadow_vertical:15|shadow_blur:50|shadow_spread:0|box_shadow_color:rgba(0%2C0%2C0%2C.35)\u00a0\u00bb col_shadow_hover=\u00a0\u00bbbox_shadow_enable:disable|shadow_horizontal:0|shadow_vertical:15|shadow_blur:50|shadow_spread:0|box_shadow_color:rgba(0%2C0%2C0%2C.35)\u00a0\u00bb responsive_styles=\u00a0\u00bbpadding_bottom_mobile:50&Prime;][vc_column_text]Reli\u00e9e \u00e0 la partie occidentale de Castel Grande, la Muraille barrait enti\u00e8rement la vall\u00e9e du Tessin, et permettait ainsi au duch\u00e9 de Milan de contr\u00f4ler de nombreux cols alpins.<\/p>\n<p>Bien que les origines de cette puissante muraille ne soient pas pr\u00e9cis\u00e9ment document\u00e9es, il est probable qu&rsquo;un premier mur ait \u00e9t\u00e9 \u00e9rig\u00e9 au lendemain de la conqu\u00eate du ch\u00e2teau de Bellinzona par les Visconti en 1340. Mais ce n&rsquo;est que dans les ann\u00e9es 1580, c&rsquo;est-\u00e0-dire \u00e0 l&rsquo;\u00e9poque des Sforza, que la Muraille fut consid\u00e9rablement renforc\u00e9e et agrandie en raison des vis\u00e9es expansionnistes grandissantes des Conf\u00e9d\u00e9r\u00e9s. La construction d&rsquo;un second mur permit de doubler le complexe et d&rsquo;obtenir ainsi les deux passages que l&rsquo;on peut encore admirer aujourd&rsquo;hui : l&rsquo;un couvert, mesurant environ 4 m\u00e8tres de haut, et l&rsquo;autre, sous la forme d&rsquo;un chemin de ronde ext\u00e9rieur, couronn\u00e9 de merlons et dot\u00e9 de m\u00e2chicoulis.<\/p>\n<p>La Muraille, avec sa grande porte, repr\u00e9sentait non seulement une structure d\u00e9fensive et d&rsquo;observation du territoire, mais aussi un lieu important pour le contr\u00f4le des marchandises en transit vers Bellinzone et vers d&rsquo;autres foires r\u00e9gionales. Au XVe si\u00e8cle, la Muraille avait son propre ch\u00e2telain, qui veillait &#8211; sans toujours r\u00e9ussir &#8211; \u00e0 ce que les murs ne soient pas franchis \u00e0 des fins de guerre ou de contrebande.<\/p>\n<p>En 1489, sur ordre du duc Ludovic Sforza, un pont &#8211; \u00e9galement appel\u00e9 Ponte della Torretta &#8211; fut \u00e9galement construit pour renforcer la protection de la vall\u00e9e, depuis Castel Grande jusqu&rsquo;\u00e0 la rive droite du Tessin. Cet imposant syst\u00e8me fortifi\u00e9 &#8211; d&rsquo;une longueur d&rsquo;environ 800 m\u00e8tres &#8211; a \u00e9t\u00e9 gravement endommag\u00e9 par la crue du fleuve Ticino en mai 1515 &#8211; \u00e9galement connue sous le nom de \u00ab\u00a0buzza di Biasca\u00a0\u00bb &#8211; qui d\u00e9truisit le pont et une partie de la Muraille sur environ 150 m\u00e8tres.[\/vc_column_text][\/vc_column][vc_column width=\u00a0\u00bb1\/3&Prime; css=\u00a0\u00bb.vc_custom_1677666938424{padding-right: 25px !important;padding-left: 25px !important;}\u00a0\u00bb col_shadow=\u00a0\u00bbbox_shadow_enable:disable|shadow_horizontal:0|shadow_vertical:15|shadow_blur:50|shadow_spread:0|box_shadow_color:rgba(0%2C0%2C0%2C.35)\u00a0\u00bb col_shadow_hover=\u00a0\u00bbbox_shadow_enable:disable|shadow_horizontal:0|shadow_vertical:15|shadow_blur:50|shadow_spread:0|box_shadow_color:rgba(0%2C0%2C0%2C.35)\u00a0\u00bb][\/vc_column][\/vc_row][vc_row anchor=\u00a0\u00bbristorazione\u00a0\u00bb][vc_column]<div class=\"dfd-spacer-module\"  data-units=\"px\" data-wide_resolution=\"1280\" data-wide_size=\"200\" data-normal_resolution=\"1024\" data-normal_size=\"150\" data-tablet_resolution=\"800\" data-tablet_size=\"150\" data-mobile_resolution=\"480\" data-mobile_size=\"100\" style=\"height: 200px;\"><\/div>[\/vc_column][\/vc_row]<\/p>\n<\/div>","protected":false},"excerpt":{"rendered":"<p>[vc_row dfd_row_config=\u00a0\u00bbfull_width_content\u00a0\u00bb css=\u00a0\u00bb.vc_custom_1677668219603{background-image: url(https:\/\/fortezzabellinzona.ch\/wp-content\/uploads\/2022\/10\/fortezza_bellinzona_murata_mobile_new.jpg?id=29101) !important;background-position: center !important;background-repeat: no-repeat !important;background-size: cover !important;}\u00a0\u00bb][vc_column][\/vc_column][\/vc_row][vc_row el_class=\u00a0\u00bbscoprireinterno\u00a0\u00bb][vc_column css=\u00a0\u00bb.vc_custom_1679557447445{padding-top: 25px !important;padding-right: 25px !important;padding-left: 25px !important;}\u00a0\u00bb col_shadow=\u00a0\u00bbbox_shadow_enable:disable|shadow_horizontal:0|shadow_vertical:15|shadow_blur:50|shadow_spread:0|box_shadow_color:rgba(0%2C0%2C0%2C.35)\u00a0\u00bb col_shadow_hover=\u00a0\u00bbbox_shadow_enable:disable|shadow_horizontal:0|shadow_vertical:15|shadow_blur:50|shadow_spread:0|box_shadow_color:rgba(0%2C0%2C0%2C.35)\u00a0\u00bb][vc_column_text]\u2190 D\u00c9COUVRIR[\/vc_column_text][\/vc_column][\/vc_row][vc_row el_class=\u00a0\u00bbscoprireinterno\u00a0\u00bb css=\u00a0\u00bb.vc_custom_1677666026051{padding-top: 80px !important;}\u00a0\u00bb][vc_column col_shadow=\u00a0\u00bbbox_shadow_enable:disable|shadow_horizontal:0|shadow_vertical:15|shadow_blur:50|shadow_spread:0|box_shadow_color:rgba(0%2C0%2C0%2C.35)\u00a0\u00bb col_shadow_hover=\u00a0\u00bbbox_shadow_enable:disable|shadow_horizontal:0|shadow_vertical:15|shadow_blur:50|shadow_spread:0|box_shadow_color:rgba(0%2C0%2C0%2C.35)\u00a0\u00bb css=\u00a0\u00bb.vc_custom_1674046115722{padding-right: 25px<\/p>\n","protected":false},"author":1,"featured_media":0,"parent":0,"menu_order":0,"comment_status":"closed","ping_status":"closed","template":"page-custom.php","meta":{"inline_featured_image":false,"footnotes":""},"class_list":["post-30560","page","type-page","status-publish","hentry"],"aioseo_notices":[],"_links":{"self":[{"href":"https:\/\/fortezzabellinzona.ch\/fr\/wp-json\/wp\/v2\/pages\/30560","targetHints":{"allow":["GET"]}}],"collection":[{"href":"https:\/\/fortezzabellinzona.ch\/fr\/wp-json\/wp\/v2\/pages"}],"about":[{"href":"https:\/\/fortezzabellinzona.ch\/fr\/wp-json\/wp\/v2\/types\/page"}],"author":[{"embeddable":true,"href":"https:\/\/fortezzabellinzona.ch\/fr\/wp-json\/wp\/v2\/users\/1"}],"replies":[{"embeddable":true,"href":"https:\/\/fortezzabellinzona.ch\/fr\/wp-json\/wp\/v2\/comments?post=30560"}],"version-history":[{"count":4,"href":"https:\/\/fortezzabellinzona.ch\/fr\/wp-json\/wp\/v2\/pages\/30560\/revisions"}],"predecessor-version":[{"id":30880,"href":"https:\/\/fortezzabellinzona.ch\/fr\/wp-json\/wp\/v2\/pages\/30560\/revisions\/30880"}],"wp:attachment":[{"href":"https:\/\/fortezzabellinzona.ch\/fr\/wp-json\/wp\/v2\/media?parent=30560"}],"curies":[{"name":"wp","href":"https:\/\/api.w.org\/{rel}","templated":true}]}}