{"id":30572,"date":"2022-10-27T08:15:55","date_gmt":"2022-10-27T06:15:55","guid":{"rendered":"https:\/\/fortezzabellinzona.ch\/contacts\/"},"modified":"2026-05-03T18:34:45","modified_gmt":"2026-05-03T16:34:45","slug":"contacts","status":"publish","type":"page","link":"https:\/\/fortezzabellinzona.ch\/fr\/contacts\/","title":{"rendered":"CONTACTS"},"content":{"rendered":"<div class=\"wpb-content-wrapper\"><p>[vc_row force_equal_height_columns=\u00a0\u00bbmain_row\u00a0\u00bb align_content_vertically=\u00a0\u00bb\u00a0\u00bb mobile_destroy_equal_heights_resolution=\u00a0\u00bb799&Prime; dfd_row_config=\u00a0\u00bbfull_width_content\u00a0\u00bb mobile_destroy_equal_heights=\u00a0\u00bbyes\u00a0\u00bb][vc_column width=\u00a0\u00bb1\/3&Prime; css=\u00a0\u00bb.vc_custom_1674124767157{background-color: rgba(184,181,162,0.15) !important;*background-color: rgb(184,181,162) !important;}\u00a0\u00bb col_shadow=\u00a0\u00bbbox_shadow_enable:disable|shadow_horizontal:0|shadow_vertical:15|shadow_blur:50|shadow_spread:0|box_shadow_color:rgba(0%2C0%2C0%2C.35)\u00a0\u00bb col_shadow_hover=\u00a0\u00bbbox_shadow_enable:disable|shadow_horizontal:0|shadow_vertical:15|shadow_blur:50|shadow_spread:0|box_shadow_color:rgba(0%2C0%2C0%2C.35)\u00a0\u00bb el_class=\u00a0\u00bbfootermarronechiaro\u00a0\u00bb]<div class=\"dfd-info-banner style-01  delimiter-hidden  text-left\" ><div class=\"image-cover \"><img loading=\"lazy\" decoding=\"async\" src=\"https:\/\/fortezzabellinzona.ch\/wp-content\/uploads\/2022\/10\/fortezza_bellinzona_logo_footer.svg\" alt=\"Fortezza Bellinzona\"  width=\"180\" height=\"350\" class=\"info-banner-image \" \/><\/div><\/div><div class=\"dfd-spacer-module\"  data-units=\"px\" data-wide_resolution=\"1280\" data-wide_size=\"25\" data-normal_resolution=\"1024\" data-normal_size=\"25\" data-tablet_resolution=\"800\" data-tablet_size=\"25\" data-mobile_resolution=\"480\" data-mobile_size=\"25\" style=\"height: 25px;\"><\/div>[vc_column_text css=\u00a0\u00bb\u00a0\u00bb]<\/p>\n<h6><span style=\"color: #a70000;\"><strong>CONTACTS<\/strong><\/span><br \/>\n<strong>Fortezza di Bellinzona<br \/>\n<\/strong>6500 Bellinzona, Suisse<br \/>\n<a href=\"mailto:info@fortezzabellinzona.ch\">info@fortezzabellinzona.ch<\/a><\/h6>\n<h6><strong>Bellinzona e Valli Tourisme<\/strong><br \/>\nTel: +41 (0)91 825 21 31<\/h6>\n<p>[\/vc_column_text]<div class=\"dfd-spacer-module\"  data-units=\"px\" data-wide_resolution=\"1280\" data-wide_size=\"25\" data-normal_resolution=\"1024\" data-normal_size=\"25\" data-tablet_resolution=\"800\" data-tablet_size=\"25\" data-mobile_resolution=\"480\" data-mobile_size=\"25\" style=\"height: 25px;\"><\/div>[vc_column_text css=\u00a0\u00bb\u00a0\u00bb]<\/p>\n<h6><span style=\"color: #a70000;\"><strong>HEURES DE FORTERESSE<\/strong><\/span><br \/>\n<strong>Du 28 mars au 8 novembre 2026<\/strong><br \/>\n10.00 \u2013 18.00 | <em>Derni\u00e8re entr\u00e9e \u00e0 17.30<br \/>\n<\/em>Castel Grande, les Ch\u00e2teaux de Montebello et de Sasso Corbaro<\/h6>\n<h6><strong>Du 9 novembre au 18 mars 2027<\/strong><br \/>\n10.30 \u2013 16.00 | D<em>erni\u00e8re entr\u00e9e \u00e0 <\/em><em>15.30<\/em><strong><br \/>\n<\/strong>Pendant cette p\u00e9riode, seul le Castel Grande reste ouvert.<br \/>\nLes cours int\u00e9rieures et ext\u00e9rieures des ch\u00e2teaux de Montebello et de Sasso Cobaro restent accessibles au public.<\/h6>\n<p>[\/vc_column_text][\/vc_column][vc_column width=\u00a0\u00bb2\/3&Prime; css=\u00a0\u00bb.vc_custom_1674121857277{background-color: #b8b5a2 !important;}\u00a0\u00bb col_shadow=\u00a0\u00bbbox_shadow_enable:disable|shadow_horizontal:0|shadow_vertical:15|shadow_blur:50|shadow_spread:0|box_shadow_color:rgba(0%2C0%2C0%2C.35)\u00a0\u00bb col_shadow_hover=\u00a0\u00bbbox_shadow_enable:disable|shadow_horizontal:0|shadow_vertical:15|shadow_blur:50|shadow_spread:0|box_shadow_color:rgba(0%2C0%2C0%2C.35)\u00a0\u00bb el_class=\u00a0\u00bbfootermarrone\u00a0\u00bb][dfd_masonry_container layout_style=\u00a0\u00bbfitRows\u00a0\u00bb columns_number_wide=\u00a0\u00bb4&Prime; columns_number_medium=\u00a0\u00bb4&Prime; title_font_options=\u00a0\u00bbtag:h5&Prime; el_class=\u00a0\u00bbfooterfiletto\u00a0\u00bb][dfd_masonry_item][vc_column_text css=\u00a0\u00bb\u00a0\u00bb]<\/p>\n<h6 style=\"text-align: left;\"><strong><a href=\"https:\/\/fortezzabellinzona.ch\/fr\/visiter\/\">VISITER<\/a><\/strong><\/h6>\n<h6 style=\"text-align: left;\"><strong><a href=\"https:\/\/fortezzabellinzona.ch\/fr\/expositions-activites\/\">EXPOSITIONS &amp; ACTIVIT\u00c9S<\/a><\/strong><\/h6>\n<h6 style=\"text-align: left;\"><strong><a href=\"https:\/\/fortezzabellinzona.ch\/fr\/evenements\/\">\u00c9V\u00c8NEMENTS<\/a><\/strong><\/h6>\n<h6 style=\"text-align: left;\"><strong><a href=\"https:\/\/fortezzabellinzona.ch\/fr\/decouvrir\/\">D\u00c9COUVRIR<\/a><\/strong><\/h6>\n<p>[\/vc_column_text]<div class=\"dfd-spacer-module\"  data-units=\"px\" data-wide_resolution=\"1346\" data-wide_size=\"0\" data-normal_resolution=\"1024\" data-normal_size=\"25\" data-tablet_resolution=\"800\" data-tablet_size=\"25\" data-mobile_resolution=\"480\" data-mobile_size=\"25\" style=\"height: 0px;\"><\/div>[\/dfd_masonry_item][dfd_masonry_item el_class=\u00a0\u00bbfootermenu\u00a0\u00bb][vc_column_text css=\u00a0\u00bb\u00a0\u00bb]<\/p>\n<h6><strong>SOCIAL<\/strong><\/h6>\n<p>[\/vc_column_text]<div id=\"dfd-soc-icon-6a04af7cc9024-1428\" class=\"dfd-new-soc-icon text-left style-11   \" ><div class=\"soc-icon-container clearfix\"><a href=\"https:\/\/www.instagram.com\/fortezzabellinzona\/\"  target=\"_blank\"  class=\"soc_icon-instagram\"><i class=\"soc_icon-instagram\"><\/i><\/a><a href=\"https:\/\/www.facebook.com\/fortezzabellinzona\"  target=\"_blank\"  class=\"soc_icon-facebook\"><i class=\"soc_icon-facebook\"><\/i><\/a><a href=\"http:\/\/linkedin.com\/company\/la-fortezza-di-bellinzona\/\"  target=\"_blank\"  class=\"soc_icon-linkedin\"><i class=\"soc_icon-linkedin\"><\/i><\/a><\/div><\/div><script type=\"text\/javascript\">\r\n\t\t\t\t\t\t\t(function($) {\r\n\t\t\t\t\t\t\t\t$(\"head\").append(\"<style>#dfd-soc-icon-6a04af7cc9024-1428.dfd-new-soc-icon.style-12 a:after {background: #000000;}#dfd-soc-icon-6a04af7cc9024-1428.dfd-new-soc-icon.style-2 a:hover {color: #ffffff;}#dfd-soc-icon-6a04af7cc9024-1428.dfd-new-soc-icon.style-5 a:hover {color: #ffffff;}#dfd-soc-icon-6a04af7cc9024-1428.dfd-new-soc-icon.style-12 a:hover {color: #ffffff;}#dfd-soc-icon-6a04af7cc9024-1428.dfd-new-soc-icon.style-12 a:hover:after {background: #ffffff;}#dfd-soc-icon-6a04af7cc9024-1428.dfd-new-soc-icon.style-12 a:hover {background: #a71916;}#dfd-soc-icon-6a04af7cc9024-1428.dfd-new-soc-icon a {font-size: 15px; color: #000000; }#dfd-soc-icon-6a04af7cc9024-1428.dfd-new-soc-icon a:before {}#dfd-soc-icon-6a04af7cc9024-1428.dfd-new-soc-icon a i {color: #ffffff; background: #a71916; }#dfd-soc-icon-6a04af7cc9024-1428.style-11 .soc-icon-container {border-width: 1px;}#dfd-soc-icon-6a04af7cc9024-1428.style-11 .soc-icon-container {border-color: #000000;}<\/style>\");\r\n\t\t\t\t\t\t\t})(jQuery);\r\n\t\t\t\t\t\t<\/script><div class=\"dfd-spacer-module\"  data-units=\"px\" data-wide_resolution=\"1346\" data-wide_size=\"0\" data-normal_resolution=\"1024\" data-normal_size=\"25\" data-tablet_resolution=\"800\" data-tablet_size=\"25\" data-mobile_resolution=\"480\" data-mobile_size=\"25\" style=\"height: 0px;\"><\/div>[\/dfd_masonry_item][dfd_masonry_item][vc_column_text css=\u00a0\u00bb\u00a0\u00bb]<\/p>\n<h6 style=\"text-align: left;\"><strong>MEMBRE DE<\/strong><br \/>\n<a href=\"https:\/\/www.dieschweizerschloesser.ch\/fr\" target=\"_blank\" rel=\"noopener\">Associazione i Castelli Svizzeri<\/a><br \/>\n<a href=\"https:\/\/ourheritage.ch\/article\/world-heritage-experience-switzerland-whes\" target=\"_blank\" rel=\"noopener\">World Heritage Experience Switzerland<\/a><\/h6>\n<p>[\/vc_column_text]<div class=\"dfd-spacer-module\"  data-units=\"px\" data-wide_resolution=\"1346\" data-wide_size=\"0\" data-normal_resolution=\"1024\" data-normal_size=\"25\" data-tablet_resolution=\"800\" data-tablet_size=\"25\" data-mobile_resolution=\"480\" data-mobile_size=\"25\" style=\"height: 0px;\"><\/div>[\/dfd_masonry_item][dfd_masonry_item][vc_column_text css=\u00a0\u00bb\u00a0\u00bb]<\/p>\n<h6 style=\"text-align: left;\"><strong><a href=\"https:\/\/fortezzabellinzona.ch\/fr\/press-room\/\">SALLE DE PRESSE<\/a><\/strong><\/h6>\n<p>[\/vc_column_text][\/dfd_masonry_item][\/dfd_masonry_container]<div class=\"dfd-spacer-module\"  data-units=\"px\" data-wide_resolution=\"1280\" data-wide_size=\"50\" data-normal_resolution=\"1024\" data-normal_size=\"50\" data-tablet_resolution=\"800\" data-tablet_size=\"50\" data-mobile_resolution=\"480\" data-mobile_size=\"50\" style=\"height: 50px;\"><\/div>[dfd_masonry_container layout_style=\u00a0\u00bbfitRows\u00a0\u00bb columns_number_wide=\u00a0\u00bb4&Prime; columns_number_medium=\u00a0\u00bb4&Prime; title_font_options=\u00a0\u00bbtag:h5&Prime;][dfd_masonry_item][vc_column_text]<\/p>\n<h6>Partner AG Culture<\/h6>\n<p>[\/vc_column_text][vc_single_image image=\u00a0\u00bb34065&Prime; img_size=\u00a0\u00bb120&#215;120&Prime; img_link_target=\u00a0\u00bb_blank\u00a0\u00bb onclick=\u00a0\u00bbcustom_link\u00a0\u00bb link=\u00a0\u00bbhttps:\/\/www.agculturel.ch\/fr\u00a0\u00bb]<div class=\"dfd-spacer-module\"  data-units=\"px\" data-wide_resolution=\"1346\" data-wide_size=\"0\" data-normal_resolution=\"1024\" data-normal_size=\"25\" data-tablet_resolution=\"800\" data-tablet_size=\"25\" data-mobile_resolution=\"480\" data-mobile_size=\"25\" style=\"height: 0px;\"><\/div>[\/dfd_masonry_item][dfd_masonry_item][vc_column_text]<\/p>\n<h6>Nous sommes Swisstainable<\/h6>\n<p>[\/vc_column_text][vc_single_image image=\u00a0\u00bb31253&Prime; img_size=\u00a0\u00bb100&#215;100&Prime; img_link_target=\u00a0\u00bb_blank\u00a0\u00bb onclick=\u00a0\u00bbcustom_link\u00a0\u00bb link=\u00a0\u00bbhttps:\/\/www.myswitzerland.com\/fr-ch\/planification\/vie-pratique\/la-suisse-durable-par-nature\/\u00a0\u00bb]<div class=\"dfd-spacer-module\"  data-units=\"px\" data-wide_resolution=\"1346\" data-wide_size=\"0\" data-normal_resolution=\"1024\" data-normal_size=\"25\" data-tablet_resolution=\"800\" data-tablet_size=\"25\" data-mobile_resolution=\"480\" data-mobile_size=\"25\" style=\"height: 0px;\"><\/div>[\/dfd_masonry_item][dfd_masonry_item]<div class=\"dfd-spacer-module\"  data-units=\"px\" data-wide_resolution=\"1280\" data-wide_size=\"25\" data-normal_resolution=\"1024\" data-normal_size=\"25\" data-tablet_resolution=\"800\" data-tablet_size=\"25\" data-mobile_resolution=\"480\" data-mobile_size=\"25\" style=\"height: 25px;\"><\/div><div class=\"dfd-spacer-module\"  data-units=\"px\" data-wide_resolution=\"1280\" data-wide_size=\"10\" data-normal_resolution=\"1024\" data-normal_size=\"10\" data-tablet_resolution=\"800\" data-tablet_size=\"10\" data-mobile_resolution=\"480\" data-mobile_size=\"10\" style=\"height: 10px;\"><\/div><div class=\"dfd-spacer-module\"  data-units=\"px\" data-wide_resolution=\"1346\" data-wide_size=\"0\" data-normal_resolution=\"1024\" data-normal_size=\"25\" data-tablet_resolution=\"800\" data-tablet_size=\"25\" data-mobile_resolution=\"480\" data-mobile_size=\"25\" style=\"height: 0px;\"><\/div>[\/dfd_masonry_item][dfd_masonry_item]<div class=\"dfd-spacer-module\"  data-units=\"px\" data-wide_resolution=\"1280\" data-wide_size=\"10\" data-normal_resolution=\"1024\" data-normal_size=\"10\" data-tablet_resolution=\"800\" data-tablet_size=\"10\" data-mobile_resolution=\"480\" data-mobile_size=\"10\" style=\"height: 10px;\"><\/div><div class=\"dfd-spacer-module\"  data-units=\"px\" data-wide_resolution=\"1346\" data-wide_size=\"0\" data-normal_resolution=\"1024\" data-normal_size=\"25\" data-tablet_resolution=\"800\" data-tablet_size=\"25\" data-mobile_resolution=\"480\" data-mobile_size=\"25\" style=\"height: 0px;\"><\/div>[\/dfd_masonry_item][\/dfd_masonry_container][\/vc_column][\/vc_row][vc_row dfd_row_config=\u00a0\u00bbfull_width_content\u00a0\u00bb el_class=\u00a0\u00bbfooterbianco\u00a0\u00bb][vc_column col_shadow=\u00a0\u00bbbox_shadow_enable:disable|shadow_horizontal:0|shadow_vertical:15|shadow_blur:50|shadow_spread:0|box_shadow_color:rgba(0%2C0%2C0%2C.35)\u00a0\u00bb col_shadow_hover=\u00a0\u00bbbox_shadow_enable:disable|shadow_horizontal:0|shadow_vertical:15|shadow_blur:50|shadow_spread:0|box_shadow_color:rgba(0%2C0%2C0%2C.35)\u00a0\u00bb]<div class=\"dfd-heading-shortcode\"><div class=\"dfd-heading-module-wrap  text-center style_01 dfd-heading-6a04af7cc91bf dfd-disable-resposive-headings\" id=\"dfd-heading-6a04af7cc91bf\" ><div class=\"inline-block\"><div class=\"dfd-heading-module\"><h6 class=\"widget-title dfd-title \" style=\"\">\u00a9 Fortezza Bellinzona<\/h6><\/div><\/div><\/div><script type=\"text\/javascript\">\r\n\t\t\t\t\t\t\t\t\t(function($) {\r\n\t\t\t\t\t\t\t\t\t\t$(\"head\").append(\"<style>.dfd-heading-6a04af7cc91bf.dfd-heading-module-wrap .dfd-heading-module .dfd-heading-delimiter {margin-top:10px;margin-bottom:10px;}@media only screen and (max-width: 799px) {.dfd-heading-6a04af7cc91bf {text-align: left;}}<\/style>\");\r\n\t\t\t\t\t\t\t\t\t})(jQuery);\r\n\t\t\t\t\t\t\t\t<\/script><\/div>[\/vc_column][\/vc_row]<\/p>\n<\/div>","protected":false},"excerpt":{"rendered":"<p>[vc_row force_equal_height_columns=\u00a0\u00bbmain_row\u00a0\u00bb align_content_vertically=\u00a0\u00bb\u00a0\u00bb mobile_destroy_equal_heights_resolution=\u00a0\u00bb799&Prime; dfd_row_config=\u00a0\u00bbfull_width_content\u00a0\u00bb mobile_destroy_equal_heights=\u00a0\u00bbyes\u00a0\u00bb][vc_column width=\u00a0\u00bb1\/3&Prime; css=\u00a0\u00bb.vc_custom_1674124767157{background-color: rgba(184,181,162,0.15) !important;*background-color: rgb(184,181,162) !important;}\u00a0\u00bb col_shadow=\u00a0\u00bbbox_shadow_enable:disable|shadow_horizontal:0|shadow_vertical:15|shadow_blur:50|shadow_spread:0|box_shadow_color:rgba(0%2C0%2C0%2C.35)\u00a0\u00bb col_shadow_hover=\u00a0\u00bbbox_shadow_enable:disable|shadow_horizontal:0|shadow_vertical:15|shadow_blur:50|shadow_spread:0|box_shadow_color:rgba(0%2C0%2C0%2C.35)\u00a0\u00bb el_class=\u00a0\u00bbfootermarronechiaro\u00a0\u00bb][vc_column_text css=\u00a0\u00bb\u00a0\u00bb] CONTACTS Fortezza di Bellinzona 6500 Bellinzona, Suisse info@fortezzabellinzona.ch Bellinzona e Valli Tourisme Tel: +41<\/p>\n","protected":false},"author":1,"featured_media":0,"parent":0,"menu_order":0,"comment_status":"closed","ping_status":"closed","template":"page-custom.php","meta":{"inline_featured_image":false,"footnotes":""},"class_list":["post-30572","page","type-page","status-publish","hentry"],"aioseo_notices":[],"_links":{"self":[{"href":"https:\/\/fortezzabellinzona.ch\/fr\/wp-json\/wp\/v2\/pages\/30572","targetHints":{"allow":["GET"]}}],"collection":[{"href":"https:\/\/fortezzabellinzona.ch\/fr\/wp-json\/wp\/v2\/pages"}],"about":[{"href":"https:\/\/fortezzabellinzona.ch\/fr\/wp-json\/wp\/v2\/types\/page"}],"author":[{"embeddable":true,"href":"https:\/\/fortezzabellinzona.ch\/fr\/wp-json\/wp\/v2\/users\/1"}],"replies":[{"embeddable":true,"href":"https:\/\/fortezzabellinzona.ch\/fr\/wp-json\/wp\/v2\/comments?post=30572"}],"version-history":[{"count":35,"href":"https:\/\/fortezzabellinzona.ch\/fr\/wp-json\/wp\/v2\/pages\/30572\/revisions"}],"predecessor-version":[{"id":35279,"href":"https:\/\/fortezzabellinzona.ch\/fr\/wp-json\/wp\/v2\/pages\/30572\/revisions\/35279"}],"wp:attachment":[{"href":"https:\/\/fortezzabellinzona.ch\/fr\/wp-json\/wp\/v2\/media?parent=30572"}],"curies":[{"name":"wp","href":"https:\/\/api.w.org\/{rel}","templated":true}]}}