{"id":31796,"date":"2024-03-05T09:47:08","date_gmt":"2024-03-05T08:47:08","guid":{"rendered":"https:\/\/fortezzabellinzona.ch\/?page_id=31796"},"modified":"2024-03-25T10:58:52","modified_gmt":"2024-03-25T09:58:52","slug":"enquete","status":"publish","type":"page","link":"https:\/\/fortezzabellinzona.ch\/fr\/enquete\/","title":{"rendered":"Enqu\u00eate"},"content":{"rendered":"<div class=\"wpb-content-wrapper\"><p>[vc_row anchor=\u00a0\u00bbpartner\u00a0\u00bb][vc_column]<div class=\"dfd-spacer-module\"  data-units=\"px\" data-wide_resolution=\"1280\" data-wide_size=\"100\" data-normal_resolution=\"1024\" data-normal_size=\"100\" data-tablet_resolution=\"800\" data-tablet_size=\"100\" data-mobile_resolution=\"480\" data-mobile_size=\"100\" style=\"height: 100px;\"><\/div>[\/vc_column][\/vc_row][vc_row css=\u00a0\u00bb.vc_custom_1674034470999{padding-right: 25px !important;padding-left: 25px !important;}\u00a0\u00bb][vc_column width=\u00a0\u00bb1\/6&Prime;][\/vc_column][vc_column width=\u00a0\u00bb2\/3&Prime;]<div class=\"dfd-heading-shortcode\"><div class=\"dfd-heading-module-wrap  text-left style_01 dfd-heading-69e8169059747 dfd-disable-resposive-headings\" id=\"dfd-heading-69e8169059747\" ><div class=\"inline-block\"><div class=\"dfd-heading-module\"><h1 class=\"widget-title dfd-title \" style=\"\">Enqu\u00eate<\/h1><\/div><\/div><\/div><script type=\"text\/javascript\">\r\n\t\t\t\t\t\t\t\t\t(function($) {\r\n\t\t\t\t\t\t\t\t\t\t$(\"head\").append(\"<style>.dfd-heading-69e8169059747.dfd-heading-module-wrap .dfd-heading-module .dfd-heading-delimiter {margin-top:10px;margin-bottom:10px;}@media (max-width: 799px){.dfd-heading-69e8169059747 .dfd-title{font-size: 32px !important;letter-spacing: 0px !important;line-height: 38px !important;}}<\/style>\");\r\n\t\t\t\t\t\t\t\t\t})(jQuery);\r\n\t\t\t\t\t\t\t\t<\/script><\/div>[vc_column_text css=\u00a0\u00bb.vc_custom_1710240443522{padding-top: 15px !important;padding-bottom: 30px !important;}\u00a0\u00bb]<br \/>\n<strong>Votre exp\u00e9rience \u00e0 la Forteresse de Bellinzone compte !<\/strong><\/p>\n<p>Avec une courte enqu\u00eate (environ 3 minutes), vous nous aiderez \u00e0 am\u00e9liorer l\u2019exp\u00e9rience de tous les visiteurs de la forteresse de Bellinzona.<\/p>\n<p><strong>Vos r\u00e9ponses serviront \u00e0 :<\/strong><\/p>\n<ul>\n<li>Am\u00e9liorer la qualit\u00e9 des services offerts<\/li>\n<li>Adapter l\u2019offre aux besoins des visiteurs<\/li>\n<li>Faire de la Forteresse de Bellinzone un lieu encore plus agr\u00e9able \u00e0 visiter<\/li>\n<\/ul>\n<p><strong>Merci pour votre temps et votre aide.<\/strong><br \/>\n[\/vc_column_text]<div id=\"dfd-button-69e8169059805\" class=\"dfd-button-module-wrap dfd-button-69e8169059805\"><div class=\"dfd-button-module  style_5 dfd-button-full-width text-center dfd-horizontal dfd-top-to-bottom dfd-button-icon-left dfd-button-icon-hover-simple\" ><a href=\"https:\/\/fr.surveymonkey.com\/r\/6SY9GXD\" target=\"_blank\" class=\"dfd-button-link\"><span class=\"dfd-button-inner-cover\"><span class=\"dfd-button-text-main\">Parteciper \u00e0 l&apos;enqu\u00eate<\/span><\/span><\/a><\/div><script type=\"text\/javascript\">\r\n\t\t\t\t\t\t\t\t\t(function($) {$(\"head\").append(\"<style>#dfd-button-69e8169059805.dfd-button-module-wrap .dfd-button-module .dfd-button-link .dfd-button-inner-cover .dfd-button-text-main, .dfd-button-69e8169059805.dfd-button-module-wrap .dfd-button-module .dfd-button-link .dfd-button-inner-cover .dfd-button-text-main, .dfd-button-69e8169059805.dfd-button-module-wrap .dfd-button-module .dfd-button-link .dfd-button-inner-cover .dfd-button-text-hover, #dfd-button-69e8169059805.dfd-button-module-wrap .dfd-button-module .dfd-button-link .dfd-button-inner-cover .dfd-button-text-hover {padding-left: 20px;}#dfd-button-69e8169059805.dfd-button-module-wrap .dfd-button-module .dfd-button-link .dfd-button-inner-cover .dfd-button-text-main, .dfd-button-69e8169059805.dfd-button-module-wrap .dfd-button-module .dfd-button-link .dfd-button-inner-cover .dfd-button-text-main, .dfd-button-69e8169059805.dfd-button-module-wrap .dfd-button-module .dfd-button-link .dfd-button-inner-cover .dfd-button-text-hover, #dfd-button-69e8169059805.dfd-button-module-wrap .dfd-button-module .dfd-button-link .dfd-button-inner-cover .dfd-button-text-hover {padding-right: 20px;}#dfd-button-69e8169059805.dfd-button-module-wrap .dfd-button-module .dfd-button-link .dfd-button-inner-cover .dfd-button-text-main,.dfd-button-69e8169059805.dfd-button-module-wrap .dfd-button-module .dfd-button-link .dfd-button-inner-cover .dfd-button-text-main {color: #ffffff}#dfd-button-69e8169059805.dfd-button-module-wrap .dfd-button-module .dfd-button-link .dfd-button-inner-cover,.dfd-button-69e8169059805.dfd-button-module-wrap .dfd-button-module .dfd-button-link .dfd-button-border-decoration,.dfd-button-69e8169059805.dfd-button-module-wrap .dfd-button-module .dfd-button-link .dfd-button-inner-cover {border-radius:2px;}#dfd-button-69e8169059805.dfd-button-module-wrap .dfd-button-module:not(.style_4) .dfd-button-link .dfd-button-inner-cover:before,#dfd-button-69e8169059805.dfd-button-module-wrap .dfd-button-module.style_4 .dfd-button-link .dfd-button-inner-cover:after,#dfd-button-69e8169059805.dfd-button-module-wrap .dfd-button-module.style_6 .dfd-button-link .dfd-button-inner-cover .dfd-button-text-main,.dfd-button-69e8169059805.dfd-button-module-wrap .dfd-button-module:not(.style_4) .dfd-button-link .dfd-button-inner-cover:before,.dfd-button-69e8169059805.dfd-button-module-wrap .dfd-button-module.style_4 .dfd-button-link .dfd-button-inner-cover:after,.dfd-button-69e8169059805.dfd-button-module-wrap .dfd-button-module.style_6 .dfd-button-link .dfd-button-inner-cover .dfd-button-text-main {background: #a71916;border-style:solid;border-width:1px;border-radius:2px;border-color:#1b1b1b;}#dfd-button-69e8169059805.dfd-button-module-wrap .dfd-button-module:not(.style_6) .dfd-button-link:hover .dfd-button-inner-cover .dfd-button-text-main,#dfd-button-69e8169059805.dfd-button-module-wrap .dfd-button-module .dfd-button-link .dfd-button-inner-cover .dfd-button-text-hover,.dfd-button-69e8169059805.dfd-button-module-wrap .dfd-button-module:not(.style_6) .dfd-button-link:hover .dfd-button-inner-cover .dfd-button-text-main,.dfd-button-69e8169059805.dfd-button-module-wrap .dfd-button-module .dfd-button-link .dfd-button-inner-cover .dfd-button-text-hover {color: #ffffff;}#dfd-button-69e8169059805.dfd-button-module-wrap .dfd-button-module .dfd-button-link:hover .dfd-button-inner-cover,.dfd-button-69e8169059805.dfd-button-module-wrap .dfd-button-module .dfd-button-link:hover .dfd-button-border-decoration,.dfd-button-69e8169059805.dfd-button-module-wrap .dfd-button-module .dfd-button-link:hover .dfd-button-inner-cover {border-radius:2px;}#dfd-button-69e8169059805.dfd-button-module-wrap .dfd-button-module:not(.style_4) .dfd-button-link .dfd-button-inner-cover:after,#dfd-button-69e8169059805.dfd-button-module-wrap .dfd-button-module.style_4 .dfd-button-link .dfd-button-inner-cover:before,#dfd-button-69e8169059805.dfd-button-module-wrap .dfd-button-module .dfd-button-link .dfd-button-inner-cover .dfd-button-text-hover .dfd-button-69e8169059805.dfd-button-module-wrap .dfd-button-module:not(.style_4) .dfd-button-link .dfd-button-inner-cover:after,.dfd-button-69e8169059805.dfd-button-module-wrap .dfd-button-module.style_4 .dfd-button-link .dfd-button-inner-cover:before,.dfd-button-69e8169059805.dfd-button-module-wrap .dfd-button-module .dfd-button-link .dfd-button-inner-cover .dfd-button-text-hover {background: #c39f76;border-style:solid;border-width:1px;border-radius:2px;border-color:#c39f76;}#dfd-button-69e8169059805.dfd-button-module-wrap .dfd-button-module.style_3 .dfd-button-link:hover .dfd-button-inner-cover:before,#dfd-button-69e8169059805.dfd-button-module-wrap .dfd-button-module.style_4 .dfd-button-link:hover .dfd-button-inner-cover:before,.dfd-button-69e8169059805.dfd-button-module-wrap .dfd-button-module.style_3 .dfd-button-link:hover .dfd-button-inner-cover:before,.dfd-button-69e8169059805.dfd-button-module-wrap .dfd-button-module.style_4 .dfd-button-link:hover .dfd-button-inner-cover:before {border-style:solid;border-width:1px;border-radius:2px;border-color:#c39f76;}<\/style>\")\r\n\t\t\t\t\t\t\t\t\t})(jQuery);\r\n\t\t\t\t\t\t\t\t<\/script><\/div><div class=\"dfd-spacer-module\"  data-units=\"px\" data-wide_resolution=\"1280\" data-wide_size=\"100\" data-normal_resolution=\"1024\" data-normal_size=\"100\" data-tablet_resolution=\"800\" data-tablet_size=\"100\" data-mobile_resolution=\"480\" data-mobile_size=\"100\" style=\"height: 100px;\"><\/div>[vc_single_image image=\u00a0\u00bb31920&Prime; img_size=\u00a0\u00bbfull\u00a0\u00bb][\/vc_column][vc_column width=\u00a0\u00bb1\/6&Prime;][\/vc_column][\/vc_row][vc_row anchor=\u00a0\u00bbpartner\u00a0\u00bb][vc_column]<div class=\"dfd-spacer-module\"  data-units=\"px\" data-wide_resolution=\"1280\" data-wide_size=\"100\" data-normal_resolution=\"1024\" data-normal_size=\"100\" data-tablet_resolution=\"800\" data-tablet_size=\"100\" data-mobile_resolution=\"480\" data-mobile_size=\"100\" style=\"height: 100px;\"><\/div>[\/vc_column][\/vc_row]<\/p>\n<\/div>","protected":false},"excerpt":{"rendered":"<p>[vc_row anchor=\u00a0\u00bbpartner\u00a0\u00bb][vc_column][\/vc_column][\/vc_row][vc_row css=\u00a0\u00bb.vc_custom_1674034470999{padding-right: 25px !important;padding-left: 25px !important;}\u00a0\u00bb][vc_column width=\u00a0\u00bb1\/6&Prime;][\/vc_column][vc_column width=\u00a0\u00bb2\/3&Prime;][vc_column_text css=\u00a0\u00bb.vc_custom_1710240443522{padding-top: 15px !important;padding-bottom: 30px !important;}\u00a0\u00bb] Votre exp\u00e9rience \u00e0 la Forteresse de Bellinzone compte ! Avec une courte enqu\u00eate (environ 3 minutes),<\/p>\n","protected":false},"author":4,"featured_media":0,"parent":0,"menu_order":0,"comment_status":"closed","ping_status":"closed","template":"page-custom.php","meta":{"inline_featured_image":false,"footnotes":""},"class_list":["post-31796","page","type-page","status-publish","hentry"],"aioseo_notices":[],"_links":{"self":[{"href":"https:\/\/fortezzabellinzona.ch\/fr\/wp-json\/wp\/v2\/pages\/31796","targetHints":{"allow":["GET"]}}],"collection":[{"href":"https:\/\/fortezzabellinzona.ch\/fr\/wp-json\/wp\/v2\/pages"}],"about":[{"href":"https:\/\/fortezzabellinzona.ch\/fr\/wp-json\/wp\/v2\/types\/page"}],"author":[{"embeddable":true,"href":"https:\/\/fortezzabellinzona.ch\/fr\/wp-json\/wp\/v2\/users\/4"}],"replies":[{"embeddable":true,"href":"https:\/\/fortezzabellinzona.ch\/fr\/wp-json\/wp\/v2\/comments?post=31796"}],"version-history":[{"count":27,"href":"https:\/\/fortezzabellinzona.ch\/fr\/wp-json\/wp\/v2\/pages\/31796\/revisions"}],"predecessor-version":[{"id":32130,"href":"https:\/\/fortezzabellinzona.ch\/fr\/wp-json\/wp\/v2\/pages\/31796\/revisions\/32130"}],"wp:attachment":[{"href":"https:\/\/fortezzabellinzona.ch\/fr\/wp-json\/wp\/v2\/media?parent=31796"}],"curies":[{"name":"wp","href":"https:\/\/api.w.org\/{rel}","templated":true}]}}